{"id":45705,"date":"2025-06-27T20:25:55","date_gmt":"2025-06-27T18:25:55","guid":{"rendered":"https:\/\/cmm.imgw.pl\/?page_id=45705"},"modified":"2026-01-15T08:46:07","modified_gmt":"2026-01-15T07:46:07","slug":"imgw-pib-lmm-monitorowanie-warunkow-opadowych-wskazniki","status":"publish","type":"page","link":"https:\/\/cmm.imgw.pl\/?page_id=45705","title":{"rendered":"IMGW-PIB LMM: Monitorowanie warunk\u00f3w opadowych &#8211; Wskazniki"},"content":{"rendered":"","protected":true},"excerpt":{"rendered":"","protected":true},"author":11,"featured_media":0,"parent":0,"menu_order":0,"comment_status":"closed","ping_status":"closed","template":"","meta":{"ocean_post_layout":"","ocean_both_sidebars_style":"","ocean_both_sidebars_content_width":0,"ocean_both_sidebars_sidebars_width":0,"ocean_sidebar":"0","ocean_second_sidebar":"0","ocean_disable_margins":"enable","ocean_add_body_class":"","ocean_shortcode_before_top_bar":"","ocean_shortcode_after_top_bar":"","ocean_shortcode_before_header":"","ocean_shortcode_after_header":"","ocean_has_shortcode":"","ocean_shortcode_after_title":"","ocean_shortcode_before_footer_widgets":"","ocean_shortcode_after_footer_widgets":"","ocean_shortcode_before_footer_bottom":"","ocean_shortcode_after_footer_bottom":"","ocean_display_top_bar":"default","ocean_display_header":"default","ocean_header_style":"","ocean_center_header_left_menu":"0","ocean_custom_header_template":"0","ocean_custom_logo":0,"ocean_custom_retina_logo":0,"ocean_custom_logo_max_width":0,"ocean_custom_logo_tablet_max_width":0,"ocean_custom_logo_mobile_max_width":0,"ocean_custom_logo_max_height":0,"ocean_custom_logo_tablet_max_height":0,"ocean_custom_logo_mobile_max_height":0,"ocean_header_custom_menu":"0","ocean_menu_typo_font_family":"0","ocean_menu_typo_font_subset":"","ocean_menu_typo_font_size":0,"ocean_menu_typo_font_size_tablet":0,"ocean_menu_typo_font_size_mobile":0,"ocean_menu_typo_font_size_unit":"px","ocean_menu_typo_font_weight":"","ocean_menu_typo_font_weight_tablet":"","ocean_menu_typo_font_weight_mobile":"","ocean_menu_typo_transform":"","ocean_menu_typo_transform_tablet":"","ocean_menu_typo_transform_mobile":"","ocean_menu_typo_line_height":0,"ocean_menu_typo_line_height_tablet":0,"ocean_menu_typo_line_height_mobile":0,"ocean_menu_typo_line_height_unit":"","ocean_menu_typo_spacing":0,"ocean_menu_typo_spacing_tablet":0,"ocean_menu_typo_spacing_mobile":0,"ocean_menu_typo_spacing_unit":"","ocean_menu_link_color":"","ocean_menu_link_color_hover":"","ocean_menu_link_color_active":"","ocean_menu_link_background":"","ocean_menu_link_hover_background":"","ocean_menu_link_active_background":"","ocean_menu_social_links_bg":"","ocean_menu_social_hover_links_bg":"","ocean_menu_social_links_color":"","ocean_menu_social_hover_links_color":"","ocean_disable_title":"default","ocean_disable_heading":"default","ocean_post_title":"","ocean_post_subheading":"","ocean_post_title_style":"","ocean_post_title_background_color":"","ocean_post_title_background":0,"ocean_post_title_bg_image_position":"","ocean_post_title_bg_image_attachment":"","ocean_post_title_bg_image_repeat":"","ocean_post_title_bg_image_size":"","ocean_post_title_height":0,"ocean_post_title_bg_overlay":0.5,"ocean_post_title_bg_overlay_color":"","ocean_disable_breadcrumbs":"default","ocean_breadcrumbs_color":"","ocean_breadcrumbs_separator_color":"","ocean_breadcrumbs_links_color":"","ocean_breadcrumbs_links_hover_color":"","ocean_display_footer_widgets":"default","ocean_display_footer_bottom":"default","ocean_custom_footer_template":"0"},"yoast_head":"<!-- This site is optimized with the Yoast SEO plugin v19.5.1 - https:\/\/yoast.com\/wordpress\/plugins\/seo\/ -->\n<title>IMGW-PIB LMM: Monitorowanie warunk\u00f3w opadowych - Wskazniki - Laboratorium Modelowania Meteorologicznego CMOK IMGW-PIB<\/title>\n<meta name=\"description\" content=\"Monitoring warunk\u00f3w opadowych jest niezwykle wa\u017cnym zagadnieniem z racji bie\u017c\u0105cego funkcjonowania ekosystemu i cz\u0142owieka oraz w perspektywie adaptacji do zachodz\u0105cych \u015brodowiskowych zmian. Konsekwencje zar\u00f3wno przed\u0142u\u017caj\u0105cych si\u0119 okres\u00f3w bezopadowych, jak i tych z wyst\u0119powaniem intensywnych opad\u00f3w mog\u0105 si\u0119 bowiem okaza\u0107 dotkliwe w skutkach. Utrzymuj\u0105cy si\u0119 niedob\u00f3r opad\u00f3w oddzia\u0142uje m.in. na zasoby w\u00f3d powierzchniowych i podziemnych, ekosystemy, bior\u00f3\u017cnorodno\u015b\u0107, rolnictwo i przemys\u0142, a finalnie r\u00f3wnie\u017c na zdrowie ludzi.\" \/>\n<meta name=\"robots\" content=\"index, follow, max-snippet:-1, max-image-preview:large, max-video-preview:-1\" \/>\n<link rel=\"canonical\" href=\"https:\/\/cmm.imgw.pl\/?page_id=45705\" \/>\n<meta property=\"og:locale\" content=\"pl_PL\" \/>\n<meta property=\"og:type\" content=\"article\" \/>\n<meta property=\"og:title\" content=\"IMGW-PIB CMM: Monitorowanie warunk\u00f3w opadowych\" \/>\n<meta property=\"og:description\" content=\"Monitoring warunk\u00f3w opadowych jest niezwykle wa\u017cnym zagadnieniem z racji bie\u017c\u0105cego funkcjonowania ekosystemu i cz\u0142owieka oraz w perspektywie adaptacji do zachodz\u0105cych \u015brodowiskowych zmian. Konsekwencje zar\u00f3wno przed\u0142u\u017caj\u0105cych si\u0119 okres\u00f3w bezopadowych, jak i tych z wyst\u0119powaniem intensywnych opad\u00f3w mog\u0105 si\u0119 bowiem okaza\u0107 dotkliwe w skutkach. Utrzymuj\u0105cy si\u0119 niedob\u00f3r opad\u00f3w oddzia\u0142uje m.in. na zasoby w\u00f3d powierzchniowych i podziemnych, ekosystemy, bior\u00f3\u017cnorodno\u015b\u0107, rolnictwo i przemys\u0142, a finalnie r\u00f3wnie\u017c na zdrowie ludzi.\" \/>\n<meta property=\"og:url\" content=\"https:\/\/cmm.imgw.pl\/?page_id=45705\" \/>\n<meta property=\"og:site_name\" content=\"Laboratorium Modelowania Meteorologicznego CMOK IMGW-PIB\" \/>\n<meta property=\"article:publisher\" content=\"https:\/\/www.facebook.com\/Meteoimgw\/\" \/>\n<meta property=\"article:modified_time\" content=\"2026-01-15T07:46:07+00:00\" \/>\n<meta name=\"twitter:card\" content=\"summary_large_image\" \/>\n<meta name=\"twitter:title\" content=\"IMGW-PIB CMM: Monitorowanie warunk\u00f3w opadowych\" \/>\n<meta name=\"twitter:description\" content=\"Monitoring warunk\u00f3w opadowych jest niezwykle wa\u017cnym zagadnieniem z racji bie\u017c\u0105cego funkcjonowania ekosystemu i cz\u0142owieka oraz w perspektywie adaptacji do zachodz\u0105cych \u015brodowiskowych zmian. Konsekwencje zar\u00f3wno przed\u0142u\u017caj\u0105cych si\u0119 okres\u00f3w bezopadowych, jak i tych z wyst\u0119powaniem intensywnych opad\u00f3w mog\u0105 si\u0119 bowiem okaza\u0107 dotkliwe w skutkach. Utrzymuj\u0105cy si\u0119 niedob\u00f3r opad\u00f3w oddzia\u0142uje m.in. na zasoby w\u00f3d powierzchniowych i podziemnych, ekosystemy, bior\u00f3\u017cnorodno\u015b\u0107, rolnictwo i przemys\u0142, a finalnie r\u00f3wnie\u017c na zdrowie ludzi.\" \/>\n<meta name=\"twitter:site\" content=\"@IMGW_CMM\" \/>\n<script type=\"application\/ld+json\" class=\"yoast-schema-graph\">{\"@context\":\"https:\/\/schema.org\",\"@graph\":[{\"@type\":\"WebPage\",\"@id\":\"https:\/\/cmm.imgw.pl\/?page_id=45705\",\"url\":\"https:\/\/cmm.imgw.pl\/?page_id=45705\",\"name\":\"IMGW-PIB LMM: Monitorowanie warunk\u00f3w opadowych - Wskazniki - Laboratorium Modelowania Meteorologicznego CMOK IMGW-PIB\",\"isPartOf\":{\"@id\":\"https:\/\/cmm.imgw.pl\/#website\"},\"datePublished\":\"2025-06-27T18:25:55+00:00\",\"dateModified\":\"2026-01-15T07:46:07+00:00\",\"breadcrumb\":{\"@id\":\"https:\/\/cmm.imgw.pl\/?page_id=45705#breadcrumb\"},\"inLanguage\":\"pl-PL\"},{\"@type\":\"WebSite\",\"@id\":\"https:\/\/cmm.imgw.pl\/#website\",\"url\":\"https:\/\/cmm.imgw.pl\/\",\"name\":\"Laboratorium Modelowania Meteorologicznego CMOK IMGW-PIB\",\"description\":\"CMOK-LMM Laboratorium pe\u0142ni pa\u0144stwow\u0105 s\u0142u\u017cb\u0119 hydrologiczno-meteorologiczn\u0105 w zakresie numerycznych prognoz pogody, kt\u00f3rego zadaniem jest konsolidacja kompetencji w obszarze modelowania zjawisk pogodowych oraz dalszego rozwoju numerycznych modeli pogody (NMP).\",\"publisher\":{\"@id\":\"https:\/\/cmm.imgw.pl\/#organization\"},\"potentialAction\":[{\"@type\":\"SearchAction\",\"target\":{\"@type\":\"EntryPoint\",\"urlTemplate\":\"https:\/\/cmm.imgw.pl\/?s={search_term_string}\"},\"query-input\":\"required name=search_term_string\"}],\"inLanguage\":\"pl-PL\"},{\"@type\":\"Organization\",\"@id\":\"https:\/\/cmm.imgw.pl\/#organization\",\"name\":\"Laboratorium Modelowania Meteorologicznego CMOK IMGW-PIB\",\"url\":\"https:\/\/cmm.imgw.pl\/\",\"sameAs\":[\"https:\/\/www.facebook.com\/Meteoimgw\/\",\"https:\/\/twitter.com\/IMGW_CMM\"],\"logo\":{\"@type\":\"ImageObject\",\"inLanguage\":\"pl-PL\",\"@id\":\"https:\/\/cmm.imgw.pl\/#\/schema\/logo\/image\/\",\"url\":\"https:\/\/cmm.imgw.pl\/wp-content\/uploads\/2025\/10\/MODELE_LOGO_UNIFIKACJA_v2.png\",\"contentUrl\":\"https:\/\/cmm.imgw.pl\/wp-content\/uploads\/2025\/10\/MODELE_LOGO_UNIFIKACJA_v2.png\",\"width\":1356,\"height\":365,\"caption\":\"Laboratorium Modelowania Meteorologicznego CMOK IMGW-PIB\"},\"image\":{\"@id\":\"https:\/\/cmm.imgw.pl\/#\/schema\/logo\/image\/\"}}]}<\/script>\n<!-- \/ Yoast SEO plugin. -->","yoast_head_json":{"title":"IMGW-PIB LMM: Monitorowanie warunk\u00f3w opadowych - Wskazniki - Laboratorium Modelowania Meteorologicznego CMOK IMGW-PIB","description":"Monitoring warunk\u00f3w opadowych jest niezwykle wa\u017cnym zagadnieniem z racji bie\u017c\u0105cego funkcjonowania ekosystemu i cz\u0142owieka oraz w perspektywie adaptacji do zachodz\u0105cych \u015brodowiskowych zmian. Konsekwencje zar\u00f3wno przed\u0142u\u017caj\u0105cych si\u0119 okres\u00f3w bezopadowych, jak i tych z wyst\u0119powaniem intensywnych opad\u00f3w mog\u0105 si\u0119 bowiem okaza\u0107 dotkliwe w skutkach. Utrzymuj\u0105cy si\u0119 niedob\u00f3r opad\u00f3w oddzia\u0142uje m.in. na zasoby w\u00f3d powierzchniowych i podziemnych, ekosystemy, bior\u00f3\u017cnorodno\u015b\u0107, rolnictwo i przemys\u0142, a finalnie r\u00f3wnie\u017c na zdrowie ludzi.","robots":{"index":"index","follow":"follow","max-snippet":"max-snippet:-1","max-image-preview":"max-image-preview:large","max-video-preview":"max-video-preview:-1"},"canonical":"https:\/\/cmm.imgw.pl\/?page_id=45705","og_locale":"pl_PL","og_type":"article","og_title":"IMGW-PIB CMM: Monitorowanie warunk\u00f3w opadowych","og_description":"Monitoring warunk\u00f3w opadowych jest niezwykle wa\u017cnym zagadnieniem z racji bie\u017c\u0105cego funkcjonowania ekosystemu i cz\u0142owieka oraz w perspektywie adaptacji do zachodz\u0105cych \u015brodowiskowych zmian. Konsekwencje zar\u00f3wno przed\u0142u\u017caj\u0105cych si\u0119 okres\u00f3w bezopadowych, jak i tych z wyst\u0119powaniem intensywnych opad\u00f3w mog\u0105 si\u0119 bowiem okaza\u0107 dotkliwe w skutkach. Utrzymuj\u0105cy si\u0119 niedob\u00f3r opad\u00f3w oddzia\u0142uje m.in. na zasoby w\u00f3d powierzchniowych i podziemnych, ekosystemy, bior\u00f3\u017cnorodno\u015b\u0107, rolnictwo i przemys\u0142, a finalnie r\u00f3wnie\u017c na zdrowie ludzi.","og_url":"https:\/\/cmm.imgw.pl\/?page_id=45705","og_site_name":"Laboratorium Modelowania Meteorologicznego CMOK IMGW-PIB","article_publisher":"https:\/\/www.facebook.com\/Meteoimgw\/","article_modified_time":"2026-01-15T07:46:07+00:00","twitter_card":"summary_large_image","twitter_title":"IMGW-PIB CMM: Monitorowanie warunk\u00f3w opadowych","twitter_description":"Monitoring warunk\u00f3w opadowych jest niezwykle wa\u017cnym zagadnieniem z racji bie\u017c\u0105cego funkcjonowania ekosystemu i cz\u0142owieka oraz w perspektywie adaptacji do zachodz\u0105cych \u015brodowiskowych zmian. Konsekwencje zar\u00f3wno przed\u0142u\u017caj\u0105cych si\u0119 okres\u00f3w bezopadowych, jak i tych z wyst\u0119powaniem intensywnych opad\u00f3w mog\u0105 si\u0119 bowiem okaza\u0107 dotkliwe w skutkach. Utrzymuj\u0105cy si\u0119 niedob\u00f3r opad\u00f3w oddzia\u0142uje m.in. na zasoby w\u00f3d powierzchniowych i podziemnych, ekosystemy, bior\u00f3\u017cnorodno\u015b\u0107, rolnictwo i przemys\u0142, a finalnie r\u00f3wnie\u017c na zdrowie ludzi.","twitter_site":"@IMGW_CMM","schema":{"@context":"https:\/\/schema.org","@graph":[{"@type":"WebPage","@id":"https:\/\/cmm.imgw.pl\/?page_id=45705","url":"https:\/\/cmm.imgw.pl\/?page_id=45705","name":"IMGW-PIB LMM: Monitorowanie warunk\u00f3w opadowych - Wskazniki - Laboratorium Modelowania Meteorologicznego CMOK IMGW-PIB","isPartOf":{"@id":"https:\/\/cmm.imgw.pl\/#website"},"datePublished":"2025-06-27T18:25:55+00:00","dateModified":"2026-01-15T07:46:07+00:00","breadcrumb":{"@id":"https:\/\/cmm.imgw.pl\/?page_id=45705#breadcrumb"},"inLanguage":"pl-PL"},{"@type":"WebSite","@id":"https:\/\/cmm.imgw.pl\/#website","url":"https:\/\/cmm.imgw.pl\/","name":"Laboratorium Modelowania Meteorologicznego CMOK IMGW-PIB","description":"CMOK-LMM Laboratorium pe\u0142ni pa\u0144stwow\u0105 s\u0142u\u017cb\u0119 hydrologiczno-meteorologiczn\u0105 w zakresie numerycznych prognoz pogody, kt\u00f3rego zadaniem jest konsolidacja kompetencji w obszarze modelowania zjawisk pogodowych oraz dalszego rozwoju numerycznych modeli pogody (NMP).","publisher":{"@id":"https:\/\/cmm.imgw.pl\/#organization"},"potentialAction":[{"@type":"SearchAction","target":{"@type":"EntryPoint","urlTemplate":"https:\/\/cmm.imgw.pl\/?s={search_term_string}"},"query-input":"required name=search_term_string"}],"inLanguage":"pl-PL"},{"@type":"Organization","@id":"https:\/\/cmm.imgw.pl\/#organization","name":"Laboratorium Modelowania Meteorologicznego CMOK IMGW-PIB","url":"https:\/\/cmm.imgw.pl\/","sameAs":["https:\/\/www.facebook.com\/Meteoimgw\/","https:\/\/twitter.com\/IMGW_CMM"],"logo":{"@type":"ImageObject","inLanguage":"pl-PL","@id":"https:\/\/cmm.imgw.pl\/#\/schema\/logo\/image\/","url":"https:\/\/cmm.imgw.pl\/wp-content\/uploads\/2025\/10\/MODELE_LOGO_UNIFIKACJA_v2.png","contentUrl":"https:\/\/cmm.imgw.pl\/wp-content\/uploads\/2025\/10\/MODELE_LOGO_UNIFIKACJA_v2.png","width":1356,"height":365,"caption":"Laboratorium Modelowania Meteorologicznego CMOK IMGW-PIB"},"image":{"@id":"https:\/\/cmm.imgw.pl\/#\/schema\/logo\/image\/"}}]}},"_links":{"self":[{"href":"https:\/\/cmm.imgw.pl\/index.php?rest_route=\/wp\/v2\/pages\/45705"}],"collection":[{"href":"https:\/\/cmm.imgw.pl\/index.php?rest_route=\/wp\/v2\/pages"}],"about":[{"href":"https:\/\/cmm.imgw.pl\/index.php?rest_route=\/wp\/v2\/types\/page"}],"author":[{"embeddable":true,"href":"https:\/\/cmm.imgw.pl\/index.php?rest_route=\/wp\/v2\/users\/11"}],"replies":[{"embeddable":true,"href":"https:\/\/cmm.imgw.pl\/index.php?rest_route=%2Fwp%2Fv2%2Fcomments&post=45705"}],"version-history":[{"count":18,"href":"https:\/\/cmm.imgw.pl\/index.php?rest_route=\/wp\/v2\/pages\/45705\/revisions"}],"predecessor-version":[{"id":49007,"href":"https:\/\/cmm.imgw.pl\/index.php?rest_route=\/wp\/v2\/pages\/45705\/revisions\/49007"}],"wp:attachment":[{"href":"https:\/\/cmm.imgw.pl\/index.php?rest_route=%2Fwp%2Fv2%2Fmedia&parent=45705"}],"curies":[{"name":"wp","href":"https:\/\/api.w.org\/{rel}","templated":true}]}}