{"id":44875,"date":"2025-03-27T16:07:17","date_gmt":"2025-03-27T15:07:17","guid":{"rendered":"https:\/\/cmm.imgw.pl\/?page_id=44875"},"modified":"2025-03-27T16:10:11","modified_gmt":"2025-03-27T15:10:11","slug":"zagrozenia-pozarowe-dev","status":"publish","type":"page","link":"https:\/\/cmm.imgw.pl\/?page_id=44875","title":{"rendered":"ZAGRO\u017bENIA PO\u017bAROWE &#8211; dev"},"content":{"rendered":"","protected":true},"excerpt":{"rendered":"","protected":true},"author":1,"featured_media":32141,"parent":0,"menu_order":0,"comment_status":"closed","ping_status":"closed","template":"elementor_header_footer","meta":{"ocean_post_layout":"","ocean_both_sidebars_style":"","ocean_both_sidebars_content_width":0,"ocean_both_sidebars_sidebars_width":0,"ocean_sidebar":"0","ocean_second_sidebar":"0","ocean_disable_margins":"enable","ocean_add_body_class":"","ocean_shortcode_before_top_bar":"","ocean_shortcode_after_top_bar":"","ocean_shortcode_before_header":"","ocean_shortcode_after_header":"","ocean_has_shortcode":"","ocean_shortcode_after_title":"","ocean_shortcode_before_footer_widgets":"","ocean_shortcode_after_footer_widgets":"","ocean_shortcode_before_footer_bottom":"","ocean_shortcode_after_footer_bottom":"","ocean_display_top_bar":"off","ocean_display_header":"off","ocean_header_style":"custom","ocean_center_header_left_menu":"0","ocean_custom_header_template":"2993","ocean_custom_logo":0,"ocean_custom_retina_logo":0,"ocean_custom_logo_max_width":0,"ocean_custom_logo_tablet_max_width":0,"ocean_custom_logo_mobile_max_width":0,"ocean_custom_logo_max_height":0,"ocean_custom_logo_tablet_max_height":0,"ocean_custom_logo_mobile_max_height":0,"ocean_header_custom_menu":"0","ocean_menu_typo_font_family":"0","ocean_menu_typo_font_subset":"","ocean_menu_typo_font_size":0,"ocean_menu_typo_font_size_tablet":0,"ocean_menu_typo_font_size_mobile":0,"ocean_menu_typo_font_size_unit":"px","ocean_menu_typo_font_weight":"","ocean_menu_typo_font_weight_tablet":"","ocean_menu_typo_font_weight_mobile":"","ocean_menu_typo_transform":"","ocean_menu_typo_transform_tablet":"","ocean_menu_typo_transform_mobile":"","ocean_menu_typo_line_height":0,"ocean_menu_typo_line_height_tablet":0,"ocean_menu_typo_line_height_mobile":0,"ocean_menu_typo_line_height_unit":"","ocean_menu_typo_spacing":0,"ocean_menu_typo_spacing_tablet":0,"ocean_menu_typo_spacing_mobile":0,"ocean_menu_typo_spacing_unit":"","ocean_menu_link_color":"","ocean_menu_link_color_hover":"","ocean_menu_link_color_active":"","ocean_menu_link_background":"","ocean_menu_link_hover_background":"","ocean_menu_link_active_background":"","ocean_menu_social_links_bg":"","ocean_menu_social_hover_links_bg":"","ocean_menu_social_links_color":"","ocean_menu_social_hover_links_color":"","ocean_disable_title":"default","ocean_disable_heading":"default","ocean_post_title":"","ocean_post_subheading":"","ocean_post_title_style":"","ocean_post_title_background_color":"","ocean_post_title_background":0,"ocean_post_title_bg_image_position":"","ocean_post_title_bg_image_attachment":"","ocean_post_title_bg_image_repeat":"","ocean_post_title_bg_image_size":"","ocean_post_title_height":0,"ocean_post_title_bg_overlay":0.5,"ocean_post_title_bg_overlay_color":"","ocean_disable_breadcrumbs":"default","ocean_breadcrumbs_color":"","ocean_breadcrumbs_separator_color":"","ocean_breadcrumbs_links_color":"","ocean_breadcrumbs_links_hover_color":"","ocean_display_footer_widgets":"default","ocean_display_footer_bottom":"default","ocean_custom_footer_template":"0"},"yoast_head":"<!-- This site is optimized with the Yoast SEO plugin v19.5.1 - https:\/\/yoast.com\/wordpress\/plugins\/seo\/ -->\n<title>ZAGRO\u017bENIA PO\u017bAROWE - dev - Laboratorium Modelowania Meteorologicznego CMOK IMGW-PIB<\/title>\n<meta name=\"description\" content=\"W stycznia 2021 roku IMGW-PIB udost\u0119pni\u0142 testowy system prognozowania zagro\u017cenia po\u017carowego dedykowany terenom le\u015bnym. Prognozy wykonywane s\u0105 dla ca\u0142ej Polski na siatce o rozdzielczo\u015bci przestrzennej 2.5 x 2.5 km. Zagro\u017cenie po\u017carowe prognozowane jest raz dziennie na godzin\u0119 12 UTC z wyprzedzeniem czasowym wynosz\u0105cym 24 i 48 godzin. Jest to pierwszy w Polsce system prognozowania zagro\u017cenia po\u017carowego lasu w wysokiej rozdzielczo\u015bci przestrzennej z tak d\u0142ugim horyzontem czasowym.\" \/>\n<meta name=\"robots\" content=\"index, follow, max-snippet:-1, max-image-preview:large, max-video-preview:-1\" \/>\n<link rel=\"canonical\" href=\"https:\/\/cmm.imgw.pl\/?page_id=44875\" \/>\n<meta property=\"og:locale\" content=\"pl_PL\" \/>\n<meta property=\"og:type\" content=\"article\" \/>\n<meta property=\"og:title\" content=\"Wysokorozdzielczy system prognozowania zagro\u017cenia po\u017carowego lasu\" \/>\n<meta property=\"og:description\" content=\"W stycznia 2021 roku IMGW-PIB udost\u0119pni\u0142 testowy system prognozowania zagro\u017cenia po\u017carowego dedykowany terenom le\u015bnym. Prognozy wykonywane s\u0105 dla ca\u0142ej Polski na siatce o rozdzielczo\u015bci przestrzennej 2.5 x 2.5 km. Zagro\u017cenie po\u017carowe prognozowane jest raz dziennie na godzin\u0119 12 UTC z wyprzedzeniem czasowym wynosz\u0105cym 24 i 48 godzin. Jest to pierwszy w Polsce system prognozowania zagro\u017cenia po\u017carowego lasu w wysokiej rozdzielczo\u015bci przestrzennej z tak d\u0142ugim horyzontem czasowym.\" \/>\n<meta property=\"og:url\" content=\"https:\/\/cmm.imgw.pl\/?page_id=44875\" \/>\n<meta property=\"og:site_name\" content=\"Laboratorium Modelowania Meteorologicznego CMOK IMGW-PIB\" \/>\n<meta property=\"article:publisher\" content=\"https:\/\/www.facebook.com\/Meteoimgw\/\" \/>\n<meta property=\"article:modified_time\" content=\"2025-03-27T15:10:11+00:00\" \/>\n<meta name=\"twitter:card\" content=\"summary_large_image\" \/>\n<meta name=\"twitter:title\" content=\"Wysokorozdzielczy system prognozowania zagro\u017cenia po\u017carowego lasu\" \/>\n<meta name=\"twitter:description\" content=\"W stycznia 2021 roku IMGW-PIB udost\u0119pni\u0142 testowy system prognozowania zagro\u017cenia po\u017carowego dedykowany terenom le\u015bnym. Prognozy wykonywane s\u0105 dla ca\u0142ej Polski na siatce o rozdzielczo\u015bci przestrzennej 2.5 x 2.5 km. Zagro\u017cenie po\u017carowe prognozowane jest raz dziennie na godzin\u0119 12 UTC z wyprzedzeniem czasowym wynosz\u0105cym 24 i 48 godzin. Jest to pierwszy w Polsce system prognozowania zagro\u017cenia po\u017carowego lasu w wysokiej rozdzielczo\u015bci przestrzennej z tak d\u0142ugim horyzontem czasowym.\" \/>\n<meta name=\"twitter:site\" content=\"@IMGW_CMM\" \/>\n<meta name=\"twitter:label1\" content=\"Szacowany czas czytania\" \/>\n\t<meta name=\"twitter:data1\" content=\"1 minuta\" \/>\n<script type=\"application\/ld+json\" class=\"yoast-schema-graph\">{\"@context\":\"https:\/\/schema.org\",\"@graph\":[{\"@type\":\"WebPage\",\"@id\":\"https:\/\/cmm.imgw.pl\/?page_id=44875\",\"url\":\"https:\/\/cmm.imgw.pl\/?page_id=44875\",\"name\":\"ZAGRO\u017bENIA PO\u017bAROWE - dev - Laboratorium Modelowania Meteorologicznego CMOK IMGW-PIB\",\"isPartOf\":{\"@id\":\"https:\/\/cmm.imgw.pl\/#website\"},\"datePublished\":\"2025-03-27T15:07:17+00:00\",\"dateModified\":\"2025-03-27T15:10:11+00:00\",\"breadcrumb\":{\"@id\":\"https:\/\/cmm.imgw.pl\/?page_id=44875#breadcrumb\"},\"inLanguage\":\"pl-PL\"},{\"@type\":\"WebSite\",\"@id\":\"https:\/\/cmm.imgw.pl\/#website\",\"url\":\"https:\/\/cmm.imgw.pl\/\",\"name\":\"Laboratorium Modelowania Meteorologicznego CMOK IMGW-PIB\",\"description\":\"CMOK-LMM Laboratorium pe\u0142ni pa\u0144stwow\u0105 s\u0142u\u017cb\u0119 hydrologiczno-meteorologiczn\u0105 w zakresie numerycznych prognoz pogody, kt\u00f3rego zadaniem jest konsolidacja kompetencji w obszarze modelowania zjawisk pogodowych oraz dalszego rozwoju numerycznych modeli pogody (NMP).\",\"publisher\":{\"@id\":\"https:\/\/cmm.imgw.pl\/#organization\"},\"potentialAction\":[{\"@type\":\"SearchAction\",\"target\":{\"@type\":\"EntryPoint\",\"urlTemplate\":\"https:\/\/cmm.imgw.pl\/?s={search_term_string}\"},\"query-input\":\"required name=search_term_string\"}],\"inLanguage\":\"pl-PL\"},{\"@type\":\"Organization\",\"@id\":\"https:\/\/cmm.imgw.pl\/#organization\",\"name\":\"Laboratorium Modelowania Meteorologicznego CMOK IMGW-PIB\",\"url\":\"https:\/\/cmm.imgw.pl\/\",\"sameAs\":[\"https:\/\/www.facebook.com\/Meteoimgw\/\",\"https:\/\/twitter.com\/IMGW_CMM\"],\"logo\":{\"@type\":\"ImageObject\",\"inLanguage\":\"pl-PL\",\"@id\":\"https:\/\/cmm.imgw.pl\/#\/schema\/logo\/image\/\",\"url\":\"https:\/\/cmm.imgw.pl\/wp-content\/uploads\/2025\/10\/MODELE_LOGO_UNIFIKACJA_v2.png\",\"contentUrl\":\"https:\/\/cmm.imgw.pl\/wp-content\/uploads\/2025\/10\/MODELE_LOGO_UNIFIKACJA_v2.png\",\"width\":1356,\"height\":365,\"caption\":\"Laboratorium Modelowania Meteorologicznego CMOK IMGW-PIB\"},\"image\":{\"@id\":\"https:\/\/cmm.imgw.pl\/#\/schema\/logo\/image\/\"}}]}<\/script>\n<!-- \/ Yoast SEO plugin. -->","yoast_head_json":{"title":"ZAGRO\u017bENIA PO\u017bAROWE - dev - Laboratorium Modelowania Meteorologicznego CMOK IMGW-PIB","description":"W stycznia 2021 roku IMGW-PIB udost\u0119pni\u0142 testowy system prognozowania zagro\u017cenia po\u017carowego dedykowany terenom le\u015bnym. Prognozy wykonywane s\u0105 dla ca\u0142ej Polski na siatce o rozdzielczo\u015bci przestrzennej 2.5 x 2.5 km. Zagro\u017cenie po\u017carowe prognozowane jest raz dziennie na godzin\u0119 12 UTC z wyprzedzeniem czasowym wynosz\u0105cym 24 i 48 godzin. Jest to pierwszy w Polsce system prognozowania zagro\u017cenia po\u017carowego lasu w wysokiej rozdzielczo\u015bci przestrzennej z tak d\u0142ugim horyzontem czasowym.","robots":{"index":"index","follow":"follow","max-snippet":"max-snippet:-1","max-image-preview":"max-image-preview:large","max-video-preview":"max-video-preview:-1"},"canonical":"https:\/\/cmm.imgw.pl\/?page_id=44875","og_locale":"pl_PL","og_type":"article","og_title":"Wysokorozdzielczy system prognozowania zagro\u017cenia po\u017carowego lasu","og_description":"W stycznia 2021 roku IMGW-PIB udost\u0119pni\u0142 testowy system prognozowania zagro\u017cenia po\u017carowego dedykowany terenom le\u015bnym. Prognozy wykonywane s\u0105 dla ca\u0142ej Polski na siatce o rozdzielczo\u015bci przestrzennej 2.5 x 2.5 km. Zagro\u017cenie po\u017carowe prognozowane jest raz dziennie na godzin\u0119 12 UTC z wyprzedzeniem czasowym wynosz\u0105cym 24 i 48 godzin. Jest to pierwszy w Polsce system prognozowania zagro\u017cenia po\u017carowego lasu w wysokiej rozdzielczo\u015bci przestrzennej z tak d\u0142ugim horyzontem czasowym.","og_url":"https:\/\/cmm.imgw.pl\/?page_id=44875","og_site_name":"Laboratorium Modelowania Meteorologicznego CMOK IMGW-PIB","article_publisher":"https:\/\/www.facebook.com\/Meteoimgw\/","article_modified_time":"2025-03-27T15:10:11+00:00","twitter_card":"summary_large_image","twitter_title":"Wysokorozdzielczy system prognozowania zagro\u017cenia po\u017carowego lasu","twitter_description":"W stycznia 2021 roku IMGW-PIB udost\u0119pni\u0142 testowy system prognozowania zagro\u017cenia po\u017carowego dedykowany terenom le\u015bnym. Prognozy wykonywane s\u0105 dla ca\u0142ej Polski na siatce o rozdzielczo\u015bci przestrzennej 2.5 x 2.5 km. Zagro\u017cenie po\u017carowe prognozowane jest raz dziennie na godzin\u0119 12 UTC z wyprzedzeniem czasowym wynosz\u0105cym 24 i 48 godzin. Jest to pierwszy w Polsce system prognozowania zagro\u017cenia po\u017carowego lasu w wysokiej rozdzielczo\u015bci przestrzennej z tak d\u0142ugim horyzontem czasowym.","twitter_site":"@IMGW_CMM","twitter_misc":{"Szacowany czas czytania":"1 minuta"},"schema":{"@context":"https:\/\/schema.org","@graph":[{"@type":"WebPage","@id":"https:\/\/cmm.imgw.pl\/?page_id=44875","url":"https:\/\/cmm.imgw.pl\/?page_id=44875","name":"ZAGRO\u017bENIA PO\u017bAROWE - dev - Laboratorium Modelowania Meteorologicznego CMOK IMGW-PIB","isPartOf":{"@id":"https:\/\/cmm.imgw.pl\/#website"},"datePublished":"2025-03-27T15:07:17+00:00","dateModified":"2025-03-27T15:10:11+00:00","breadcrumb":{"@id":"https:\/\/cmm.imgw.pl\/?page_id=44875#breadcrumb"},"inLanguage":"pl-PL"},{"@type":"WebSite","@id":"https:\/\/cmm.imgw.pl\/#website","url":"https:\/\/cmm.imgw.pl\/","name":"Laboratorium Modelowania Meteorologicznego CMOK IMGW-PIB","description":"CMOK-LMM Laboratorium pe\u0142ni pa\u0144stwow\u0105 s\u0142u\u017cb\u0119 hydrologiczno-meteorologiczn\u0105 w zakresie numerycznych prognoz pogody, kt\u00f3rego zadaniem jest konsolidacja kompetencji w obszarze modelowania zjawisk pogodowych oraz dalszego rozwoju numerycznych modeli pogody (NMP).","publisher":{"@id":"https:\/\/cmm.imgw.pl\/#organization"},"potentialAction":[{"@type":"SearchAction","target":{"@type":"EntryPoint","urlTemplate":"https:\/\/cmm.imgw.pl\/?s={search_term_string}"},"query-input":"required name=search_term_string"}],"inLanguage":"pl-PL"},{"@type":"Organization","@id":"https:\/\/cmm.imgw.pl\/#organization","name":"Laboratorium Modelowania Meteorologicznego CMOK IMGW-PIB","url":"https:\/\/cmm.imgw.pl\/","sameAs":["https:\/\/www.facebook.com\/Meteoimgw\/","https:\/\/twitter.com\/IMGW_CMM"],"logo":{"@type":"ImageObject","inLanguage":"pl-PL","@id":"https:\/\/cmm.imgw.pl\/#\/schema\/logo\/image\/","url":"https:\/\/cmm.imgw.pl\/wp-content\/uploads\/2025\/10\/MODELE_LOGO_UNIFIKACJA_v2.png","contentUrl":"https:\/\/cmm.imgw.pl\/wp-content\/uploads\/2025\/10\/MODELE_LOGO_UNIFIKACJA_v2.png","width":1356,"height":365,"caption":"Laboratorium Modelowania Meteorologicznego CMOK IMGW-PIB"},"image":{"@id":"https:\/\/cmm.imgw.pl\/#\/schema\/logo\/image\/"}}]}},"_links":{"self":[{"href":"https:\/\/cmm.imgw.pl\/index.php?rest_route=\/wp\/v2\/pages\/44875"}],"collection":[{"href":"https:\/\/cmm.imgw.pl\/index.php?rest_route=\/wp\/v2\/pages"}],"about":[{"href":"https:\/\/cmm.imgw.pl\/index.php?rest_route=\/wp\/v2\/types\/page"}],"author":[{"embeddable":true,"href":"https:\/\/cmm.imgw.pl\/index.php?rest_route=\/wp\/v2\/users\/1"}],"replies":[{"embeddable":true,"href":"https:\/\/cmm.imgw.pl\/index.php?rest_route=%2Fwp%2Fv2%2Fcomments&post=44875"}],"version-history":[{"count":2,"href":"https:\/\/cmm.imgw.pl\/index.php?rest_route=\/wp\/v2\/pages\/44875\/revisions"}],"predecessor-version":[{"id":44916,"href":"https:\/\/cmm.imgw.pl\/index.php?rest_route=\/wp\/v2\/pages\/44875\/revisions\/44916"}],"wp:featuredmedia":[{"embeddable":true,"href":"https:\/\/cmm.imgw.pl\/index.php?rest_route=\/wp\/v2\/media\/32141"}],"wp:attachment":[{"href":"https:\/\/cmm.imgw.pl\/index.php?rest_route=%2Fwp%2Fv2%2Fmedia&parent=44875"}],"curies":[{"name":"wp","href":"https:\/\/api.w.org\/{rel}","templated":true}]}}