{"id":44396,"date":"2024-12-13T19:00:02","date_gmt":"2024-12-13T18:00:02","guid":{"rendered":"https:\/\/cmm.imgw.pl\/?page_id=44396"},"modified":"2024-12-14T08:02:08","modified_gmt":"2024-12-14T07:02:08","slug":"piekne-chmury-slonce-wiatr-czasem-deszcz-bywa-ze-snieg","status":"publish","type":"page","link":"https:\/\/cmm.imgw.pl\/?page_id=44396","title":{"rendered":"Pi\u0119kne chmury, s\u0142o\u0144ce, wiatr, czasem deszcz; bywa, \u017ce \u015bnieg\u2026"},"content":{"rendered":"\n<figure class=\"wp-block-video\"><video controls poster=\"http:\/\/cmm.imgw.pl\/wp-content\/uploads\/2024\/12\/Obraz1.png\" preload=\"auto\" src=\"\/wp-content\/uploads\/film\/IMGW_6_0-H.264.mp4\" playsinline><\/video><\/figure>\n\n\n<p>\u00a0<\/p>\n<p style=\"text-align: left;\"><span style=\"font-size: 16px; font-family: Arial, Helvetica, sans-serif;\"><strong><em><span style=\"color: #07d9ce;\">Pi\u0119kne chmury, s\u0142o\u0144ce, wiatr, czasem deszcz; bywa, \u017ce \u015bnieg\u2026<\/span><\/em><\/strong><\/span><\/p>\n<p style=\"text-align: justify;\"><span style=\"font-size: 16px; font-family: Arial, Helvetica, sans-serif;\">Tak w bardzo uproszczony spos\u00f3b mo\u017cna opisywa\u0107 pogod\u0119. Natomiast, jak s\u0142usznie zauwa\u017ca redaktor Wiktor Niedzicki w pierwszych kadrach filmu \u2013 meteorologom to nie wystarcza, oni potrzebuj\u0105 \u015bcis\u0142ych danych\u2026<\/span><br \/><span style=\"font-size: 16px; font-family: Arial, Helvetica, sans-serif;\">A wszystko po to by pe\u0142ni\u0107 skuteczn\u0105 os\u0142on\u0119 meteorologiczn\u0105, czyli przewidywa\u0107 wyst\u0119powanie zjawisk i zagro\u017ce\u0144 z wyprzedzeniem oraz odpowiednio informowa\u0107 Odbiorc\u00f3w o lokalizacji ich wyst\u0119powania. <\/span><br \/><span style=\"font-size: 16px; font-family: Arial, Helvetica, sans-serif;\">Wobec du\u017cego zapotrzebowania na prognozy szczeg\u00f3\u0142owe, czyli odnosz\u0105ce si\u0119 do dok\u0142adnego czasu i przestrzeni, a dodatkowo z\u0142o\u017cone z wielu zmiennych czy oceniaj\u0105ce wp\u0142ywy pogody, wsp\u00f3\u0142czesna meteorologia stosowana wykorzystuje numeryczne modele pogody (NWP).<\/span><br \/><span style=\"font-size: 16px; font-family: Arial, Helvetica, sans-serif;\">Modele (NWP) to z\u0142o\u017cone systemy program\u00f3w komputerowych, przeznaczony do symulacji fizyki i dynamiki atmosfery w spos\u00f3b ci\u0105g\u0142y, tj.z uwzgl\u0119dnieniem czasu, przestrzeni oraz zmienno\u015bci stanu warunk\u00f3w pocz\u0105tkowych badanego uk\u0142adu. Aby mog\u0142y dzia\u0142a\u0107 sprawnie potrzebne jest grono specjalist\u00f3w, kt\u00f3rzy dbaj\u0105 o jako\u015b\u0107 wprowadzanych danych, korekty systemu, parametryzacj\u0119 proces\u00f3w zbyt ma\u0142ych do uwzgl\u0119dnienia w og\u00f3lnych r\u00f3wnaniach, transfer wynik\u00f3w, ich weryfikacj\u0119 i finaln\u0105 ich wizualizacj\u0119.<\/span><br \/><span style=\"font-size: 16px; font-family: Arial, Helvetica, sans-serif;\">Modele maj\u0105 odniesienie do wsp\u00f3\u0142rz\u0119dnych geograficznych. Mo\u017cna wi\u0119c wyobrazi\u0107 je sobie jako cyfrowe bli\u017aniaki Ziemi i otaczaj\u0105cej je warstwy atmosfery, gdzie jak w pogodowym laboratorium sprawdza si\u0119 jak dane zjawisko wygl\u0105da\u0107 b\u0119dzie w kolejnych krokach czasowych. Tak w ogromnym uproszczeniu powstaj\u0105 prognozy numeryczne. <\/span><br \/><span style=\"font-size: 16px; font-family: Arial, Helvetica, sans-serif;\">W Centrum Modelowania Meteorologicznego wykorzystujemy kilka r\u00f3\u017cnych modeli. A wyniki modelowych oblicze\u0144 zasilaj\u0105 nie tylko wspomniane wcze\u015bniej prognozy, ale s\u0142u\u017c\u0105 r\u00f3wnie\u017c do zaopatrzenia analiz z wielu dziedzin gospodarki a nawet opracowywanych na potrzeby systemu ochrony zdrowia.<\/span><\/p>\n<p style=\"text-align: justify;\"><strong><span style=\"font-size: 16px; font-family: Arial, Helvetica, sans-serif;\">Sponsorem filmu \u201eNauka w s\u0142u\u017cbie spo\u0142ecze\u0144stwu. Od modelowania pogody po prognozy dla ka\u017cdego\u201d by\u0142 Bank Millennium, kt\u00f3ry wspiera nauk\u0119 i rozw\u00f3j innowacyjnych rozwi\u0105za\u0144.<\/span><\/strong><\/p>\n<p style=\"text-align: justify;\"><span style=\"font-size: 16px; font-family: Arial, Helvetica, sans-serif;\">Lektorzy: Patrycjusz Wy\u017cga, Wiktor Niedzicki<\/span><br \/><span style=\"font-size: 16px; font-family: Arial, Helvetica, sans-serif;\">Muzyka: Przemys\u0142aw Rud\u017a \u201eGiant Leap For Mankind\u201d<\/span><br \/><span style=\"font-size: 16px; font-family: Arial, Helvetica, sans-serif;\">W nagraniu udzia\u0142 wzi\u0119li pracownicy IMGW-PIB (w kolejno\u015bci wyst\u0119powania): Rafa\u0142 Lewandowski, Artur Rutkowski, Mariusz Figurski, Gabriel Stachura, Tomasz Strzy\u017cewski, Natalia Pilguj, Piotr Szuster, Bart\u0142omiej Sobczyk, Adam Jaczewski, Joanna Wieczorek, Grzegorz Duniec.<\/span><\/p>\n<p style=\"text-align: center;\"><span style=\"font-size: 16px;\">&#8212; UDOST\u0118PNIJ &#8212;<\/span><\/p>","protected":false},"excerpt":{"rendered":"<p>\u00a0 Pi\u0119kne chmury, s\u0142o\u0144ce, wiatr, czasem deszcz; bywa, \u017ce \u015bnieg\u2026 Tak w bardzo uproszczony spos\u00f3b mo\u017cna opisywa\u0107 pogod\u0119. Natomiast, jak s\u0142usznie zauwa\u017ca redaktor Wiktor Niedzicki w pierwszych kadrach filmu \u2013 meteorologom to nie wystarcza, oni potrzebuj\u0105 \u015bcis\u0142ych danych\u2026A wszystko po to by pe\u0142ni\u0107 skuteczn\u0105 os\u0142on\u0119 meteorologiczn\u0105, czyli przewidywa\u0107 wyst\u0119powanie zjawisk i zagro\u017ce\u0144 z wyprzedzeniem oraz [&hellip;]<\/p>\n","protected":false},"author":3,"featured_media":0,"parent":0,"menu_order":0,"comment_status":"closed","ping_status":"closed","template":"","meta":{"ocean_post_layout":"","ocean_both_sidebars_style":"","ocean_both_sidebars_content_width":0,"ocean_both_sidebars_sidebars_width":0,"ocean_sidebar":"","ocean_second_sidebar":"","ocean_disable_margins":"enable","ocean_add_body_class":"","ocean_shortcode_before_top_bar":"","ocean_shortcode_after_top_bar":"","ocean_shortcode_before_header":"","ocean_shortcode_after_header":"","ocean_has_shortcode":"","ocean_shortcode_after_title":"","ocean_shortcode_before_footer_widgets":"","ocean_shortcode_after_footer_widgets":"","ocean_shortcode_before_footer_bottom":"","ocean_shortcode_after_footer_bottom":"","ocean_display_top_bar":"default","ocean_display_header":"default","ocean_header_style":"","ocean_center_header_left_menu":"","ocean_custom_header_template":"","ocean_custom_logo":0,"ocean_custom_retina_logo":0,"ocean_custom_logo_max_width":0,"ocean_custom_logo_tablet_max_width":0,"ocean_custom_logo_mobile_max_width":0,"ocean_custom_logo_max_height":0,"ocean_custom_logo_tablet_max_height":0,"ocean_custom_logo_mobile_max_height":0,"ocean_header_custom_menu":"","ocean_menu_typo_font_family":"","ocean_menu_typo_font_subset":"","ocean_menu_typo_font_size":0,"ocean_menu_typo_font_size_tablet":0,"ocean_menu_typo_font_size_mobile":0,"ocean_menu_typo_font_size_unit":"px","ocean_menu_typo_font_weight":"","ocean_menu_typo_font_weight_tablet":"","ocean_menu_typo_font_weight_mobile":"","ocean_menu_typo_transform":"","ocean_menu_typo_transform_tablet":"","ocean_menu_typo_transform_mobile":"","ocean_menu_typo_line_height":0,"ocean_menu_typo_line_height_tablet":0,"ocean_menu_typo_line_height_mobile":0,"ocean_menu_typo_line_height_unit":"","ocean_menu_typo_spacing":0,"ocean_menu_typo_spacing_tablet":0,"ocean_menu_typo_spacing_mobile":0,"ocean_menu_typo_spacing_unit":"","ocean_menu_link_color":"","ocean_menu_link_color_hover":"","ocean_menu_link_color_active":"","ocean_menu_link_background":"","ocean_menu_link_hover_background":"","ocean_menu_link_active_background":"","ocean_menu_social_links_bg":"","ocean_menu_social_hover_links_bg":"","ocean_menu_social_links_color":"","ocean_menu_social_hover_links_color":"","ocean_disable_title":"default","ocean_disable_heading":"default","ocean_post_title":"","ocean_post_subheading":"","ocean_post_title_style":"","ocean_post_title_background_color":"","ocean_post_title_background":0,"ocean_post_title_bg_image_position":"","ocean_post_title_bg_image_attachment":"","ocean_post_title_bg_image_repeat":"","ocean_post_title_bg_image_size":"","ocean_post_title_height":0,"ocean_post_title_bg_overlay":0.5,"ocean_post_title_bg_overlay_color":"","ocean_disable_breadcrumbs":"default","ocean_breadcrumbs_color":"","ocean_breadcrumbs_separator_color":"","ocean_breadcrumbs_links_color":"","ocean_breadcrumbs_links_hover_color":"","ocean_display_footer_widgets":"default","ocean_display_footer_bottom":"default","ocean_custom_footer_template":""},"yoast_head":"<!-- This site is optimized with the Yoast SEO plugin v19.5.1 - https:\/\/yoast.com\/wordpress\/plugins\/seo\/ -->\n<title>Pi\u0119kne chmury, s\u0142o\u0144ce, wiatr, czasem deszcz; bywa, \u017ce \u015bnieg\u2026 - Laboratorium Modelowania Meteorologicznego CMOK IMGW-PIB<\/title>\n<meta name=\"description\" content=\"Tak w bardzo uproszczony spos\u00f3b mo\u017cna opisywa\u0107 pogod\u0119. Natomiast, jak s\u0142usznie zauwa\u017ca redaktor Wiktor Niedzicki w pierwszych kadrach filmu \u2013 meteorologom to nie wystarcza, oni potrzebuj\u0105 \u015bcis\u0142ych danych\u2026A wszystko po to by pe\u0142ni\u0107 skuteczn\u0105 os\u0142on\u0119 meteorologiczn\u0105, czyli przewidywa\u0107 wyst\u0119powanie zjawisk i zagro\u017ce\u0144 z wyprzedzeniem oraz odpowiednio informowa\u0107 Odbiorc\u00f3w o lokalizacji ich wyst\u0119powania.Wobec du\u017cego zapotrzebowania na prognozy szczeg\u00f3\u0142owe, czyli odnosz\u0105ce si\u0119 do dok\u0142adnego czasu i przestrzeni, a dodatkowo z\u0142o\u017cone z wielu zmiennych czy oceniaj\u0105ce wp\u0142ywy pogody, wsp\u00f3\u0142czesna meteorologia stosowana wykorzystuje numeryczne modele pogody (NWP).\" \/>\n<meta name=\"robots\" content=\"index, follow, max-snippet:-1, max-image-preview:large, max-video-preview:-1\" \/>\n<link rel=\"canonical\" href=\"https:\/\/cmm.imgw.pl\/?page_id=44396\" \/>\n<meta property=\"og:locale\" content=\"pl_PL\" \/>\n<meta property=\"og:type\" content=\"article\" \/>\n<meta property=\"og:title\" content=\"Pi\u0119kne chmury, s\u0142o\u0144ce, wiatr, czasem deszcz; bywa, \u017ce \u015bnieg\u2026\" \/>\n<meta property=\"og:description\" content=\"Tak w bardzo uproszczony spos\u00f3b mo\u017cna opisywa\u0107 pogod\u0119. Natomiast, jak s\u0142usznie zauwa\u017ca redaktor Wiktor Niedzicki w pierwszych kadrach filmu \u2013 meteorologom to nie wystarcza, oni potrzebuj\u0105 \u015bcis\u0142ych danych\u2026A wszystko po to by pe\u0142ni\u0107 skuteczn\u0105 os\u0142on\u0119 meteorologiczn\u0105, czyli przewidywa\u0107 wyst\u0119powanie zjawisk i zagro\u017ce\u0144 z wyprzedzeniem oraz odpowiednio informowa\u0107 Odbiorc\u00f3w o lokalizacji ich wyst\u0119powania.Wobec du\u017cego zapotrzebowania na prognozy szczeg\u00f3\u0142owe, czyli odnosz\u0105ce si\u0119 do dok\u0142adnego czasu i przestrzeni, a dodatkowo z\u0142o\u017cone z wielu zmiennych czy oceniaj\u0105ce wp\u0142ywy pogody, wsp\u00f3\u0142czesna meteorologia stosowana wykorzystuje numeryczne modele pogody (NWP).\" \/>\n<meta property=\"og:url\" content=\"https:\/\/cmm.imgw.pl\/?page_id=44396\" \/>\n<meta property=\"og:site_name\" content=\"Laboratorium Modelowania Meteorologicznego CMOK IMGW-PIB\" \/>\n<meta property=\"article:publisher\" content=\"https:\/\/www.facebook.com\/Meteoimgw\/\" \/>\n<meta property=\"article:modified_time\" content=\"2024-12-14T07:02:08+00:00\" \/>\n<meta property=\"og:image\" content=\"https:\/\/cmm.imgw.pl\/wp-content\/uploads\/2025\/10\/MODELE_LOGO_UNIFIKACJA_v2.png\" \/>\n\t<meta property=\"og:image:width\" content=\"1356\" \/>\n\t<meta property=\"og:image:height\" content=\"365\" \/>\n\t<meta property=\"og:image:type\" content=\"image\/png\" \/>\n<meta name=\"twitter:card\" content=\"summary_large_image\" \/>\n<meta name=\"twitter:title\" content=\"Pi\u0119kne chmury, s\u0142o\u0144ce, wiatr, czasem deszcz; bywa, \u017ce \u015bnieg\u2026\" \/>\n<meta name=\"twitter:description\" content=\"Tak w bardzo uproszczony spos\u00f3b mo\u017cna opisywa\u0107 pogod\u0119. Natomiast, jak s\u0142usznie zauwa\u017ca redaktor Wiktor Niedzicki w pierwszych kadrach filmu \u2013 meteorologom to nie wystarcza, oni potrzebuj\u0105 \u015bcis\u0142ych danych\u2026A wszystko po to by pe\u0142ni\u0107 skuteczn\u0105 os\u0142on\u0119 meteorologiczn\u0105, czyli przewidywa\u0107 wyst\u0119powanie zjawisk i zagro\u017ce\u0144 z wyprzedzeniem oraz odpowiednio informowa\u0107 Odbiorc\u00f3w o lokalizacji ich wyst\u0119powania.Wobec du\u017cego zapotrzebowania na prognozy szczeg\u00f3\u0142owe, czyli odnosz\u0105ce si\u0119 do dok\u0142adnego czasu i przestrzeni, a dodatkowo z\u0142o\u017cone z wielu zmiennych czy oceniaj\u0105ce wp\u0142ywy pogody, wsp\u00f3\u0142czesna meteorologia stosowana wykorzystuje numeryczne modele pogody (NWP).\" \/>\n<meta name=\"twitter:site\" content=\"@IMGW_CMM\" \/>\n<meta name=\"twitter:label1\" content=\"Szacowany czas czytania\" \/>\n\t<meta name=\"twitter:data1\" content=\"2 minuty\" \/>\n<script type=\"application\/ld+json\" class=\"yoast-schema-graph\">{\"@context\":\"https:\/\/schema.org\",\"@graph\":[{\"@type\":\"WebPage\",\"@id\":\"https:\/\/cmm.imgw.pl\/?page_id=44396\",\"url\":\"https:\/\/cmm.imgw.pl\/?page_id=44396\",\"name\":\"Pi\u0119kne chmury, s\u0142o\u0144ce, wiatr, czasem deszcz; bywa, \u017ce \u015bnieg\u2026 - Laboratorium Modelowania Meteorologicznego CMOK IMGW-PIB\",\"isPartOf\":{\"@id\":\"https:\/\/cmm.imgw.pl\/#website\"},\"datePublished\":\"2024-12-13T18:00:02+00:00\",\"dateModified\":\"2024-12-14T07:02:08+00:00\",\"description\":\"Tak w bardzo uproszczony spos\u00f3b mo\u017cna opisywa\u0107 pogod\u0119. Natomiast, jak s\u0142usznie zauwa\u017ca redaktor Wiktor Niedzicki w pierwszych kadrach filmu \u2013 meteorologom to nie wystarcza, oni potrzebuj\u0105 \u015bcis\u0142ych danych\u2026A wszystko po to by pe\u0142ni\u0107 skuteczn\u0105 os\u0142on\u0119 meteorologiczn\u0105, czyli przewidywa\u0107 wyst\u0119powanie zjawisk i zagro\u017ce\u0144 z wyprzedzeniem oraz odpowiednio informowa\u0107 Odbiorc\u00f3w o lokalizacji ich wyst\u0119powania.Wobec du\u017cego zapotrzebowania na prognozy szczeg\u00f3\u0142owe, czyli odnosz\u0105ce si\u0119 do dok\u0142adnego czasu i przestrzeni, a dodatkowo z\u0142o\u017cone z wielu zmiennych czy oceniaj\u0105ce wp\u0142ywy pogody, wsp\u00f3\u0142czesna meteorologia stosowana wykorzystuje numeryczne modele pogody (NWP).\",\"breadcrumb\":{\"@id\":\"https:\/\/cmm.imgw.pl\/?page_id=44396#breadcrumb\"},\"inLanguage\":\"pl-PL\",\"potentialAction\":[{\"@type\":\"ReadAction\",\"target\":[\"https:\/\/cmm.imgw.pl\/?page_id=44396\"]}]},{\"@type\":\"BreadcrumbList\",\"@id\":\"https:\/\/cmm.imgw.pl\/?page_id=44396#breadcrumb\",\"itemListElement\":[{\"@type\":\"ListItem\",\"position\":1,\"name\":\"Home\",\"item\":\"https:\/\/cmm.imgw.pl\/\"},{\"@type\":\"ListItem\",\"position\":2,\"name\":\"Pi\u0119kne chmury, s\u0142o\u0144ce, wiatr, czasem deszcz; bywa, \u017ce \u015bnieg\u2026\"}]},{\"@type\":\"WebSite\",\"@id\":\"https:\/\/cmm.imgw.pl\/#website\",\"url\":\"https:\/\/cmm.imgw.pl\/\",\"name\":\"Laboratorium Modelowania Meteorologicznego CMOK IMGW-PIB\",\"description\":\"CMOK-LMM Laboratorium pe\u0142ni pa\u0144stwow\u0105 s\u0142u\u017cb\u0119 hydrologiczno-meteorologiczn\u0105 w zakresie numerycznych prognoz pogody, kt\u00f3rego zadaniem jest konsolidacja kompetencji w obszarze modelowania zjawisk pogodowych oraz dalszego rozwoju numerycznych modeli pogody (NMP).\",\"publisher\":{\"@id\":\"https:\/\/cmm.imgw.pl\/#organization\"},\"potentialAction\":[{\"@type\":\"SearchAction\",\"target\":{\"@type\":\"EntryPoint\",\"urlTemplate\":\"https:\/\/cmm.imgw.pl\/?s={search_term_string}\"},\"query-input\":\"required name=search_term_string\"}],\"inLanguage\":\"pl-PL\"},{\"@type\":\"Organization\",\"@id\":\"https:\/\/cmm.imgw.pl\/#organization\",\"name\":\"Laboratorium Modelowania Meteorologicznego CMOK IMGW-PIB\",\"url\":\"https:\/\/cmm.imgw.pl\/\",\"sameAs\":[\"https:\/\/www.facebook.com\/Meteoimgw\/\",\"https:\/\/twitter.com\/IMGW_CMM\"],\"logo\":{\"@type\":\"ImageObject\",\"inLanguage\":\"pl-PL\",\"@id\":\"https:\/\/cmm.imgw.pl\/#\/schema\/logo\/image\/\",\"url\":\"https:\/\/cmm.imgw.pl\/wp-content\/uploads\/2025\/10\/MODELE_LOGO_UNIFIKACJA_v2.png\",\"contentUrl\":\"https:\/\/cmm.imgw.pl\/wp-content\/uploads\/2025\/10\/MODELE_LOGO_UNIFIKACJA_v2.png\",\"width\":1356,\"height\":365,\"caption\":\"Laboratorium Modelowania Meteorologicznego CMOK IMGW-PIB\"},\"image\":{\"@id\":\"https:\/\/cmm.imgw.pl\/#\/schema\/logo\/image\/\"}}]}<\/script>\n<!-- \/ Yoast SEO plugin. -->","yoast_head_json":{"title":"Pi\u0119kne chmury, s\u0142o\u0144ce, wiatr, czasem deszcz; bywa, \u017ce \u015bnieg\u2026 - Laboratorium Modelowania Meteorologicznego CMOK IMGW-PIB","description":"Tak w bardzo uproszczony spos\u00f3b mo\u017cna opisywa\u0107 pogod\u0119. Natomiast, jak s\u0142usznie zauwa\u017ca redaktor Wiktor Niedzicki w pierwszych kadrach filmu \u2013 meteorologom to nie wystarcza, oni potrzebuj\u0105 \u015bcis\u0142ych danych\u2026A wszystko po to by pe\u0142ni\u0107 skuteczn\u0105 os\u0142on\u0119 meteorologiczn\u0105, czyli przewidywa\u0107 wyst\u0119powanie zjawisk i zagro\u017ce\u0144 z wyprzedzeniem oraz odpowiednio informowa\u0107 Odbiorc\u00f3w o lokalizacji ich wyst\u0119powania.Wobec du\u017cego zapotrzebowania na prognozy szczeg\u00f3\u0142owe, czyli odnosz\u0105ce si\u0119 do dok\u0142adnego czasu i przestrzeni, a dodatkowo z\u0142o\u017cone z wielu zmiennych czy oceniaj\u0105ce wp\u0142ywy pogody, wsp\u00f3\u0142czesna meteorologia stosowana wykorzystuje numeryczne modele pogody (NWP).","robots":{"index":"index","follow":"follow","max-snippet":"max-snippet:-1","max-image-preview":"max-image-preview:large","max-video-preview":"max-video-preview:-1"},"canonical":"https:\/\/cmm.imgw.pl\/?page_id=44396","og_locale":"pl_PL","og_type":"article","og_title":"Pi\u0119kne chmury, s\u0142o\u0144ce, wiatr, czasem deszcz; bywa, \u017ce \u015bnieg\u2026","og_description":"Tak w bardzo uproszczony spos\u00f3b mo\u017cna opisywa\u0107 pogod\u0119. Natomiast, jak s\u0142usznie zauwa\u017ca redaktor Wiktor Niedzicki w pierwszych kadrach filmu \u2013 meteorologom to nie wystarcza, oni potrzebuj\u0105 \u015bcis\u0142ych danych\u2026A wszystko po to by pe\u0142ni\u0107 skuteczn\u0105 os\u0142on\u0119 meteorologiczn\u0105, czyli przewidywa\u0107 wyst\u0119powanie zjawisk i zagro\u017ce\u0144 z wyprzedzeniem oraz odpowiednio informowa\u0107 Odbiorc\u00f3w o lokalizacji ich wyst\u0119powania.Wobec du\u017cego zapotrzebowania na prognozy szczeg\u00f3\u0142owe, czyli odnosz\u0105ce si\u0119 do dok\u0142adnego czasu i przestrzeni, a dodatkowo z\u0142o\u017cone z wielu zmiennych czy oceniaj\u0105ce wp\u0142ywy pogody, wsp\u00f3\u0142czesna meteorologia stosowana wykorzystuje numeryczne modele pogody (NWP).","og_url":"https:\/\/cmm.imgw.pl\/?page_id=44396","og_site_name":"Laboratorium Modelowania Meteorologicznego CMOK IMGW-PIB","article_publisher":"https:\/\/www.facebook.com\/Meteoimgw\/","article_modified_time":"2024-12-14T07:02:08+00:00","og_image":[{"width":1356,"height":365,"url":"https:\/\/cmm.imgw.pl\/wp-content\/uploads\/2025\/10\/MODELE_LOGO_UNIFIKACJA_v2.png","type":"image\/png"}],"twitter_card":"summary_large_image","twitter_title":"Pi\u0119kne chmury, s\u0142o\u0144ce, wiatr, czasem deszcz; bywa, \u017ce \u015bnieg\u2026","twitter_description":"Tak w bardzo uproszczony spos\u00f3b mo\u017cna opisywa\u0107 pogod\u0119. Natomiast, jak s\u0142usznie zauwa\u017ca redaktor Wiktor Niedzicki w pierwszych kadrach filmu \u2013 meteorologom to nie wystarcza, oni potrzebuj\u0105 \u015bcis\u0142ych danych\u2026A wszystko po to by pe\u0142ni\u0107 skuteczn\u0105 os\u0142on\u0119 meteorologiczn\u0105, czyli przewidywa\u0107 wyst\u0119powanie zjawisk i zagro\u017ce\u0144 z wyprzedzeniem oraz odpowiednio informowa\u0107 Odbiorc\u00f3w o lokalizacji ich wyst\u0119powania.Wobec du\u017cego zapotrzebowania na prognozy szczeg\u00f3\u0142owe, czyli odnosz\u0105ce si\u0119 do dok\u0142adnego czasu i przestrzeni, a dodatkowo z\u0142o\u017cone z wielu zmiennych czy oceniaj\u0105ce wp\u0142ywy pogody, wsp\u00f3\u0142czesna meteorologia stosowana wykorzystuje numeryczne modele pogody (NWP).","twitter_site":"@IMGW_CMM","twitter_misc":{"Szacowany czas czytania":"2 minuty"},"schema":{"@context":"https:\/\/schema.org","@graph":[{"@type":"WebPage","@id":"https:\/\/cmm.imgw.pl\/?page_id=44396","url":"https:\/\/cmm.imgw.pl\/?page_id=44396","name":"Pi\u0119kne chmury, s\u0142o\u0144ce, wiatr, czasem deszcz; bywa, \u017ce \u015bnieg\u2026 - Laboratorium Modelowania Meteorologicznego CMOK IMGW-PIB","isPartOf":{"@id":"https:\/\/cmm.imgw.pl\/#website"},"datePublished":"2024-12-13T18:00:02+00:00","dateModified":"2024-12-14T07:02:08+00:00","description":"Tak w bardzo uproszczony spos\u00f3b mo\u017cna opisywa\u0107 pogod\u0119. Natomiast, jak s\u0142usznie zauwa\u017ca redaktor Wiktor Niedzicki w pierwszych kadrach filmu \u2013 meteorologom to nie wystarcza, oni potrzebuj\u0105 \u015bcis\u0142ych danych\u2026A wszystko po to by pe\u0142ni\u0107 skuteczn\u0105 os\u0142on\u0119 meteorologiczn\u0105, czyli przewidywa\u0107 wyst\u0119powanie zjawisk i zagro\u017ce\u0144 z wyprzedzeniem oraz odpowiednio informowa\u0107 Odbiorc\u00f3w o lokalizacji ich wyst\u0119powania.Wobec du\u017cego zapotrzebowania na prognozy szczeg\u00f3\u0142owe, czyli odnosz\u0105ce si\u0119 do dok\u0142adnego czasu i przestrzeni, a dodatkowo z\u0142o\u017cone z wielu zmiennych czy oceniaj\u0105ce wp\u0142ywy pogody, wsp\u00f3\u0142czesna meteorologia stosowana wykorzystuje numeryczne modele pogody (NWP).","breadcrumb":{"@id":"https:\/\/cmm.imgw.pl\/?page_id=44396#breadcrumb"},"inLanguage":"pl-PL","potentialAction":[{"@type":"ReadAction","target":["https:\/\/cmm.imgw.pl\/?page_id=44396"]}]},{"@type":"BreadcrumbList","@id":"https:\/\/cmm.imgw.pl\/?page_id=44396#breadcrumb","itemListElement":[{"@type":"ListItem","position":1,"name":"Home","item":"https:\/\/cmm.imgw.pl\/"},{"@type":"ListItem","position":2,"name":"Pi\u0119kne chmury, s\u0142o\u0144ce, wiatr, czasem deszcz; bywa, \u017ce \u015bnieg\u2026"}]},{"@type":"WebSite","@id":"https:\/\/cmm.imgw.pl\/#website","url":"https:\/\/cmm.imgw.pl\/","name":"Laboratorium Modelowania Meteorologicznego CMOK IMGW-PIB","description":"CMOK-LMM Laboratorium pe\u0142ni pa\u0144stwow\u0105 s\u0142u\u017cb\u0119 hydrologiczno-meteorologiczn\u0105 w zakresie numerycznych prognoz pogody, kt\u00f3rego zadaniem jest konsolidacja kompetencji w obszarze modelowania zjawisk pogodowych oraz dalszego rozwoju numerycznych modeli pogody (NMP).","publisher":{"@id":"https:\/\/cmm.imgw.pl\/#organization"},"potentialAction":[{"@type":"SearchAction","target":{"@type":"EntryPoint","urlTemplate":"https:\/\/cmm.imgw.pl\/?s={search_term_string}"},"query-input":"required name=search_term_string"}],"inLanguage":"pl-PL"},{"@type":"Organization","@id":"https:\/\/cmm.imgw.pl\/#organization","name":"Laboratorium Modelowania Meteorologicznego CMOK IMGW-PIB","url":"https:\/\/cmm.imgw.pl\/","sameAs":["https:\/\/www.facebook.com\/Meteoimgw\/","https:\/\/twitter.com\/IMGW_CMM"],"logo":{"@type":"ImageObject","inLanguage":"pl-PL","@id":"https:\/\/cmm.imgw.pl\/#\/schema\/logo\/image\/","url":"https:\/\/cmm.imgw.pl\/wp-content\/uploads\/2025\/10\/MODELE_LOGO_UNIFIKACJA_v2.png","contentUrl":"https:\/\/cmm.imgw.pl\/wp-content\/uploads\/2025\/10\/MODELE_LOGO_UNIFIKACJA_v2.png","width":1356,"height":365,"caption":"Laboratorium Modelowania Meteorologicznego CMOK IMGW-PIB"},"image":{"@id":"https:\/\/cmm.imgw.pl\/#\/schema\/logo\/image\/"}}]}},"_links":{"self":[{"href":"https:\/\/cmm.imgw.pl\/index.php?rest_route=\/wp\/v2\/pages\/44396"}],"collection":[{"href":"https:\/\/cmm.imgw.pl\/index.php?rest_route=\/wp\/v2\/pages"}],"about":[{"href":"https:\/\/cmm.imgw.pl\/index.php?rest_route=\/wp\/v2\/types\/page"}],"author":[{"embeddable":true,"href":"https:\/\/cmm.imgw.pl\/index.php?rest_route=\/wp\/v2\/users\/3"}],"replies":[{"embeddable":true,"href":"https:\/\/cmm.imgw.pl\/index.php?rest_route=%2Fwp%2Fv2%2Fcomments&post=44396"}],"version-history":[{"count":5,"href":"https:\/\/cmm.imgw.pl\/index.php?rest_route=\/wp\/v2\/pages\/44396\/revisions"}],"predecessor-version":[{"id":44412,"href":"https:\/\/cmm.imgw.pl\/index.php?rest_route=\/wp\/v2\/pages\/44396\/revisions\/44412"}],"wp:attachment":[{"href":"https:\/\/cmm.imgw.pl\/index.php?rest_route=%2Fwp%2Fv2%2Fmedia&parent=44396"}],"curies":[{"name":"wp","href":"https:\/\/api.w.org\/{rel}","templated":true}]}}