{"id":44205,"date":"2024-11-28T16:19:29","date_gmt":"2024-11-28T15:19:29","guid":{"rendered":"https:\/\/cmm.imgw.pl\/?page_id=44205"},"modified":"2025-05-14T19:42:42","modified_gmt":"2025-05-14T17:42:42","slug":"imgw-pib-cmm-kontakt","status":"publish","type":"page","link":"https:\/\/cmm.imgw.pl\/?page_id=44205","title":{"rendered":"IMGW-PIB CMM: Kontakt"},"content":{"rendered":"\t\t<div data-elementor-type=\"wp-page\" data-elementor-id=\"44205\" class=\"elementor elementor-44205\">\n\t\t\t\t\t\t\t\t\t<section class=\"elementor-section elementor-top-section elementor-element elementor-element-0c5a5e4 elementor-section-boxed elementor-section-height-default elementor-section-height-default\" data-id=\"0c5a5e4\" data-element_type=\"section\">\n\t\t\t\t\t\t<div class=\"elementor-container elementor-column-gap-default\">\n\t\t\t\t\t<div class=\"elementor-column elementor-col-100 elementor-top-column elementor-element elementor-element-1dfeaa3\" data-id=\"1dfeaa3\" data-element_type=\"column\">\n\t\t\t<div class=\"elementor-widget-wrap elementor-element-populated\">\n\t\t\t\t\t\t\t\t<div class=\"elementor-element elementor-element-5fa2b43 elementor-widget elementor-widget-image\" data-id=\"5fa2b43\" data-element_type=\"widget\" data-widget_type=\"image.default\">\n\t\t\t\t<div class=\"elementor-widget-container\">\n\t\t\t<style>\/*! elementor - v3.12.1 - 02-04-2023 *\/\n.elementor-widget-image{text-align:center}.elementor-widget-image a{display:inline-block}.elementor-widget-image a img[src$=\".svg\"]{width:48px}.elementor-widget-image img{vertical-align:middle;display:inline-block}<\/style>\t\t\t\t\t\t\t\t\t\t\t\t<img src=\"\/wp-content\/uploads\/2024\/11\/Konkurs_meteorologiczny_1500x500.png\" title=\"\" alt=\"\" loading=\"lazy\" \/>\t\t\t\t\t\t\t\t\t\t\t\t\t\t\t<\/div>\n\t\t\t\t<\/div>\n\t\t\t\t<div class=\"elementor-element elementor-element-f3eb24a elementor-widget elementor-widget-sidebar\" data-id=\"f3eb24a\" data-element_type=\"widget\" data-widget_type=\"sidebar.default\">\n\t\t\t\t<div class=\"elementor-widget-container\">\n\t\t\t<div class=\"widget widget_block\"><div class=\"widget-content\"><!DOCTYPE html>\n<html lang=\"en\">\n<head>\n  <meta charset=\"UTF-8\">\n  <meta name=\"viewport\" content=\"width=device-width, initial-scale=1.0\">\n  <title>Centered Navbar<\/title>\n  <style>\n    body {\n      margin: 0; \/* Remove default body margin for full-width layout *\/\n    }\n\n    .navbar {\n      display: flex;\n      flex-wrap: wrap;\n      justify-content: center; \/* Centers links horizontally *\/\n      background-color: #333; \/* Gray background *\/\n      padding: 10px 0; \/* Adds vertical spacing to the navbar *\/\n      width: 100%; \/* Ensures the navbar spans full width *\/\n      box-sizing: border-box; \/* Ensures padding doesn't affect width *\/\n    }\n\n    .navbar a {\n      color: #f2f2f2; \/* Link text color *\/\n      text-align: center;\n      padding: 10px 25px; \/* Adjusts spacing for smaller gaps *\/\n      text-decoration: none; \/* Removes underline *\/\n      font-size: 17px; \/* Link font size *\/\n      margin: 0 10px; \/* Adds small gaps between links *\/\n      background-color: #444; \/* Button-like background for links *\/\n      border-radius: 4px; \/* Adds rounded corners for links *\/\n    }\n\n    .navbar a:hover {\n      background-color: #ddd; \/* Light gray background on hover *\/\n      color: black; \/* Text color on hover *\/\n    }\n  <\/style>\n<\/head>\n<body>\n  <div class=\"navbar\">\n    <a href=\"?page_id=37568\">Strona g\u0142\u00f3wna<\/a> \n    <a href=\"?page_id=44305\">QUIZ<\/a> \n    <a href=\"?page_id=44210\">Zwyci\u0119zcy<\/a>\n    <a href=\"?page_id=44205\">Kontakt<\/a>\n  <\/div>\n<\/body>\n<\/html><\/div><\/div>\t\t<\/div>\n\t\t\t\t<\/div>\n\t\t\t\t\t<\/div>\n\t\t<\/div>\n\t\t\t\t\t\t\t<\/div>\n\t\t<\/section>\n\t\t\t\t<section class=\"elementor-section elementor-top-section elementor-element elementor-element-2f43d30 elementor-section-boxed elementor-section-height-default elementor-section-height-default\" data-id=\"2f43d30\" data-element_type=\"section\">\n\t\t\t\t\t\t<div class=\"elementor-container elementor-column-gap-default\">\n\t\t\t\t\t<div class=\"elementor-column elementor-col-100 elementor-top-column elementor-element elementor-element-6b8942d\" data-id=\"6b8942d\" data-element_type=\"column\">\n\t\t\t<div class=\"elementor-widget-wrap elementor-element-populated\">\n\t\t\t\t\t\t\t\t<div class=\"elementor-element elementor-element-e14c388 elementor-widget elementor-widget-text-editor\" data-id=\"e14c388\" data-element_type=\"widget\" data-widget_type=\"text-editor.default\">\n\t\t\t\t<div class=\"elementor-widget-container\">\n\t\t\t<style>\/*! elementor - v3.12.1 - 02-04-2023 *\/\n.elementor-widget-text-editor.elementor-drop-cap-view-stacked .elementor-drop-cap{background-color:#69727d;color:#fff}.elementor-widget-text-editor.elementor-drop-cap-view-framed .elementor-drop-cap{color:#69727d;border:3px solid;background-color:transparent}.elementor-widget-text-editor:not(.elementor-drop-cap-view-default) .elementor-drop-cap{margin-top:8px}.elementor-widget-text-editor:not(.elementor-drop-cap-view-default) .elementor-drop-cap-letter{width:1em;height:1em}.elementor-widget-text-editor .elementor-drop-cap{float:left;text-align:center;line-height:1;font-size:50px}.elementor-widget-text-editor .elementor-drop-cap-letter{display:inline-block}<\/style>\t\t\t\t<p data-ccp-props=\"{&quot;335551550&quot;:2,&quot;335551620&quot;:2,&quot;335559683&quot;:0,&quot;335559685&quot;:0,&quot;335559731&quot;:0,&quot;335559737&quot;:0,&quot;335562764&quot;:2,&quot;335562765&quot;:0.9,&quot;335562766&quot;:4,&quot;335562767&quot;:10,&quot;335562768&quot;:4,&quot;335562769&quot;:0}\">\u00a0<\/p><p data-ccp-props=\"{&quot;335551550&quot;:2,&quot;335551620&quot;:2,&quot;335559683&quot;:0,&quot;335559685&quot;:0,&quot;335559731&quot;:0,&quot;335559737&quot;:0,&quot;335562764&quot;:2,&quot;335562765&quot;:0.9,&quot;335562766&quot;:4,&quot;335562767&quot;:10,&quot;335562768&quot;:4,&quot;335562769&quot;:0}\"><span style=\"font-size: 18px; font-family: Arial, Helvetica, sans-serif;\"><b>Instytut<\/b> <b>Meteorologii<\/b> <b>i<\/b><b> Gospodarki <\/b><b>Wodnej<\/b> <b>Pa\u0144stwowy<\/b> <b>Instytut<\/b> <b>Badawczy<\/b><b>\u00a0<\/b>\u00a0<\/span><\/p><p data-ccp-props=\"{&quot;335551550&quot;:2,&quot;335551620&quot;:2,&quot;335559683&quot;:0,&quot;335559685&quot;:0,&quot;335559731&quot;:0,&quot;335559737&quot;:0,&quot;335562764&quot;:2,&quot;335562765&quot;:0.9,&quot;335562766&quot;:4,&quot;335562767&quot;:10,&quot;335562768&quot;:4,&quot;335562769&quot;:0}\"><strong><span style=\"font-family: Arial, Helvetica, sans-serif; font-size: 18px;\" data-olk-copy-source=\"MessageBody\">Centrum Meteorologicznej Os\u0142ony Kraju\u00a0<\/span><\/strong><\/p><p data-ccp-props=\"{&quot;335551550&quot;:2,&quot;335551620&quot;:2,&quot;335559683&quot;:0,&quot;335559685&quot;:0,&quot;335559731&quot;:0,&quot;335559737&quot;:0,&quot;335562764&quot;:2,&quot;335562765&quot;:0.9,&quot;335562766&quot;:4,&quot;335562767&quot;:10,&quot;335562768&quot;:4,&quot;335562769&quot;:0}\"><span style=\"font-size: 18px; font-family: Arial, Helvetica, sans-serif;\"><b>Laboratorium <\/b><b>Modelowania<\/b> <b>Meteorologicznego<\/b>\u00a0<\/span><\/p><p><span style=\"font-size: 18px; font-family: Arial, Helvetica, sans-serif;\">ul. Podle\u015bna 61\u00a0<\/span><\/p><p data-ccp-props=\"{&quot;335551550&quot;:2,&quot;335551620&quot;:2,&quot;335559683&quot;:0,&quot;335559685&quot;:0,&quot;335559731&quot;:0,&quot;335559737&quot;:0,&quot;335562764&quot;:2,&quot;335562765&quot;:0.9,&quot;335562766&quot;:4,&quot;335562767&quot;:10,&quot;335562768&quot;:4,&quot;335562769&quot;:0}\"><span style=\"font-size: 18px; font-family: Arial, Helvetica, sans-serif;\">01-673 Warszawa <\/span><\/p><p><span style=\"font-size: 18px; font-family: Arial, Helvetica, sans-serif;\">E. modele<a href=\"mailto:cmm@imgw.pl\">@imgw.pl<\/a><\/span><\/p>\t\t\t\t\t\t<\/div>\n\t\t\t\t<\/div>\n\t\t\t\t\t<\/div>\n\t\t<\/div>\n\t\t\t\t\t\t\t<\/div>\n\t\t<\/section>\n\t\t\t\t<section class=\"elementor-section elementor-top-section elementor-element elementor-element-46e056c elementor-section-boxed elementor-section-height-default elementor-section-height-default\" data-id=\"46e056c\" data-element_type=\"section\">\n\t\t\t\t\t\t<div class=\"elementor-container elementor-column-gap-default\">\n\t\t\t\t\t<div class=\"elementor-column elementor-col-100 elementor-top-column elementor-element elementor-element-8931ef6\" data-id=\"8931ef6\" data-element_type=\"column\">\n\t\t\t<div class=\"elementor-widget-wrap elementor-element-populated\">\n\t\t\t\t\t\t\t\t<div class=\"elementor-element elementor-element-61d6591 elementor-widget elementor-widget-text-editor\" data-id=\"61d6591\" data-element_type=\"widget\" data-widget_type=\"text-editor.default\">\n\t\t\t\t<div class=\"elementor-widget-container\">\n\t\t\t\t\t\t\t<p style=\"text-align: center;\"><span style=\"font-size: 18px; font-family: Arial, Helvetica, sans-serif;\">&#8212; UDOST\u0118PNIJ &#8212;<\/span><\/p>\t\t\t\t\t\t<\/div>\n\t\t\t\t<\/div>\n\t\t\t\t\t<\/div>\n\t\t<\/div>\n\t\t\t\t\t\t\t<\/div>\n\t\t<\/section>\n\t\t\t\t\t\t\t<\/div>\n\t\t","protected":false},"excerpt":{"rendered":"<p>Quiz meteorologiczny IMGW-PIB CMM to interaktywne wyzwanie, kt\u00f3re pozwala na sprawdzenie swojej wiedzy na temat zjawisk atmosferycznych i meteorologii. W trakcie quizu, uczestnicy mog\u0105 by\u0107 pytani o r\u00f3\u017cnorodne elementy zwi\u0105zane z pogod\u0105, takie jak typy chmur, sk\u0142adowe atmosfery, prognozowanie pogody i wiele innych. Celem jest nie tylko testowanie obecnej wiedzy, ale r\u00f3wnie\u017c edukacja i poszerzanie zrozumienia zwi\u0105zanych z meteorologi\u0105 zagadnie\u0144. Ciesz si\u0119 zabaw\u0105 i jednocze\u015bnie ucz si\u0119 fascynuj\u0105cych fakt\u00f3w dotycz\u0105cych naszej atmosfery!<\/p>\n","protected":false},"author":3,"featured_media":0,"parent":0,"menu_order":0,"comment_status":"closed","ping_status":"closed","template":"","meta":{"ocean_post_layout":"","ocean_both_sidebars_style":"","ocean_both_sidebars_content_width":0,"ocean_both_sidebars_sidebars_width":0,"ocean_sidebar":"0","ocean_second_sidebar":"0","ocean_disable_margins":"enable","ocean_add_body_class":"","ocean_shortcode_before_top_bar":"","ocean_shortcode_after_top_bar":"","ocean_shortcode_before_header":"","ocean_shortcode_after_header":"","ocean_has_shortcode":"","ocean_shortcode_after_title":"","ocean_shortcode_before_footer_widgets":"","ocean_shortcode_after_footer_widgets":"","ocean_shortcode_before_footer_bottom":"","ocean_shortcode_after_footer_bottom":"","ocean_display_top_bar":"off","ocean_display_header":"off","ocean_header_style":"custom","ocean_center_header_left_menu":"0","ocean_custom_header_template":"2993","ocean_custom_logo":0,"ocean_custom_retina_logo":0,"ocean_custom_logo_max_width":0,"ocean_custom_logo_tablet_max_width":0,"ocean_custom_logo_mobile_max_width":0,"ocean_custom_logo_max_height":0,"ocean_custom_logo_tablet_max_height":0,"ocean_custom_logo_mobile_max_height":0,"ocean_header_custom_menu":"0","ocean_menu_typo_font_family":"0","ocean_menu_typo_font_subset":"","ocean_menu_typo_font_size":0,"ocean_menu_typo_font_size_tablet":0,"ocean_menu_typo_font_size_mobile":0,"ocean_menu_typo_font_size_unit":"px","ocean_menu_typo_font_weight":"","ocean_menu_typo_font_weight_tablet":"","ocean_menu_typo_font_weight_mobile":"","ocean_menu_typo_transform":"","ocean_menu_typo_transform_tablet":"","ocean_menu_typo_transform_mobile":"","ocean_menu_typo_line_height":0,"ocean_menu_typo_line_height_tablet":0,"ocean_menu_typo_line_height_mobile":0,"ocean_menu_typo_line_height_unit":"","ocean_menu_typo_spacing":0,"ocean_menu_typo_spacing_tablet":0,"ocean_menu_typo_spacing_mobile":0,"ocean_menu_typo_spacing_unit":"","ocean_menu_link_color":"","ocean_menu_link_color_hover":"","ocean_menu_link_color_active":"","ocean_menu_link_background":"","ocean_menu_link_hover_background":"","ocean_menu_link_active_background":"","ocean_menu_social_links_bg":"","ocean_menu_social_hover_links_bg":"","ocean_menu_social_links_color":"","ocean_menu_social_hover_links_color":"","ocean_disable_title":"default","ocean_disable_heading":"default","ocean_post_title":"","ocean_post_subheading":"","ocean_post_title_style":"","ocean_post_title_background_color":"","ocean_post_title_background":0,"ocean_post_title_bg_image_position":"","ocean_post_title_bg_image_attachment":"","ocean_post_title_bg_image_repeat":"","ocean_post_title_bg_image_size":"","ocean_post_title_height":0,"ocean_post_title_bg_overlay":0.5,"ocean_post_title_bg_overlay_color":"","ocean_disable_breadcrumbs":"default","ocean_breadcrumbs_color":"","ocean_breadcrumbs_separator_color":"","ocean_breadcrumbs_links_color":"","ocean_breadcrumbs_links_hover_color":"","ocean_display_footer_widgets":"default","ocean_display_footer_bottom":"default","ocean_custom_footer_template":"0"},"yoast_head":"<!-- This site is optimized with the Yoast SEO plugin v19.5.1 - https:\/\/yoast.com\/wordpress\/plugins\/seo\/ -->\n<title>IMGW-PIB CMM: Kontakt - Laboratorium Modelowania Meteorologicznego CMOK IMGW-PIB<\/title>\n<meta name=\"description\" content=\"Quiz meteorologiczny IMGW-PIB CMM to interaktywne wyzwanie, kt\u00f3re pozwala na sprawdzenie swojej wiedzy na temat zjawisk atmosferycznych i meteorologii. W trakcie quizu, uczestnicy mog\u0105 by\u0107 pytani o r\u00f3\u017cnorodne elementy zwi\u0105zane z pogod\u0105, takie jak typy chmur, sk\u0142adowe atmosfery, prognozowanie pogody i wiele innych. Celem jest nie tylko testowanie obecnej wiedzy, ale r\u00f3wnie\u017c edukacja i poszerzanie zrozumienia zwi\u0105zanych z meteorologi\u0105 zagadnie\u0144. Ciesz si\u0119 zabaw\u0105 i jednocze\u015bnie ucz si\u0119 fascynuj\u0105cych fakt\u00f3w dotycz\u0105cych naszej atmosfery!\" \/>\n<meta name=\"robots\" content=\"index, follow, max-snippet:-1, max-image-preview:large, max-video-preview:-1\" \/>\n<link rel=\"canonical\" href=\"https:\/\/cmm.imgw.pl\/?page_id=44205\" \/>\n<meta property=\"og:locale\" content=\"pl_PL\" \/>\n<meta property=\"og:type\" content=\"article\" \/>\n<meta property=\"og:title\" content=\"IMGW-PIB CMM: Quiz\" \/>\n<meta property=\"og:description\" content=\"Quiz meteorologiczny IMGW-PIB CMM to interaktywne wyzwanie, kt\u00f3re pozwala na sprawdzenie swojej wiedzy na temat zjawisk atmosferycznych i meteorologii. W trakcie quizu, uczestnicy mog\u0105 by\u0107 pytani o r\u00f3\u017cnorodne elementy zwi\u0105zane z pogod\u0105, takie jak typy chmur, sk\u0142adowe atmosfery, prognozowanie pogody i wiele innych. Celem jest nie tylko testowanie obecnej wiedzy, ale r\u00f3wnie\u017c edukacja i poszerzanie zrozumienia zwi\u0105zanych z meteorologi\u0105 zagadnie\u0144. Ciesz si\u0119 zabaw\u0105 i jednocze\u015bnie ucz si\u0119 fascynuj\u0105cych fakt\u00f3w dotycz\u0105cych naszej atmosfery!\" \/>\n<meta property=\"og:url\" content=\"https:\/\/cmm.imgw.pl\/?page_id=44205\" \/>\n<meta property=\"og:site_name\" content=\"Laboratorium Modelowania Meteorologicznego CMOK IMGW-PIB\" \/>\n<meta property=\"article:publisher\" content=\"https:\/\/www.facebook.com\/Meteoimgw\/\" \/>\n<meta property=\"article:modified_time\" content=\"2025-05-14T17:42:42+00:00\" \/>\n<meta property=\"og:image\" content=\"http:\/\/cmm.imgw.pl\/wp-content\/uploads\/2023\/10\/DreamShaper_v7_on_table_weather_exam_with_huge_number_of_europ_3.jpg\" \/>\n\t<meta property=\"og:image:width\" content=\"976\" \/>\n\t<meta property=\"og:image:height\" content=\"544\" \/>\n\t<meta property=\"og:image:type\" content=\"image\/jpeg\" \/>\n<meta name=\"twitter:card\" content=\"summary_large_image\" \/>\n<meta name=\"twitter:title\" content=\"IMGW-PIB CMM: Quiz\" \/>\n<meta name=\"twitter:description\" content=\"Quiz meteorologiczny IMGW-PIB CMM to interaktywne wyzwanie, kt\u00f3re pozwala na sprawdzenie swojej wiedzy na temat zjawisk atmosferycznych i meteorologii. W trakcie quizu, uczestnicy mog\u0105 by\u0107 pytani o r\u00f3\u017cnorodne elementy zwi\u0105zane z pogod\u0105, takie jak typy chmur, sk\u0142adowe atmosfery, prognozowanie pogody i wiele innych. Celem jest nie tylko testowanie obecnej wiedzy, ale r\u00f3wnie\u017c edukacja i poszerzanie zrozumienia zwi\u0105zanych z meteorologi\u0105 zagadnie\u0144. Ciesz si\u0119 zabaw\u0105 i jednocze\u015bnie ucz si\u0119 fascynuj\u0105cych fakt\u00f3w dotycz\u0105cych naszej atmosfery!\" \/>\n<meta name=\"twitter:image\" content=\"https:\/\/cmm.imgw.pl\/wp-content\/uploads\/2023\/10\/DreamShaper_v7_on_table_weather_exam_with_huge_number_of_europ_3.jpg\" \/>\n<meta name=\"twitter:site\" content=\"@IMGW_CMM\" \/>\n<meta name=\"twitter:label1\" content=\"Szacowany czas czytania\" \/>\n\t<meta name=\"twitter:data1\" content=\"1 minuta\" \/>\n<script type=\"application\/ld+json\" class=\"yoast-schema-graph\">{\"@context\":\"https:\/\/schema.org\",\"@graph\":[{\"@type\":\"WebPage\",\"@id\":\"https:\/\/cmm.imgw.pl\/?page_id=44205\",\"url\":\"https:\/\/cmm.imgw.pl\/?page_id=44205\",\"name\":\"IMGW-PIB CMM: Kontakt - Laboratorium Modelowania Meteorologicznego CMOK IMGW-PIB\",\"isPartOf\":{\"@id\":\"https:\/\/cmm.imgw.pl\/#website\"},\"datePublished\":\"2024-11-28T15:19:29+00:00\",\"dateModified\":\"2025-05-14T17:42:42+00:00\",\"description\":\"Quiz meteorologiczny IMGW-PIB CMM to interaktywne wyzwanie, kt\u00f3re pozwala na sprawdzenie swojej wiedzy na temat zjawisk atmosferycznych i meteorologii. W trakcie quizu, uczestnicy mog\u0105 by\u0107 pytani o r\u00f3\u017cnorodne elementy zwi\u0105zane z pogod\u0105, takie jak typy chmur, sk\u0142adowe atmosfery, prognozowanie pogody i wiele innych. Celem jest nie tylko testowanie obecnej wiedzy, ale r\u00f3wnie\u017c edukacja i poszerzanie zrozumienia zwi\u0105zanych z meteorologi\u0105 zagadnie\u0144. Ciesz si\u0119 zabaw\u0105 i jednocze\u015bnie ucz si\u0119 fascynuj\u0105cych fakt\u00f3w dotycz\u0105cych naszej atmosfery!\",\"breadcrumb\":{\"@id\":\"https:\/\/cmm.imgw.pl\/?page_id=44205#breadcrumb\"},\"inLanguage\":\"pl-PL\",\"potentialAction\":[{\"@type\":\"ReadAction\",\"target\":[\"https:\/\/cmm.imgw.pl\/?page_id=44205\"]}]},{\"@type\":\"BreadcrumbList\",\"@id\":\"https:\/\/cmm.imgw.pl\/?page_id=44205#breadcrumb\",\"itemListElement\":[{\"@type\":\"ListItem\",\"position\":1,\"name\":\"Home\",\"item\":\"https:\/\/cmm.imgw.pl\/\"},{\"@type\":\"ListItem\",\"position\":2,\"name\":\"IMGW-PIB CMM: Kontakt\"}]},{\"@type\":\"WebSite\",\"@id\":\"https:\/\/cmm.imgw.pl\/#website\",\"url\":\"https:\/\/cmm.imgw.pl\/\",\"name\":\"Laboratorium Modelowania Meteorologicznego CMOK IMGW-PIB\",\"description\":\"CMOK-LMM Laboratorium pe\u0142ni pa\u0144stwow\u0105 s\u0142u\u017cb\u0119 hydrologiczno-meteorologiczn\u0105 w zakresie numerycznych prognoz pogody, kt\u00f3rego zadaniem jest konsolidacja kompetencji w obszarze modelowania zjawisk pogodowych oraz dalszego rozwoju numerycznych modeli pogody (NMP).\",\"publisher\":{\"@id\":\"https:\/\/cmm.imgw.pl\/#organization\"},\"potentialAction\":[{\"@type\":\"SearchAction\",\"target\":{\"@type\":\"EntryPoint\",\"urlTemplate\":\"https:\/\/cmm.imgw.pl\/?s={search_term_string}\"},\"query-input\":\"required name=search_term_string\"}],\"inLanguage\":\"pl-PL\"},{\"@type\":\"Organization\",\"@id\":\"https:\/\/cmm.imgw.pl\/#organization\",\"name\":\"Laboratorium Modelowania Meteorologicznego CMOK IMGW-PIB\",\"url\":\"https:\/\/cmm.imgw.pl\/\",\"sameAs\":[\"https:\/\/www.facebook.com\/Meteoimgw\/\",\"https:\/\/twitter.com\/IMGW_CMM\"],\"logo\":{\"@type\":\"ImageObject\",\"inLanguage\":\"pl-PL\",\"@id\":\"https:\/\/cmm.imgw.pl\/#\/schema\/logo\/image\/\",\"url\":\"https:\/\/cmm.imgw.pl\/wp-content\/uploads\/2025\/10\/MODELE_LOGO_UNIFIKACJA_v2.png\",\"contentUrl\":\"https:\/\/cmm.imgw.pl\/wp-content\/uploads\/2025\/10\/MODELE_LOGO_UNIFIKACJA_v2.png\",\"width\":1356,\"height\":365,\"caption\":\"Laboratorium Modelowania Meteorologicznego CMOK IMGW-PIB\"},\"image\":{\"@id\":\"https:\/\/cmm.imgw.pl\/#\/schema\/logo\/image\/\"}}]}<\/script>\n<!-- \/ Yoast SEO plugin. -->","yoast_head_json":{"title":"IMGW-PIB CMM: Kontakt - Laboratorium Modelowania Meteorologicznego CMOK IMGW-PIB","description":"Quiz meteorologiczny IMGW-PIB CMM to interaktywne wyzwanie, kt\u00f3re pozwala na sprawdzenie swojej wiedzy na temat zjawisk atmosferycznych i meteorologii. W trakcie quizu, uczestnicy mog\u0105 by\u0107 pytani o r\u00f3\u017cnorodne elementy zwi\u0105zane z pogod\u0105, takie jak typy chmur, sk\u0142adowe atmosfery, prognozowanie pogody i wiele innych. Celem jest nie tylko testowanie obecnej wiedzy, ale r\u00f3wnie\u017c edukacja i poszerzanie zrozumienia zwi\u0105zanych z meteorologi\u0105 zagadnie\u0144. Ciesz si\u0119 zabaw\u0105 i jednocze\u015bnie ucz si\u0119 fascynuj\u0105cych fakt\u00f3w dotycz\u0105cych naszej atmosfery!","robots":{"index":"index","follow":"follow","max-snippet":"max-snippet:-1","max-image-preview":"max-image-preview:large","max-video-preview":"max-video-preview:-1"},"canonical":"https:\/\/cmm.imgw.pl\/?page_id=44205","og_locale":"pl_PL","og_type":"article","og_title":"IMGW-PIB CMM: Quiz","og_description":"Quiz meteorologiczny IMGW-PIB CMM to interaktywne wyzwanie, kt\u00f3re pozwala na sprawdzenie swojej wiedzy na temat zjawisk atmosferycznych i meteorologii. W trakcie quizu, uczestnicy mog\u0105 by\u0107 pytani o r\u00f3\u017cnorodne elementy zwi\u0105zane z pogod\u0105, takie jak typy chmur, sk\u0142adowe atmosfery, prognozowanie pogody i wiele innych. Celem jest nie tylko testowanie obecnej wiedzy, ale r\u00f3wnie\u017c edukacja i poszerzanie zrozumienia zwi\u0105zanych z meteorologi\u0105 zagadnie\u0144. Ciesz si\u0119 zabaw\u0105 i jednocze\u015bnie ucz si\u0119 fascynuj\u0105cych fakt\u00f3w dotycz\u0105cych naszej atmosfery!","og_url":"https:\/\/cmm.imgw.pl\/?page_id=44205","og_site_name":"Laboratorium Modelowania Meteorologicznego CMOK IMGW-PIB","article_publisher":"https:\/\/www.facebook.com\/Meteoimgw\/","article_modified_time":"2025-05-14T17:42:42+00:00","og_image":[{"width":976,"height":544,"url":"http:\/\/cmm.imgw.pl\/wp-content\/uploads\/2023\/10\/DreamShaper_v7_on_table_weather_exam_with_huge_number_of_europ_3.jpg","type":"image\/jpeg"}],"twitter_card":"summary_large_image","twitter_title":"IMGW-PIB CMM: Quiz","twitter_description":"Quiz meteorologiczny IMGW-PIB CMM to interaktywne wyzwanie, kt\u00f3re pozwala na sprawdzenie swojej wiedzy na temat zjawisk atmosferycznych i meteorologii. W trakcie quizu, uczestnicy mog\u0105 by\u0107 pytani o r\u00f3\u017cnorodne elementy zwi\u0105zane z pogod\u0105, takie jak typy chmur, sk\u0142adowe atmosfery, prognozowanie pogody i wiele innych. Celem jest nie tylko testowanie obecnej wiedzy, ale r\u00f3wnie\u017c edukacja i poszerzanie zrozumienia zwi\u0105zanych z meteorologi\u0105 zagadnie\u0144. Ciesz si\u0119 zabaw\u0105 i jednocze\u015bnie ucz si\u0119 fascynuj\u0105cych fakt\u00f3w dotycz\u0105cych naszej atmosfery!","twitter_image":"https:\/\/cmm.imgw.pl\/wp-content\/uploads\/2023\/10\/DreamShaper_v7_on_table_weather_exam_with_huge_number_of_europ_3.jpg","twitter_site":"@IMGW_CMM","twitter_misc":{"Szacowany czas czytania":"1 minuta"},"schema":{"@context":"https:\/\/schema.org","@graph":[{"@type":"WebPage","@id":"https:\/\/cmm.imgw.pl\/?page_id=44205","url":"https:\/\/cmm.imgw.pl\/?page_id=44205","name":"IMGW-PIB CMM: Kontakt - Laboratorium Modelowania Meteorologicznego CMOK IMGW-PIB","isPartOf":{"@id":"https:\/\/cmm.imgw.pl\/#website"},"datePublished":"2024-11-28T15:19:29+00:00","dateModified":"2025-05-14T17:42:42+00:00","description":"Quiz meteorologiczny IMGW-PIB CMM to interaktywne wyzwanie, kt\u00f3re pozwala na sprawdzenie swojej wiedzy na temat zjawisk atmosferycznych i meteorologii. W trakcie quizu, uczestnicy mog\u0105 by\u0107 pytani o r\u00f3\u017cnorodne elementy zwi\u0105zane z pogod\u0105, takie jak typy chmur, sk\u0142adowe atmosfery, prognozowanie pogody i wiele innych. Celem jest nie tylko testowanie obecnej wiedzy, ale r\u00f3wnie\u017c edukacja i poszerzanie zrozumienia zwi\u0105zanych z meteorologi\u0105 zagadnie\u0144. Ciesz si\u0119 zabaw\u0105 i jednocze\u015bnie ucz si\u0119 fascynuj\u0105cych fakt\u00f3w dotycz\u0105cych naszej atmosfery!","breadcrumb":{"@id":"https:\/\/cmm.imgw.pl\/?page_id=44205#breadcrumb"},"inLanguage":"pl-PL","potentialAction":[{"@type":"ReadAction","target":["https:\/\/cmm.imgw.pl\/?page_id=44205"]}]},{"@type":"BreadcrumbList","@id":"https:\/\/cmm.imgw.pl\/?page_id=44205#breadcrumb","itemListElement":[{"@type":"ListItem","position":1,"name":"Home","item":"https:\/\/cmm.imgw.pl\/"},{"@type":"ListItem","position":2,"name":"IMGW-PIB CMM: Kontakt"}]},{"@type":"WebSite","@id":"https:\/\/cmm.imgw.pl\/#website","url":"https:\/\/cmm.imgw.pl\/","name":"Laboratorium Modelowania Meteorologicznego CMOK IMGW-PIB","description":"CMOK-LMM Laboratorium pe\u0142ni pa\u0144stwow\u0105 s\u0142u\u017cb\u0119 hydrologiczno-meteorologiczn\u0105 w zakresie numerycznych prognoz pogody, kt\u00f3rego zadaniem jest konsolidacja kompetencji w obszarze modelowania zjawisk pogodowych oraz dalszego rozwoju numerycznych modeli pogody (NMP).","publisher":{"@id":"https:\/\/cmm.imgw.pl\/#organization"},"potentialAction":[{"@type":"SearchAction","target":{"@type":"EntryPoint","urlTemplate":"https:\/\/cmm.imgw.pl\/?s={search_term_string}"},"query-input":"required name=search_term_string"}],"inLanguage":"pl-PL"},{"@type":"Organization","@id":"https:\/\/cmm.imgw.pl\/#organization","name":"Laboratorium Modelowania Meteorologicznego CMOK IMGW-PIB","url":"https:\/\/cmm.imgw.pl\/","sameAs":["https:\/\/www.facebook.com\/Meteoimgw\/","https:\/\/twitter.com\/IMGW_CMM"],"logo":{"@type":"ImageObject","inLanguage":"pl-PL","@id":"https:\/\/cmm.imgw.pl\/#\/schema\/logo\/image\/","url":"https:\/\/cmm.imgw.pl\/wp-content\/uploads\/2025\/10\/MODELE_LOGO_UNIFIKACJA_v2.png","contentUrl":"https:\/\/cmm.imgw.pl\/wp-content\/uploads\/2025\/10\/MODELE_LOGO_UNIFIKACJA_v2.png","width":1356,"height":365,"caption":"Laboratorium Modelowania Meteorologicznego CMOK IMGW-PIB"},"image":{"@id":"https:\/\/cmm.imgw.pl\/#\/schema\/logo\/image\/"}}]}},"_links":{"self":[{"href":"https:\/\/cmm.imgw.pl\/index.php?rest_route=\/wp\/v2\/pages\/44205"}],"collection":[{"href":"https:\/\/cmm.imgw.pl\/index.php?rest_route=\/wp\/v2\/pages"}],"about":[{"href":"https:\/\/cmm.imgw.pl\/index.php?rest_route=\/wp\/v2\/types\/page"}],"author":[{"embeddable":true,"href":"https:\/\/cmm.imgw.pl\/index.php?rest_route=\/wp\/v2\/users\/3"}],"replies":[{"embeddable":true,"href":"https:\/\/cmm.imgw.pl\/index.php?rest_route=%2Fwp%2Fv2%2Fcomments&post=44205"}],"version-history":[{"count":11,"href":"https:\/\/cmm.imgw.pl\/index.php?rest_route=\/wp\/v2\/pages\/44205\/revisions"}],"predecessor-version":[{"id":45124,"href":"https:\/\/cmm.imgw.pl\/index.php?rest_route=\/wp\/v2\/pages\/44205\/revisions\/45124"}],"wp:attachment":[{"href":"https:\/\/cmm.imgw.pl\/index.php?rest_route=%2Fwp%2Fv2%2Fmedia&parent=44205"}],"curies":[{"name":"wp","href":"https:\/\/api.w.org\/{rel}","templated":true}]}}