{"id":41914,"date":"2024-07-08T09:12:41","date_gmt":"2024-07-08T07:12:41","guid":{"rendered":"https:\/\/cmm.imgw.pl\/?page_id=41914"},"modified":"2024-07-08T09:12:44","modified_gmt":"2024-07-08T07:12:44","slug":"akademiacmm-przewodnik-dla-prywatnych-stacji-meteorologicznych","status":"publish","type":"page","link":"https:\/\/cmm.imgw.pl\/?page_id=41914","title":{"rendered":"#AkademiaCMM &#8211; Przewodnik dla prywatnych stacji meteorologicznych"},"content":{"rendered":"<div class=\"wp-block-post-date\"><time datetime=\"2024-07-08T09:12:41+02:00\">8 lipca 2024<\/time><\/div>\n\n<div class=\"D3zfd XxeQL\"><strong><span class=\"D3zfd JdFsz\" style=\"font-size: 12pt;\" title=\"Przewodnik dla prywatnych stacji meteorologicznych\">Przewodnik dla prywatnych stacji meteorologicznych<\/span><\/strong><\/div>\n<div>\u00a0<\/div>\n<p style=\"text-align: justify;\"><span style=\"font-size: 12pt;\"><em>Opracowanie: dr Rados\u0142aw Dro\u017adzio\u0142, IMGW-PIB CMM<\/em><\/span><\/p>\n<p style=\"text-align: justify;\"><span style=\"font-size: 12pt;\">Przewodnik jest skierowany do u\u017cytkownik\u00f3w prywatnych stacji meteorologicznych oraz do sprzedawc\u00f3w sprz\u0119tu i oprogramowania. Celem jest dostarczenie praktycznych porad dotycz\u0105cych optymalnego prowadzenia obserwacji i pomiar\u00f3w pogodowych. Podkre\u015bla znaczenie stosowania standard\u00f3w jako\u015bci, tak aby dane pogodowe by\u0142y precyzyjne i \u0142atwe do por\u00f3wnania.<\/span><\/p>\n<p style=\"text-align: justify;\"><span style=\"font-size: 12pt;\">Warto zwr\u00f3ci\u0107 uwag\u0119 na r\u00f3\u017cnic\u0119 w u\u017cyciu w przewodniku terminu &#8222;prywatne stacje meteorologiczne&#8221; w zamian za &#8222;amatorskie stacje meteorologiczne&#8221;. Wyraz &#8222;amatorskie&#8221; niesie ze sob\u0105 pewne negatywne konotacje, sugeruj\u0105c brak profesjonalizmu i fachowo\u015bci. S\u0142ownik j\u0119zyka polskiego definiuje &#8222;amatorski&#8221; w spos\u00f3b, kt\u00f3ry mo\u017ce by\u0107 odbierany pejoratywnie: &#8222;wykonany przez amatora, uprawiany przez amator\u00f3w, nieudolny, niefachowy, taki, kt\u00f3ry mo\u017ce si\u0119 podoba\u0107&#8221;. Dlatego bardziej odpowiednim terminem jest &#8222;prywatne stacje meteorologiczne&#8221;. Termin ten jest neutralny i precyzyjnie opisuje stacje meteorologiczne zarz\u0105dzane przez osoby prywatne, kt\u00f3re z pasj\u0105 i zaanga\u017cowaniem zbieraj\u0105 dane pogodowe. W j\u0119zyku angielskim u\u017cywa si\u0119 okre\u015blenia &#8222;personal weather station&#8221; (PWS), kt\u00f3re podkre\u015bla indywidualny charakter takich stacji bez negatywnych skojarze\u0144. Prywatne stacje meteorologiczne s\u0105 cz\u0119sto prowadzone przez osoby posiadaj\u0105ce odpowiedni\u0105 wiedz\u0119 i umiej\u0119tno\u015bci, kt\u00f3re wykorzystuj\u0105 zaawansowany sprz\u0119t do monitorowania warunk\u00f3w atmosferycznych. Dzi\u0119ki nim mo\u017cna uzyska\u0107 dok\u0142adne i cenne dane, kt\u00f3re przyczyniaj\u0105 si\u0119 do lepszego zrozumienia lokalnych zjawisk pogodowych.<\/span><\/p>\n<p style=\"text-align: justify;\"><span style=\"font-size: 12pt;\">Mimo wyzwa\u0144, takich jak nieidealne warunki umieszczenia sprz\u0119tu, autorzy podkre\u015blaj\u0105, \u017ce staranne wykorzystanie dost\u0119pnych technologii mo\u017ce przybli\u017cy\u0107 prywatne obserwacje do poziomu profesjonalnego, co jest kluczowe dla wiarygodno\u015bci i u\u017cyteczno\u015bci gromadzonych danych w badaniach atmosfery.<\/span><\/p>\n<p style=\"text-align: justify;\"><span style=\"font-size: 12pt;\">Do pobrania: <br \/><a id=\"wp-block-file--media-097a1130-bb64-4b19-ae9b-b3b7e594b91a\" href=\"\/wp-content\/uploads\/przewodnik\/Przewodnik_dla_prywatnych_stacji_meteorologicznych.pdf\"> Przewodnik_dla_prywatnych_stacji_meteorologicznych.pdf<\/a><\/span><\/p>\n<p>\u00a0<\/p>\n<div class=\"wp-block-file\"><object class=\"wp-block-file__embed\" style=\"width: 100%; height: 500px;\" data=\"\/wp-content\/uploads\/przewodnik\/Przewodnik_dla_prywatnych_stacji_meteorologicznych.pdf\" width=\"300\" height=\"200\"><\/object><a id=\"wp-block-file--media-097a1130-bb64-4b19-ae9b-b3b7e594b91a\" href=\"\/wp-content\/uploads\/przewodnik\/Przewodnik_dla_prywatnych_stacji_meteorologicznych.pdf\"> [POBIERZ]Przewodnik_dla_prywatnych_stacji_meteorologicznych.pdf<\/a><\/div>","protected":false},"excerpt":{"rendered":"<p>Przewodnik jest skierowany do u\u017cytkownik\u00f3w prywatnych stacji meteorologicznych oraz do sprzedawc\u00f3w sprz\u0119tu i oprogramowania. Celem jest dostarczenie praktycznych porad dotycz\u0105cych optymalnego prowadzenia obserwacji i pomiar\u00f3w pogodowych. Podkre\u015bla znaczenie stosowania standard\u00f3w jako\u015bci, tak aby dane pogodowe by\u0142y precyzyjne i \u0142atwe do por\u00f3wnania.<\/p>\n","protected":false},"author":3,"featured_media":41921,"parent":0,"menu_order":0,"comment_status":"closed","ping_status":"closed","template":"templates\/landing.php","meta":{"ocean_post_layout":"","ocean_both_sidebars_style":"","ocean_both_sidebars_content_width":0,"ocean_both_sidebars_sidebars_width":0,"ocean_sidebar":"0","ocean_second_sidebar":"0","ocean_disable_margins":"enable","ocean_add_body_class":"","ocean_shortcode_before_top_bar":"","ocean_shortcode_after_top_bar":"","ocean_shortcode_before_header":"","ocean_shortcode_after_header":"","ocean_has_shortcode":"","ocean_shortcode_after_title":"","ocean_shortcode_before_footer_widgets":"","ocean_shortcode_after_footer_widgets":"","ocean_shortcode_before_footer_bottom":"","ocean_shortcode_after_footer_bottom":"","ocean_display_top_bar":"off","ocean_display_header":"off","ocean_header_style":"custom","ocean_center_header_left_menu":"0","ocean_custom_header_template":"2993","ocean_custom_logo":0,"ocean_custom_retina_logo":0,"ocean_custom_logo_max_width":0,"ocean_custom_logo_tablet_max_width":0,"ocean_custom_logo_mobile_max_width":0,"ocean_custom_logo_max_height":0,"ocean_custom_logo_tablet_max_height":0,"ocean_custom_logo_mobile_max_height":0,"ocean_header_custom_menu":"0","ocean_menu_typo_font_family":"0","ocean_menu_typo_font_subset":"","ocean_menu_typo_font_size":0,"ocean_menu_typo_font_size_tablet":0,"ocean_menu_typo_font_size_mobile":0,"ocean_menu_typo_font_size_unit":"px","ocean_menu_typo_font_weight":"","ocean_menu_typo_font_weight_tablet":"","ocean_menu_typo_font_weight_mobile":"","ocean_menu_typo_transform":"","ocean_menu_typo_transform_tablet":"","ocean_menu_typo_transform_mobile":"","ocean_menu_typo_line_height":0,"ocean_menu_typo_line_height_tablet":0,"ocean_menu_typo_line_height_mobile":0,"ocean_menu_typo_line_height_unit":"","ocean_menu_typo_spacing":0,"ocean_menu_typo_spacing_tablet":0,"ocean_menu_typo_spacing_mobile":0,"ocean_menu_typo_spacing_unit":"","ocean_menu_link_color":"","ocean_menu_link_color_hover":"","ocean_menu_link_color_active":"","ocean_menu_link_background":"","ocean_menu_link_hover_background":"","ocean_menu_link_active_background":"","ocean_menu_social_links_bg":"","ocean_menu_social_hover_links_bg":"","ocean_menu_social_links_color":"","ocean_menu_social_hover_links_color":"","ocean_disable_title":"default","ocean_disable_heading":"default","ocean_post_title":"","ocean_post_subheading":"","ocean_post_title_style":"","ocean_post_title_background_color":"","ocean_post_title_background":0,"ocean_post_title_bg_image_position":"","ocean_post_title_bg_image_attachment":"","ocean_post_title_bg_image_repeat":"","ocean_post_title_bg_image_size":"","ocean_post_title_height":0,"ocean_post_title_bg_overlay":0.5,"ocean_post_title_bg_overlay_color":"","ocean_disable_breadcrumbs":"default","ocean_breadcrumbs_color":"","ocean_breadcrumbs_separator_color":"","ocean_breadcrumbs_links_color":"","ocean_breadcrumbs_links_hover_color":"","ocean_display_footer_widgets":"off","ocean_display_footer_bottom":"off","ocean_custom_footer_template":"0"},"yoast_head":"<!-- This site is optimized with the Yoast SEO plugin v19.5.1 - https:\/\/yoast.com\/wordpress\/plugins\/seo\/ -->\n<title>#AkademiaCMM - Przewodnik dla prywatnych stacji meteorologicznych - Laboratorium Modelowania Meteorologicznego CMOK IMGW-PIB<\/title>\n<meta name=\"description\" content=\"Przewodnik jest skierowany do u\u017cytkownik\u00f3w prywatnych stacji meteorologicznych oraz do sprzedawc\u00f3w sprz\u0119tu i oprogramowania. Celem jest dostarczenie praktycznych porad dotycz\u0105cych optymalnego prowadzenia obserwacji i pomiar\u00f3w pogodowych. Podkre\u015bla znaczenie stosowania standard\u00f3w jako\u015bci, tak aby dane pogodowe by\u0142y precyzyjne i \u0142atwe do por\u00f3wnania.\" \/>\n<meta name=\"robots\" content=\"index, follow, max-snippet:-1, max-image-preview:large, max-video-preview:-1\" \/>\n<link rel=\"canonical\" href=\"https:\/\/cmm.imgw.pl\/?page_id=41914\" \/>\n<meta property=\"og:locale\" content=\"pl_PL\" \/>\n<meta property=\"og:type\" content=\"article\" \/>\n<meta property=\"og:title\" content=\"#AkademiaCMM - Przewodnik dla prywatnych stacji meteorologicznych\" \/>\n<meta property=\"og:description\" content=\"Przewodnik jest skierowany do u\u017cytkownik\u00f3w prywatnych stacji meteorologicznych oraz do sprzedawc\u00f3w sprz\u0119tu i oprogramowania. Celem jest dostarczenie praktycznych porad dotycz\u0105cych optymalnego prowadzenia obserwacji i pomiar\u00f3w pogodowych. Podkre\u015bla znaczenie stosowania standard\u00f3w jako\u015bci, tak aby dane pogodowe by\u0142y precyzyjne i \u0142atwe do por\u00f3wnania.\" \/>\n<meta property=\"og:url\" content=\"https:\/\/cmm.imgw.pl\/?page_id=41914\" \/>\n<meta property=\"og:site_name\" content=\"Laboratorium Modelowania Meteorologicznego CMOK IMGW-PIB\" \/>\n<meta property=\"article:publisher\" content=\"https:\/\/www.facebook.com\/Meteoimgw\/\" \/>\n<meta property=\"article:modified_time\" content=\"2024-07-08T07:12:44+00:00\" \/>\n<meta property=\"og:image\" content=\"http:\/\/cmm.imgw.pl\/wp-content\/uploads\/2024\/07\/Przewodnik.png\" \/>\n\t<meta property=\"og:image:width\" content=\"883\" \/>\n\t<meta property=\"og:image:height\" content=\"841\" \/>\n\t<meta property=\"og:image:type\" content=\"image\/png\" \/>\n<meta name=\"twitter:card\" content=\"summary_large_image\" \/>\n<meta name=\"twitter:title\" content=\"#AkademiaCMM - Przewodnik dla prywatnych stacji meteorologicznych\" \/>\n<meta name=\"twitter:description\" content=\"Przewodnik jest skierowany do u\u017cytkownik\u00f3w prywatnych stacji meteorologicznych oraz do sprzedawc\u00f3w sprz\u0119tu i oprogramowania. Celem jest dostarczenie praktycznych porad dotycz\u0105cych optymalnego prowadzenia obserwacji i pomiar\u00f3w pogodowych. Podkre\u015bla znaczenie stosowania standard\u00f3w jako\u015bci, tak aby dane pogodowe by\u0142y precyzyjne i \u0142atwe do por\u00f3wnania.\" \/>\n<meta name=\"twitter:image\" content=\"https:\/\/cmm.imgw.pl\/wp-content\/uploads\/2024\/07\/Przewodnik.png\" \/>\n<meta name=\"twitter:site\" content=\"@IMGW_CMM\" \/>\n<meta name=\"twitter:label1\" content=\"Szacowany czas czytania\" \/>\n\t<meta name=\"twitter:data1\" content=\"14 minut\" \/>\n<script type=\"application\/ld+json\" class=\"yoast-schema-graph\">{\"@context\":\"https:\/\/schema.org\",\"@graph\":[{\"@type\":\"WebPage\",\"@id\":\"https:\/\/cmm.imgw.pl\/?page_id=41914\",\"url\":\"https:\/\/cmm.imgw.pl\/?page_id=41914\",\"name\":\"#AkademiaCMM - Przewodnik dla prywatnych stacji meteorologicznych - Laboratorium Modelowania Meteorologicznego CMOK IMGW-PIB\",\"isPartOf\":{\"@id\":\"https:\/\/cmm.imgw.pl\/#website\"},\"datePublished\":\"2024-07-08T07:12:41+00:00\",\"dateModified\":\"2024-07-08T07:12:44+00:00\",\"description\":\"Przewodnik jest skierowany do u\u017cytkownik\u00f3w prywatnych stacji meteorologicznych oraz do sprzedawc\u00f3w sprz\u0119tu i oprogramowania. Celem jest dostarczenie praktycznych porad dotycz\u0105cych optymalnego prowadzenia obserwacji i pomiar\u00f3w pogodowych. Podkre\u015bla znaczenie stosowania standard\u00f3w jako\u015bci, tak aby dane pogodowe by\u0142y precyzyjne i \u0142atwe do por\u00f3wnania.\",\"breadcrumb\":{\"@id\":\"https:\/\/cmm.imgw.pl\/?page_id=41914#breadcrumb\"},\"inLanguage\":\"pl-PL\",\"potentialAction\":[{\"@type\":\"ReadAction\",\"target\":[\"https:\/\/cmm.imgw.pl\/?page_id=41914\"]}]},{\"@type\":\"BreadcrumbList\",\"@id\":\"https:\/\/cmm.imgw.pl\/?page_id=41914#breadcrumb\",\"itemListElement\":[{\"@type\":\"ListItem\",\"position\":1,\"name\":\"Home\",\"item\":\"https:\/\/cmm.imgw.pl\/\"},{\"@type\":\"ListItem\",\"position\":2,\"name\":\"#AkademiaCMM &#8211; Przewodnik dla prywatnych stacji meteorologicznych\"}]},{\"@type\":\"WebSite\",\"@id\":\"https:\/\/cmm.imgw.pl\/#website\",\"url\":\"https:\/\/cmm.imgw.pl\/\",\"name\":\"Laboratorium Modelowania Meteorologicznego CMOK IMGW-PIB\",\"description\":\"CMOK-LMM Laboratorium pe\u0142ni pa\u0144stwow\u0105 s\u0142u\u017cb\u0119 hydrologiczno-meteorologiczn\u0105 w zakresie numerycznych prognoz pogody, kt\u00f3rego zadaniem jest konsolidacja kompetencji w obszarze modelowania zjawisk pogodowych oraz dalszego rozwoju numerycznych modeli pogody (NMP).\",\"publisher\":{\"@id\":\"https:\/\/cmm.imgw.pl\/#organization\"},\"potentialAction\":[{\"@type\":\"SearchAction\",\"target\":{\"@type\":\"EntryPoint\",\"urlTemplate\":\"https:\/\/cmm.imgw.pl\/?s={search_term_string}\"},\"query-input\":\"required name=search_term_string\"}],\"inLanguage\":\"pl-PL\"},{\"@type\":\"Organization\",\"@id\":\"https:\/\/cmm.imgw.pl\/#organization\",\"name\":\"Laboratorium Modelowania Meteorologicznego CMOK IMGW-PIB\",\"url\":\"https:\/\/cmm.imgw.pl\/\",\"sameAs\":[\"https:\/\/www.facebook.com\/Meteoimgw\/\",\"https:\/\/twitter.com\/IMGW_CMM\"],\"logo\":{\"@type\":\"ImageObject\",\"inLanguage\":\"pl-PL\",\"@id\":\"https:\/\/cmm.imgw.pl\/#\/schema\/logo\/image\/\",\"url\":\"https:\/\/cmm.imgw.pl\/wp-content\/uploads\/2025\/10\/MODELE_LOGO_UNIFIKACJA_v2.png\",\"contentUrl\":\"https:\/\/cmm.imgw.pl\/wp-content\/uploads\/2025\/10\/MODELE_LOGO_UNIFIKACJA_v2.png\",\"width\":1356,\"height\":365,\"caption\":\"Laboratorium Modelowania Meteorologicznego CMOK IMGW-PIB\"},\"image\":{\"@id\":\"https:\/\/cmm.imgw.pl\/#\/schema\/logo\/image\/\"}}]}<\/script>\n<!-- \/ Yoast SEO plugin. -->","yoast_head_json":{"title":"#AkademiaCMM - Przewodnik dla prywatnych stacji meteorologicznych - Laboratorium Modelowania Meteorologicznego CMOK IMGW-PIB","description":"Przewodnik jest skierowany do u\u017cytkownik\u00f3w prywatnych stacji meteorologicznych oraz do sprzedawc\u00f3w sprz\u0119tu i oprogramowania. Celem jest dostarczenie praktycznych porad dotycz\u0105cych optymalnego prowadzenia obserwacji i pomiar\u00f3w pogodowych. Podkre\u015bla znaczenie stosowania standard\u00f3w jako\u015bci, tak aby dane pogodowe by\u0142y precyzyjne i \u0142atwe do por\u00f3wnania.","robots":{"index":"index","follow":"follow","max-snippet":"max-snippet:-1","max-image-preview":"max-image-preview:large","max-video-preview":"max-video-preview:-1"},"canonical":"https:\/\/cmm.imgw.pl\/?page_id=41914","og_locale":"pl_PL","og_type":"article","og_title":"#AkademiaCMM - Przewodnik dla prywatnych stacji meteorologicznych","og_description":"Przewodnik jest skierowany do u\u017cytkownik\u00f3w prywatnych stacji meteorologicznych oraz do sprzedawc\u00f3w sprz\u0119tu i oprogramowania. Celem jest dostarczenie praktycznych porad dotycz\u0105cych optymalnego prowadzenia obserwacji i pomiar\u00f3w pogodowych. Podkre\u015bla znaczenie stosowania standard\u00f3w jako\u015bci, tak aby dane pogodowe by\u0142y precyzyjne i \u0142atwe do por\u00f3wnania.","og_url":"https:\/\/cmm.imgw.pl\/?page_id=41914","og_site_name":"Laboratorium Modelowania Meteorologicznego CMOK IMGW-PIB","article_publisher":"https:\/\/www.facebook.com\/Meteoimgw\/","article_modified_time":"2024-07-08T07:12:44+00:00","og_image":[{"width":883,"height":841,"url":"http:\/\/cmm.imgw.pl\/wp-content\/uploads\/2024\/07\/Przewodnik.png","type":"image\/png"}],"twitter_card":"summary_large_image","twitter_title":"#AkademiaCMM - Przewodnik dla prywatnych stacji meteorologicznych","twitter_description":"Przewodnik jest skierowany do u\u017cytkownik\u00f3w prywatnych stacji meteorologicznych oraz do sprzedawc\u00f3w sprz\u0119tu i oprogramowania. Celem jest dostarczenie praktycznych porad dotycz\u0105cych optymalnego prowadzenia obserwacji i pomiar\u00f3w pogodowych. Podkre\u015bla znaczenie stosowania standard\u00f3w jako\u015bci, tak aby dane pogodowe by\u0142y precyzyjne i \u0142atwe do por\u00f3wnania.","twitter_image":"https:\/\/cmm.imgw.pl\/wp-content\/uploads\/2024\/07\/Przewodnik.png","twitter_site":"@IMGW_CMM","twitter_misc":{"Szacowany czas czytania":"14 minut"},"schema":{"@context":"https:\/\/schema.org","@graph":[{"@type":"WebPage","@id":"https:\/\/cmm.imgw.pl\/?page_id=41914","url":"https:\/\/cmm.imgw.pl\/?page_id=41914","name":"#AkademiaCMM - Przewodnik dla prywatnych stacji meteorologicznych - Laboratorium Modelowania Meteorologicznego CMOK IMGW-PIB","isPartOf":{"@id":"https:\/\/cmm.imgw.pl\/#website"},"datePublished":"2024-07-08T07:12:41+00:00","dateModified":"2024-07-08T07:12:44+00:00","description":"Przewodnik jest skierowany do u\u017cytkownik\u00f3w prywatnych stacji meteorologicznych oraz do sprzedawc\u00f3w sprz\u0119tu i oprogramowania. Celem jest dostarczenie praktycznych porad dotycz\u0105cych optymalnego prowadzenia obserwacji i pomiar\u00f3w pogodowych. Podkre\u015bla znaczenie stosowania standard\u00f3w jako\u015bci, tak aby dane pogodowe by\u0142y precyzyjne i \u0142atwe do por\u00f3wnania.","breadcrumb":{"@id":"https:\/\/cmm.imgw.pl\/?page_id=41914#breadcrumb"},"inLanguage":"pl-PL","potentialAction":[{"@type":"ReadAction","target":["https:\/\/cmm.imgw.pl\/?page_id=41914"]}]},{"@type":"BreadcrumbList","@id":"https:\/\/cmm.imgw.pl\/?page_id=41914#breadcrumb","itemListElement":[{"@type":"ListItem","position":1,"name":"Home","item":"https:\/\/cmm.imgw.pl\/"},{"@type":"ListItem","position":2,"name":"#AkademiaCMM &#8211; Przewodnik dla prywatnych stacji meteorologicznych"}]},{"@type":"WebSite","@id":"https:\/\/cmm.imgw.pl\/#website","url":"https:\/\/cmm.imgw.pl\/","name":"Laboratorium Modelowania Meteorologicznego CMOK IMGW-PIB","description":"CMOK-LMM Laboratorium pe\u0142ni pa\u0144stwow\u0105 s\u0142u\u017cb\u0119 hydrologiczno-meteorologiczn\u0105 w zakresie numerycznych prognoz pogody, kt\u00f3rego zadaniem jest konsolidacja kompetencji w obszarze modelowania zjawisk pogodowych oraz dalszego rozwoju numerycznych modeli pogody (NMP).","publisher":{"@id":"https:\/\/cmm.imgw.pl\/#organization"},"potentialAction":[{"@type":"SearchAction","target":{"@type":"EntryPoint","urlTemplate":"https:\/\/cmm.imgw.pl\/?s={search_term_string}"},"query-input":"required name=search_term_string"}],"inLanguage":"pl-PL"},{"@type":"Organization","@id":"https:\/\/cmm.imgw.pl\/#organization","name":"Laboratorium Modelowania Meteorologicznego CMOK IMGW-PIB","url":"https:\/\/cmm.imgw.pl\/","sameAs":["https:\/\/www.facebook.com\/Meteoimgw\/","https:\/\/twitter.com\/IMGW_CMM"],"logo":{"@type":"ImageObject","inLanguage":"pl-PL","@id":"https:\/\/cmm.imgw.pl\/#\/schema\/logo\/image\/","url":"https:\/\/cmm.imgw.pl\/wp-content\/uploads\/2025\/10\/MODELE_LOGO_UNIFIKACJA_v2.png","contentUrl":"https:\/\/cmm.imgw.pl\/wp-content\/uploads\/2025\/10\/MODELE_LOGO_UNIFIKACJA_v2.png","width":1356,"height":365,"caption":"Laboratorium Modelowania Meteorologicznego CMOK IMGW-PIB"},"image":{"@id":"https:\/\/cmm.imgw.pl\/#\/schema\/logo\/image\/"}}]}},"_links":{"self":[{"href":"https:\/\/cmm.imgw.pl\/index.php?rest_route=\/wp\/v2\/pages\/41914"}],"collection":[{"href":"https:\/\/cmm.imgw.pl\/index.php?rest_route=\/wp\/v2\/pages"}],"about":[{"href":"https:\/\/cmm.imgw.pl\/index.php?rest_route=\/wp\/v2\/types\/page"}],"author":[{"embeddable":true,"href":"https:\/\/cmm.imgw.pl\/index.php?rest_route=\/wp\/v2\/users\/3"}],"replies":[{"embeddable":true,"href":"https:\/\/cmm.imgw.pl\/index.php?rest_route=%2Fwp%2Fv2%2Fcomments&post=41914"}],"version-history":[{"count":7,"href":"https:\/\/cmm.imgw.pl\/index.php?rest_route=\/wp\/v2\/pages\/41914\/revisions"}],"predecessor-version":[{"id":41922,"href":"https:\/\/cmm.imgw.pl\/index.php?rest_route=\/wp\/v2\/pages\/41914\/revisions\/41922"}],"wp:featuredmedia":[{"embeddable":true,"href":"https:\/\/cmm.imgw.pl\/index.php?rest_route=\/wp\/v2\/media\/41921"}],"wp:attachment":[{"href":"https:\/\/cmm.imgw.pl\/index.php?rest_route=%2Fwp%2Fv2%2Fmedia&parent=41914"}],"curies":[{"name":"wp","href":"https:\/\/api.w.org\/{rel}","templated":true}]}}