{"id":41781,"date":"2024-06-24T11:46:34","date_gmt":"2024-06-24T09:46:34","guid":{"rendered":"https:\/\/cmm.imgw.pl\/?page_id=41781"},"modified":"2024-06-24T13:19:20","modified_gmt":"2024-06-24T11:19:20","slug":"imgw-pib-cmm-zjawiska-ekstremalne-duplicate-37030","status":"publish","type":"page","link":"https:\/\/cmm.imgw.pl\/?page_id=41781","title":{"rendered":"IMGW-PIB CMM: Zjawiska ekstremalne &#8211; Duplicate &#8211; [#37030]"},"content":{"rendered":"<p style=\"margin-top: 0pt; margin-bottom: 0pt; margin-left: 0in; direction: ltr; unicode-bidi: embed; word-break: normal; text-align: center;\"><strong>Zjawiska ekstremalne<br \/>\n<\/strong><\/p>\n<figure><img src=\"http:\/\/cmm.imgw.pl\/wp-content\/uploads\/2023\/08\/Absolute_Reality_v16_extreme_weather_Thunderstorm_with_windy_w_23-300x167.jpg\" alt=\"Absolute_Reality_v16_extreme_weather_Thunderstorm_with_windy_w_2(3)\"><\/figure>\n<figure><img src=\"http:\/\/cmm.imgw.pl\/wp-content\/uploads\/2023\/08\/Absolute_Reality_v16_extreme_weather_Thunderstorm_with_windy_w_03-300x167.jpg\" alt=\"Absolute_Reality_v16_extreme_weather_Thunderstorm_with_windy_w_0(3)\"><\/figure>\n<figure><img src=\"http:\/\/cmm.imgw.pl\/wp-content\/uploads\/2023\/08\/Absolute_Reality_v16_extreme_weather_Thunderstorm_with_windy_w_33-300x167.jpg\" alt=\"Absolute_Reality_v16_extreme_weather_Thunderstorm_with_windy_w_3(3)\"><\/figure>\n<figure><img src=\"http:\/\/cmm.imgw.pl\/wp-content\/uploads\/2023\/08\/Absolute_Reality_v16_extreme_weather_Thunderstorm_with_windy_w_12-300x167.jpg\" alt=\"Absolute_Reality_v16_extreme_weather_Thunderstorm_with_windy_w_1(2)\"><\/figure>\n<figure><img src=\"http:\/\/cmm.imgw.pl\/wp-content\/uploads\/2023\/08\/Absolute_Reality_v16_extreme_weather_Thunderstorm_with_windy_w_02-300x167.jpg\" alt=\"Absolute_Reality_v16_extreme_weather_Thunderstorm_with_windy_w_0(2)\"><\/figure>\n<figure><img src=\"http:\/\/cmm.imgw.pl\/wp-content\/uploads\/2023\/08\/Absolute_Reality_v16_extreme_weather_Thunderstorm_with_windy_w_22-300x167.jpg\" alt=\"Absolute_Reality_v16_extreme_weather_Thunderstorm_with_windy_w_2(2)\"><\/figure>\n<figure><img src=\"http:\/\/cmm.imgw.pl\/wp-content\/uploads\/2023\/08\/Absolute_Reality_v16_extreme_weather_Thunderstorm_with_windy_w_32-300x167.jpg\" alt=\"Absolute_Reality_v16_extreme_weather_Thunderstorm_with_windy_w_3(2)\"><\/figure>\n<figure><img src=\"http:\/\/cmm.imgw.pl\/wp-content\/uploads\/2023\/08\/Absolute_Reality_v16_extreme_weather_Thunderstorm_with_windy_w_01-300x167.jpg\" alt=\"Absolute_Reality_v16_extreme_weather_Thunderstorm_with_windy_w_0(1)\"><\/figure>\n<figure><img src=\"http:\/\/cmm.imgw.pl\/wp-content\/uploads\/2023\/08\/Absolute_Reality_v16_extreme_weather_Thunderstorm_with_windy_w_11-300x167.jpg\" alt=\"Absolute_Reality_v16_extreme_weather_Thunderstorm_with_windy_w_1(1)\"><\/figure>\n<figure><img src=\"http:\/\/cmm.imgw.pl\/wp-content\/uploads\/2023\/08\/Absolute_Reality_v16_extreme_weather_Thunderstorm_with_windy_w_21-300x167.jpg\" alt=\"Absolute_Reality_v16_extreme_weather_Thunderstorm_with_windy_w_2(1)\"><\/figure>\n<figure><img src=\"http:\/\/cmm.imgw.pl\/wp-content\/uploads\/2023\/08\/Absolute_Reality_v16_extreme_weather_Thunderstorm_with_windy_w_31-300x167.jpg\" alt=\"Absolute_Reality_v16_extreme_weather_Thunderstorm_with_windy_w_3(1)\"><\/figure>\n<link rel=\"stylesheet\" type=\"text\/css\" href=\"styles.css\">\n<style>\n    .expander {<br \/>\n    cursor: pointer;<br \/>\n    color: blue;<br \/>\n    text-decoration: underline;<br \/>\n}<br \/>\n<\/style>\n<p style=\"text-align: justify;\">Coraz cz\u0119\u015bciej jeste\u015bmy \u015bwiadkami niebezpiecznych zdarze\u0144 pogodowych. Niejednokrotnie maj\u0105 one charakter zdarze\u0144 ekstremalnych. Ich nat\u0119\u017cenie, termin i miejsce wyst\u0105pienia bywaj\u0105 zr\u00f3\u017cnicowane, podobnie jak ocena w odniesieniu do norm klimatycznych dla obszaru meteorologicznej os\u0142ony Polski.<\/p>\n<p>            Rozwi\u0144<\/p>\n<p style=\"text-align: justify;\">Zmiana klimatu i zwi\u0105zana z ni\u0105 niepewno\u015b\u0107 predykcji, a tak\u017ce wzrost cz\u0119sto\u015bci wyst\u0119powania zdarze\u0144 ekstremalnych, sprawiaj\u0105, \u017ce skuteczny monitoring stanu atmosfery pozostaje jednym z kluczowych zada\u0144 s\u0142u\u017cb meteorologicznych. I wymaga analiz wielu sytuacji, takich jak d\u0142ugotrwa\u0142e susze, upa\u0142y, intensywne opady deszczu skutkuj\u0105ce powodziami lub podtopieniami, huraganowe wiatry, tr\u0105by powietrzne czy gwa\u0142towne burze. Co istotne \u2013 z ekstremalnymi zdarzeniami spotykamy si\u0119 nie tylko w&nbsp;okresie letnim. W przebiegu rocznym wyst\u0119puje wiele sytuacji o charakterze anomalii pogodowych, kt\u00f3re z racji funkcjonowania systemu klimatycznego, a przede wszystkim przygotowania ludno\u015bci czy ich fizjologicznej adaptacji, r\u00f3wnie\u017c s\u0105 istotne. Jednym z takich incydent\u00f3w by\u0142o wyst\u0105pienie wysokiej warto\u015bci temperatury powietrza w noc sylwestrow\u0105 prze\u0142omu 2022 i 2023 roku. Zabrak\u0142o w\u00f3wczas kilku stopni Celsjusza, aby zakwalifikowa\u0107 t\u0119 noc jako noc tropikaln\u0105 (Tmin&gt;20\u00b0C). Wraz z post\u0119puj\u0105c\u0105 zmian\u0105 klimatu obserwujemy bowiem zacieranie si\u0119 typowych termicznych p\u00f3r roku, natomiast kolejnym problemem staje si\u0119 wspomniana nieprzewidywalno\u015b\u0107 i kontrastowo\u015b\u0107 warunk\u00f3w r\u00f3wnie\u017c w&nbsp;kr\u00f3tszych okresach. Ostatnie zimy ma\u0142o przypominaj\u0105 zimy sprzed kilku dekad, a predykcje klimatyczne wskazuj\u0105 na post\u0119puj\u0105ce ocieplenie. Nie mo\u017cemy jednak wykluczy\u0107, \u017ce pojawi\u0105 si\u0119 epizody o podobnym jak przed laty charakterze, nawet w przebiegu \u0142agodnej zimy. Z powy\u017cszych wzgl\u0119d\u00f3w zachodzi potrzeba prowadzenia nieustannego monitoringu, w r\u00f3\u017cnych skalach przestrzennych i&nbsp;czasowych. Z uwzgl\u0119dnieniem, \u017ce procesy z kt\u00f3rymi do tej pory nie mieli\u015bmy do czynienia na obszarze naszego kraju lub w wi\u0119kszej skali przestrzennej, r\u00f3wnie\u017c mog\u0105 wyst\u0105pi\u0107.<\/p>\n<p style=\"text-align: justify;\">Wspomniana meteorologiczna zmienno\u015b\u0107 rzutuje na wiele obszar\u00f3w \u017cycia spo\u0142ecznego i&nbsp;gospodarczego. Jak cho\u0107by rolnictwo, gdzie wyst\u0119powanie sk\u0105pej pokrywy \u015bnie\u017cnej i opad\u00f3w realnie przek\u0142adaj\u0105 si\u0119 na dost\u0119pno\u015b\u0107 wody w profilu glebowym, co odbija si\u0119 na plonach rolniczych. Zdarzenia ekstremalne prowadz\u0105 do powstania wielu szk\u00f3d czy ogranicze\u0144 u\u017cytkowania w r\u00f3\u017cnych skalach. Od d\u0142ugookresowych jak wspomniane problemy w rolnictwie, czy przeobra\u017cenia ekosystem\u00f3w po sytuacje okresowe, zwi\u0105zane z brakami wody. Jednak najwi\u0119kszej uwagi wymagaj\u0105 sytuacje nag\u0142e, cz\u0119sto o du\u017cym nat\u0119\u017ceniu proces\u00f3w, lokalne b\u0105d\u017a o dramatycznym przebiegu, prowadz\u0105ce do powstanie uraz\u00f3w lub \u015bmierci poszkodowanych oraz zniszczenia mienia czy infrastruktury. Dlatego tak wa\u017cne s\u0105 trafne i terminowe prognozy oraz ostrze\u017cenia przed ekstremalnymi zjawiskami.<\/p>\n<p style=\"text-align: justify;\">W celu poprawy jako\u015bci synoptycznych oraz numerycznych prognoz pogody oraz skuteczniejszego os\u0142aniania spo\u0142ecze\u0144stwa przed ekstremalnymi zdarzeniami meteorologicznymi, konieczna jest ci\u0105g\u0142a analiza proces\u00f3w fizycznych zachodz\u0105cych w atmosferze oraz weryfikacja schemat\u00f3w opracowania prognoz pogody. Weryfikacj\u0119 mo\u017cna przeprowadzi\u0107 w uj\u0119ciu statystycznym, ale ta metoda nie b\u0119dzie skutkowa\u0107 popraw\u0105 jako\u015bci prognoz. Wa\u017cnym elementem sk\u0142adowym weryfikacji prognoz pogody jest ich analiza z uwzgl\u0119dnieniem odwzorowania proces\u00f3w fizycznych w symulacjach numerycznych, kt\u00f3re mog\u0105 dostarcza\u0107 b\u0142\u0119dnych sugestii synoptykowi, co do prognostycznego scenariusza pogody na kilka najbli\u017cszych dni. Maj\u0105c na uwadze ograniczenia numerycznych modeli pogody wa\u017cne jest zatem \u015bledzenie i diagnozowanie przyczyn nietrafnych predykcji w odniesieniu do proces\u00f3w wynikaj\u0105cych z fizyki atmosfery, a ponadto prowadzenie bada\u0144 naukowych w tym zakresie i podejmowanie krok\u00f3w naprawczych. Oczywi\u015bcie na ile to jest mo\u017cliwe przy obecnym stanie wiedzy w zakresie fizyki atmosfery oraz metod numerycznych a tak\u017ce z uwzgl\u0119dnieniem zasob\u00f3w kadrowych i obliczeniowych.<\/p>\n<p style=\"text-align: justify;\">Bior\u0105c pod uwag\u0119 powy\u017csze aspekty Instytut Meteorologii i Gospodarki Wodnej \u2013 Pa\u0144stwowy Instytut Badawczy powo\u0142a\u0142 zesp\u00f3\u0142 ekspert\u00f3w z <strong>Centrum Meteorologicznej Os\u0142ony Kraju<\/strong> i <strong>Centrum Modelowania Meteorologicznego<\/strong> pod kierownictwem <strong>dr Grzegorza Du\u0144ca<\/strong>. Zesp\u00f3\u0142 b\u0119dzie analizowa\u0142 wybrane zjawiska ekstremalne w uj\u0119ciu ilo\u015bciowym i jako\u015bciowym, wykorzystuj\u0105c r\u00f3\u017cnorodne dane pochodz\u0105ce z sieci pomiar\u00f3w bezpo\u015brednich i zdalnych oraz numerycznych modeli pogody. Pe\u0142ni\u0105c s\u0142u\u017cb\u0119 meteorologiczn\u0105 obserwujemy rosn\u0105c\u0105 z roku na rok liczb\u0119 zjawisk, kt\u00f3re kwalifikujemy jako ekstremalne. R\u00f3wnie\u017c ich obraz bywa nietypowy w przebiegu rocznym lub w odniesieniu do dotychczasowych norm czy schemat\u00f3w, dlatego nasz Zesp\u00f3\u0142 liczy na szerok\u0105 wsp\u00f3\u0142prac\u0119 ze spo\u0142ecze\u0144stwem i innymi instytucjami w zakresie pozyskiwania dodatkowych obserwacji i analiz z&nbsp;miejsc dotkni\u0119tych wyst\u0119powaniem zjawisk ekstremalnych.<\/p>\n<p style=\"text-align: center;\"><strong>Wybierz z kalendarza zjawisko, aby zobaczy\u0107 opracowania na dedykowanej stronie.<\/strong><\/p>\n<p>\t\t\t\t\t\t\t\t\t\t\t\t\t\t\t<img width=\"232\" height=\"68\" src=\"http:\/\/cmm.imgw.pl\/wp-content\/uploads\/2023\/08\/logo_CMM.png\" alt=\"\" loading=\"lazy\"><\/p>\n<p style=\"text-align: justify;\">Opracowanie pod kierunkiem Grzegorza Du\u0144ca, przez zesp\u00f3\u0142 w sk\u0142adzie: Joanna Wieczorek, Marta Gruszczy\u0144ska, Andrzej Mazur, Jan Szturc, Mateusz Barczyk, Szymon Og\u00f3rek, Rados\u0142aw Dro\u017adzio\u0142, Robert Pyrc, Ma\u0142gorzata Bachmatiuk, Mateusz Zamajtys, Agnieszka Dywal-Tylmand, Marcin Grzelczyk.<\/p>\n<p style=\"text-align: justify;\">Nadz\u00f3r merytoryczny prof. Mariusz Figurski i Piotr Ramza.<\/p>\n<h2>\n\t\t\t\tUDOST\u0118PNIJ STRON\u0118<\/h2>\n","protected":false},"excerpt":{"rendered":"<p>Przegl\u0105daj raporty meteorologiczne dotycz\u0105ce ekstremalnych zjawisk nad Polsk\u0105. Nasza strona oferuje szczeg\u00f3\u0142owe analizy historycznych burz, intensywnych opad\u00f3w, silnych wiatr\u00f3w i innych ekstremalnych warunk\u00f3w atmosferycznych, kt\u00f3re mia\u0142y miejsce w przesz\u0142o\u015bci. Dzi\u0119ki tym danym, mo\u017cesz zg\u0142\u0119bia\u0107 i analizowa\u0107 wcze\u015bniejsze zdarzenia, co pomaga w lepszym zrozumieniu i przewidywaniu podobnych sytuacji w przysz\u0142o\u015bci.<\/p>\n","protected":false},"author":1,"featured_media":37031,"parent":0,"menu_order":0,"comment_status":"open","ping_status":"closed","template":"","meta":{"ocean_post_layout":"","ocean_both_sidebars_style":"","ocean_both_sidebars_content_width":0,"ocean_both_sidebars_sidebars_width":0,"ocean_sidebar":"0","ocean_second_sidebar":"0","ocean_disable_margins":"enable","ocean_add_body_class":"","ocean_shortcode_before_top_bar":"","ocean_shortcode_after_top_bar":"","ocean_shortcode_before_header":"","ocean_shortcode_after_header":"","ocean_has_shortcode":"","ocean_shortcode_after_title":"","ocean_shortcode_before_footer_widgets":"","ocean_shortcode_after_footer_widgets":"","ocean_shortcode_before_footer_bottom":"","ocean_shortcode_after_footer_bottom":"","ocean_display_top_bar":"off","ocean_display_header":"off","ocean_header_style":"","ocean_center_header_left_menu":"0","ocean_custom_header_template":"0","ocean_custom_logo":0,"ocean_custom_retina_logo":0,"ocean_custom_logo_max_width":0,"ocean_custom_logo_tablet_max_width":0,"ocean_custom_logo_mobile_max_width":0,"ocean_custom_logo_max_height":0,"ocean_custom_logo_tablet_max_height":0,"ocean_custom_logo_mobile_max_height":0,"ocean_header_custom_menu":"0","ocean_menu_typo_font_family":"0","ocean_menu_typo_font_subset":"","ocean_menu_typo_font_size":0,"ocean_menu_typo_font_size_tablet":0,"ocean_menu_typo_font_size_mobile":0,"ocean_menu_typo_font_size_unit":"px","ocean_menu_typo_font_weight":"","ocean_menu_typo_font_weight_tablet":"","ocean_menu_typo_font_weight_mobile":"","ocean_menu_typo_transform":"","ocean_menu_typo_transform_tablet":"","ocean_menu_typo_transform_mobile":"","ocean_menu_typo_line_height":0,"ocean_menu_typo_line_height_tablet":0,"ocean_menu_typo_line_height_mobile":0,"ocean_menu_typo_line_height_unit":"","ocean_menu_typo_spacing":0,"ocean_menu_typo_spacing_tablet":0,"ocean_menu_typo_spacing_mobile":0,"ocean_menu_typo_spacing_unit":"","ocean_menu_link_color":"","ocean_menu_link_color_hover":"","ocean_menu_link_color_active":"","ocean_menu_link_background":"","ocean_menu_link_hover_background":"","ocean_menu_link_active_background":"","ocean_menu_social_links_bg":"","ocean_menu_social_hover_links_bg":"","ocean_menu_social_links_color":"","ocean_menu_social_hover_links_color":"","ocean_disable_title":"default","ocean_disable_heading":"default","ocean_post_title":"","ocean_post_subheading":"","ocean_post_title_style":"","ocean_post_title_background_color":"","ocean_post_title_background":0,"ocean_post_title_bg_image_position":"","ocean_post_title_bg_image_attachment":"","ocean_post_title_bg_image_repeat":"","ocean_post_title_bg_image_size":"","ocean_post_title_height":0,"ocean_post_title_bg_overlay":0.5,"ocean_post_title_bg_overlay_color":"","ocean_disable_breadcrumbs":"default","ocean_breadcrumbs_color":"","ocean_breadcrumbs_separator_color":"","ocean_breadcrumbs_links_color":"","ocean_breadcrumbs_links_hover_color":"","ocean_display_footer_widgets":"default","ocean_display_footer_bottom":"default","ocean_custom_footer_template":"0"},"yoast_head":"<!-- This site is optimized with the Yoast SEO plugin v19.5.1 - https:\/\/yoast.com\/wordpress\/plugins\/seo\/ -->\n<title>IMGW-PIB CMM: Zjawiska ekstremalne - Duplicate - [#37030] - Laboratorium Modelowania Meteorologicznego CMOK IMGW-PIB<\/title>\n<meta name=\"description\" content=\"Zjawiska ekstremalnePrzegl\u0105daj raporty meteorologiczne dotycz\u0105ce ekstremalnych zjawisk nad Polsk\u0105. Nasza strona oferuje szczeg\u00f3\u0142owe analizy historycznych burz, intensywnych opad\u00f3w, silnych wiatr\u00f3w i innych ekstremalnych warunk\u00f3w atmosferycznych, kt\u00f3re mia\u0142y miejsce w przesz\u0142o\u015bci. Dzi\u0119ki tym danym, mo\u017cesz zg\u0142\u0119bia\u0107 i analizowa\u0107 wcze\u015bniejsze zdarzenia, co pomaga w lepszym zrozumieniu i przewidywaniu podobnych sytuacji w przysz\u0142o\u015bci.\" \/>\n<meta name=\"robots\" content=\"index, follow, max-snippet:-1, max-image-preview:large, max-video-preview:-1\" \/>\n<link rel=\"canonical\" href=\"https:\/\/cmm.imgw.pl\/?page_id=41781\" \/>\n<meta property=\"og:locale\" content=\"pl_PL\" \/>\n<meta property=\"og:type\" content=\"article\" \/>\n<meta property=\"og:title\" content=\"IMGW-PIB CMM: Zjawiska ekstremalne\" \/>\n<meta property=\"og:description\" content=\"Przegl\u0105daj raporty meteorologiczne dotycz\u0105ce ekstremalnych zjawisk nad Polsk\u0105. Nasza strona oferuje szczeg\u00f3\u0142owe analizy historycznych burz, intensywnych opad\u00f3w, silnych wiatr\u00f3w i innych ekstremalnych warunk\u00f3w atmosferycznych, kt\u00f3re mia\u0142y miejsce w przesz\u0142o\u015bci. Dzi\u0119ki tym danym, mo\u017cesz zg\u0142\u0119bia\u0107 i analizowa\u0107 wcze\u015bniejsze zdarzenia, co pomaga w lepszym zrozumieniu i przewidywaniu podobnych sytuacji w przysz\u0142o\u015bci.\" \/>\n<meta property=\"og:url\" content=\"https:\/\/cmm.imgw.pl\/?page_id=41781\" \/>\n<meta property=\"og:site_name\" content=\"Laboratorium Modelowania Meteorologicznego CMOK IMGW-PIB\" \/>\n<meta property=\"article:publisher\" content=\"https:\/\/www.facebook.com\/Meteoimgw\/\" \/>\n<meta property=\"article:modified_time\" content=\"2024-06-24T11:19:20+00:00\" \/>\n<meta property=\"og:image\" content=\"http:\/\/cmm.imgw.pl\/wp-content\/uploads\/2023\/09\/RPG_40_at_day_storm_with_whirlwind_and_lightning_blizzard_with_0.jpg\" \/>\n\t<meta property=\"og:image:width\" content=\"768\" \/>\n\t<meta property=\"og:image:height\" content=\"768\" \/>\n\t<meta property=\"og:image:type\" content=\"image\/jpeg\" \/>\n<meta name=\"twitter:card\" content=\"summary_large_image\" \/>\n<meta name=\"twitter:title\" content=\"IMGW-PIB CMM: Zjawiska ekstremalne\" \/>\n<meta name=\"twitter:description\" content=\"Przegl\u0105daj raporty meteorologiczne dotycz\u0105ce ekstremalnych zjawisk nad Polsk\u0105. Nasza strona oferuje szczeg\u00f3\u0142owe analizy historycznych burz, intensywnych opad\u00f3w, silnych wiatr\u00f3w i innych ekstremalnych warunk\u00f3w atmosferycznych, kt\u00f3re mia\u0142y miejsce w przesz\u0142o\u015bci. Dzi\u0119ki tym danym, mo\u017cesz zg\u0142\u0119bia\u0107 i analizowa\u0107 wcze\u015bniejsze zdarzenia, co pomaga w lepszym zrozumieniu i przewidywaniu podobnych sytuacji w przysz\u0142o\u015bci.\" \/>\n<meta name=\"twitter:image\" content=\"https:\/\/cmm.imgw.pl\/wp-content\/uploads\/2023\/09\/RPG_40_at_day_storm_with_whirlwind_and_lightning_blizzard_with_0.jpg\" \/>\n<meta name=\"twitter:site\" content=\"@IMGW_CMM\" \/>\n<meta name=\"twitter:label1\" content=\"Szacowany czas czytania\" \/>\n\t<meta name=\"twitter:data1\" content=\"4 minuty\" \/>\n<script type=\"application\/ld+json\" class=\"yoast-schema-graph\">{\"@context\":\"https:\/\/schema.org\",\"@graph\":[{\"@type\":\"WebPage\",\"@id\":\"https:\/\/cmm.imgw.pl\/?page_id=41781\",\"url\":\"https:\/\/cmm.imgw.pl\/?page_id=41781\",\"name\":\"IMGW-PIB CMM: Zjawiska ekstremalne - Duplicate - [#37030] - Laboratorium Modelowania Meteorologicznego CMOK IMGW-PIB\",\"isPartOf\":{\"@id\":\"https:\/\/cmm.imgw.pl\/#website\"},\"datePublished\":\"2024-06-24T09:46:34+00:00\",\"dateModified\":\"2024-06-24T11:19:20+00:00\",\"description\":\"Zjawiska ekstremalnePrzegl\u0105daj raporty meteorologiczne dotycz\u0105ce ekstremalnych zjawisk nad Polsk\u0105. Nasza strona oferuje szczeg\u00f3\u0142owe analizy historycznych burz, intensywnych opad\u00f3w, silnych wiatr\u00f3w i innych ekstremalnych warunk\u00f3w atmosferycznych, kt\u00f3re mia\u0142y miejsce w przesz\u0142o\u015bci. Dzi\u0119ki tym danym, mo\u017cesz zg\u0142\u0119bia\u0107 i analizowa\u0107 wcze\u015bniejsze zdarzenia, co pomaga w lepszym zrozumieniu i przewidywaniu podobnych sytuacji w przysz\u0142o\u015bci.\",\"breadcrumb\":{\"@id\":\"https:\/\/cmm.imgw.pl\/?page_id=41781#breadcrumb\"},\"inLanguage\":\"pl-PL\",\"potentialAction\":[{\"@type\":\"ReadAction\",\"target\":[\"https:\/\/cmm.imgw.pl\/?page_id=41781\"]}]},{\"@type\":\"BreadcrumbList\",\"@id\":\"https:\/\/cmm.imgw.pl\/?page_id=41781#breadcrumb\",\"itemListElement\":[{\"@type\":\"ListItem\",\"position\":1,\"name\":\"Home\",\"item\":\"https:\/\/cmm.imgw.pl\/\"},{\"@type\":\"ListItem\",\"position\":2,\"name\":\"IMGW-PIB CMM: Zjawiska ekstremalne &#8211; Duplicate &#8211; [#37030]\"}]},{\"@type\":\"WebSite\",\"@id\":\"https:\/\/cmm.imgw.pl\/#website\",\"url\":\"https:\/\/cmm.imgw.pl\/\",\"name\":\"Laboratorium Modelowania Meteorologicznego CMOK IMGW-PIB\",\"description\":\"CMOK-LMM Laboratorium pe\u0142ni pa\u0144stwow\u0105 s\u0142u\u017cb\u0119 hydrologiczno-meteorologiczn\u0105 w zakresie numerycznych prognoz pogody, kt\u00f3rego zadaniem jest konsolidacja kompetencji w obszarze modelowania zjawisk pogodowych oraz dalszego rozwoju numerycznych modeli pogody (NMP).\",\"publisher\":{\"@id\":\"https:\/\/cmm.imgw.pl\/#organization\"},\"potentialAction\":[{\"@type\":\"SearchAction\",\"target\":{\"@type\":\"EntryPoint\",\"urlTemplate\":\"https:\/\/cmm.imgw.pl\/?s={search_term_string}\"},\"query-input\":\"required name=search_term_string\"}],\"inLanguage\":\"pl-PL\"},{\"@type\":\"Organization\",\"@id\":\"https:\/\/cmm.imgw.pl\/#organization\",\"name\":\"Laboratorium Modelowania Meteorologicznego CMOK IMGW-PIB\",\"url\":\"https:\/\/cmm.imgw.pl\/\",\"sameAs\":[\"https:\/\/www.facebook.com\/Meteoimgw\/\",\"https:\/\/twitter.com\/IMGW_CMM\"],\"logo\":{\"@type\":\"ImageObject\",\"inLanguage\":\"pl-PL\",\"@id\":\"https:\/\/cmm.imgw.pl\/#\/schema\/logo\/image\/\",\"url\":\"https:\/\/cmm.imgw.pl\/wp-content\/uploads\/2025\/10\/MODELE_LOGO_UNIFIKACJA_v2.png\",\"contentUrl\":\"https:\/\/cmm.imgw.pl\/wp-content\/uploads\/2025\/10\/MODELE_LOGO_UNIFIKACJA_v2.png\",\"width\":1356,\"height\":365,\"caption\":\"Laboratorium Modelowania Meteorologicznego CMOK IMGW-PIB\"},\"image\":{\"@id\":\"https:\/\/cmm.imgw.pl\/#\/schema\/logo\/image\/\"}}]}<\/script>\n<!-- \/ Yoast SEO plugin. -->","yoast_head_json":{"title":"IMGW-PIB CMM: Zjawiska ekstremalne - Duplicate - [#37030] - Laboratorium Modelowania Meteorologicznego CMOK IMGW-PIB","description":"Zjawiska ekstremalnePrzegl\u0105daj raporty meteorologiczne dotycz\u0105ce ekstremalnych zjawisk nad Polsk\u0105. Nasza strona oferuje szczeg\u00f3\u0142owe analizy historycznych burz, intensywnych opad\u00f3w, silnych wiatr\u00f3w i innych ekstremalnych warunk\u00f3w atmosferycznych, kt\u00f3re mia\u0142y miejsce w przesz\u0142o\u015bci. Dzi\u0119ki tym danym, mo\u017cesz zg\u0142\u0119bia\u0107 i analizowa\u0107 wcze\u015bniejsze zdarzenia, co pomaga w lepszym zrozumieniu i przewidywaniu podobnych sytuacji w przysz\u0142o\u015bci.","robots":{"index":"index","follow":"follow","max-snippet":"max-snippet:-1","max-image-preview":"max-image-preview:large","max-video-preview":"max-video-preview:-1"},"canonical":"https:\/\/cmm.imgw.pl\/?page_id=41781","og_locale":"pl_PL","og_type":"article","og_title":"IMGW-PIB CMM: Zjawiska ekstremalne","og_description":"Przegl\u0105daj raporty meteorologiczne dotycz\u0105ce ekstremalnych zjawisk nad Polsk\u0105. Nasza strona oferuje szczeg\u00f3\u0142owe analizy historycznych burz, intensywnych opad\u00f3w, silnych wiatr\u00f3w i innych ekstremalnych warunk\u00f3w atmosferycznych, kt\u00f3re mia\u0142y miejsce w przesz\u0142o\u015bci. Dzi\u0119ki tym danym, mo\u017cesz zg\u0142\u0119bia\u0107 i analizowa\u0107 wcze\u015bniejsze zdarzenia, co pomaga w lepszym zrozumieniu i przewidywaniu podobnych sytuacji w przysz\u0142o\u015bci.","og_url":"https:\/\/cmm.imgw.pl\/?page_id=41781","og_site_name":"Laboratorium Modelowania Meteorologicznego CMOK IMGW-PIB","article_publisher":"https:\/\/www.facebook.com\/Meteoimgw\/","article_modified_time":"2024-06-24T11:19:20+00:00","og_image":[{"width":768,"height":768,"url":"http:\/\/cmm.imgw.pl\/wp-content\/uploads\/2023\/09\/RPG_40_at_day_storm_with_whirlwind_and_lightning_blizzard_with_0.jpg","type":"image\/jpeg"}],"twitter_card":"summary_large_image","twitter_title":"IMGW-PIB CMM: Zjawiska ekstremalne","twitter_description":"Przegl\u0105daj raporty meteorologiczne dotycz\u0105ce ekstremalnych zjawisk nad Polsk\u0105. Nasza strona oferuje szczeg\u00f3\u0142owe analizy historycznych burz, intensywnych opad\u00f3w, silnych wiatr\u00f3w i innych ekstremalnych warunk\u00f3w atmosferycznych, kt\u00f3re mia\u0142y miejsce w przesz\u0142o\u015bci. Dzi\u0119ki tym danym, mo\u017cesz zg\u0142\u0119bia\u0107 i analizowa\u0107 wcze\u015bniejsze zdarzenia, co pomaga w lepszym zrozumieniu i przewidywaniu podobnych sytuacji w przysz\u0142o\u015bci.","twitter_image":"https:\/\/cmm.imgw.pl\/wp-content\/uploads\/2023\/09\/RPG_40_at_day_storm_with_whirlwind_and_lightning_blizzard_with_0.jpg","twitter_site":"@IMGW_CMM","twitter_misc":{"Szacowany czas czytania":"4 minuty"},"schema":{"@context":"https:\/\/schema.org","@graph":[{"@type":"WebPage","@id":"https:\/\/cmm.imgw.pl\/?page_id=41781","url":"https:\/\/cmm.imgw.pl\/?page_id=41781","name":"IMGW-PIB CMM: Zjawiska ekstremalne - Duplicate - [#37030] - Laboratorium Modelowania Meteorologicznego CMOK IMGW-PIB","isPartOf":{"@id":"https:\/\/cmm.imgw.pl\/#website"},"datePublished":"2024-06-24T09:46:34+00:00","dateModified":"2024-06-24T11:19:20+00:00","description":"Zjawiska ekstremalnePrzegl\u0105daj raporty meteorologiczne dotycz\u0105ce ekstremalnych zjawisk nad Polsk\u0105. Nasza strona oferuje szczeg\u00f3\u0142owe analizy historycznych burz, intensywnych opad\u00f3w, silnych wiatr\u00f3w i innych ekstremalnych warunk\u00f3w atmosferycznych, kt\u00f3re mia\u0142y miejsce w przesz\u0142o\u015bci. Dzi\u0119ki tym danym, mo\u017cesz zg\u0142\u0119bia\u0107 i analizowa\u0107 wcze\u015bniejsze zdarzenia, co pomaga w lepszym zrozumieniu i przewidywaniu podobnych sytuacji w przysz\u0142o\u015bci.","breadcrumb":{"@id":"https:\/\/cmm.imgw.pl\/?page_id=41781#breadcrumb"},"inLanguage":"pl-PL","potentialAction":[{"@type":"ReadAction","target":["https:\/\/cmm.imgw.pl\/?page_id=41781"]}]},{"@type":"BreadcrumbList","@id":"https:\/\/cmm.imgw.pl\/?page_id=41781#breadcrumb","itemListElement":[{"@type":"ListItem","position":1,"name":"Home","item":"https:\/\/cmm.imgw.pl\/"},{"@type":"ListItem","position":2,"name":"IMGW-PIB CMM: Zjawiska ekstremalne &#8211; Duplicate &#8211; [#37030]"}]},{"@type":"WebSite","@id":"https:\/\/cmm.imgw.pl\/#website","url":"https:\/\/cmm.imgw.pl\/","name":"Laboratorium Modelowania Meteorologicznego CMOK IMGW-PIB","description":"CMOK-LMM Laboratorium pe\u0142ni pa\u0144stwow\u0105 s\u0142u\u017cb\u0119 hydrologiczno-meteorologiczn\u0105 w zakresie numerycznych prognoz pogody, kt\u00f3rego zadaniem jest konsolidacja kompetencji w obszarze modelowania zjawisk pogodowych oraz dalszego rozwoju numerycznych modeli pogody (NMP).","publisher":{"@id":"https:\/\/cmm.imgw.pl\/#organization"},"potentialAction":[{"@type":"SearchAction","target":{"@type":"EntryPoint","urlTemplate":"https:\/\/cmm.imgw.pl\/?s={search_term_string}"},"query-input":"required name=search_term_string"}],"inLanguage":"pl-PL"},{"@type":"Organization","@id":"https:\/\/cmm.imgw.pl\/#organization","name":"Laboratorium Modelowania Meteorologicznego CMOK IMGW-PIB","url":"https:\/\/cmm.imgw.pl\/","sameAs":["https:\/\/www.facebook.com\/Meteoimgw\/","https:\/\/twitter.com\/IMGW_CMM"],"logo":{"@type":"ImageObject","inLanguage":"pl-PL","@id":"https:\/\/cmm.imgw.pl\/#\/schema\/logo\/image\/","url":"https:\/\/cmm.imgw.pl\/wp-content\/uploads\/2025\/10\/MODELE_LOGO_UNIFIKACJA_v2.png","contentUrl":"https:\/\/cmm.imgw.pl\/wp-content\/uploads\/2025\/10\/MODELE_LOGO_UNIFIKACJA_v2.png","width":1356,"height":365,"caption":"Laboratorium Modelowania Meteorologicznego CMOK IMGW-PIB"},"image":{"@id":"https:\/\/cmm.imgw.pl\/#\/schema\/logo\/image\/"}}]}},"_links":{"self":[{"href":"https:\/\/cmm.imgw.pl\/index.php?rest_route=\/wp\/v2\/pages\/41781"}],"collection":[{"href":"https:\/\/cmm.imgw.pl\/index.php?rest_route=\/wp\/v2\/pages"}],"about":[{"href":"https:\/\/cmm.imgw.pl\/index.php?rest_route=\/wp\/v2\/types\/page"}],"author":[{"embeddable":true,"href":"https:\/\/cmm.imgw.pl\/index.php?rest_route=\/wp\/v2\/users\/1"}],"replies":[{"embeddable":true,"href":"https:\/\/cmm.imgw.pl\/index.php?rest_route=%2Fwp%2Fv2%2Fcomments&post=41781"}],"version-history":[{"count":11,"href":"https:\/\/cmm.imgw.pl\/index.php?rest_route=\/wp\/v2\/pages\/41781\/revisions"}],"predecessor-version":[{"id":41801,"href":"https:\/\/cmm.imgw.pl\/index.php?rest_route=\/wp\/v2\/pages\/41781\/revisions\/41801"}],"wp:featuredmedia":[{"embeddable":true,"href":"https:\/\/cmm.imgw.pl\/index.php?rest_route=\/wp\/v2\/media\/37031"}],"wp:attachment":[{"href":"https:\/\/cmm.imgw.pl\/index.php?rest_route=%2Fwp%2Fv2%2Fmedia&parent=41781"}],"curies":[{"name":"wp","href":"https:\/\/api.w.org\/{rel}","templated":true}]}}