{"id":36467,"date":"2023-08-28T10:14:01","date_gmt":"2023-08-28T08:14:01","guid":{"rendered":"https:\/\/cmm.imgw.pl\/?page_id=36467"},"modified":"2023-08-28T10:14:35","modified_gmt":"2023-08-28T08:14:35","slug":"akademiacmm-marsjanski-lazik-perseverance-sledzi-ogromnych-rozmiarow-plame-na-powierzchni-niewidocznej-strony-slonca","status":"publish","type":"page","link":"https:\/\/cmm.imgw.pl\/?page_id=36467","title":{"rendered":"#AkademiaCMM &#8211; Marsja\u0144ski \u0142azik Perseverance \u015bledzi ogromnych rozmiar\u00f3w plam\u0119 na powierzchni niewidocznej strony S\u0142o\u0144ca."},"content":{"rendered":"\n<p><strong><strong><strong>Marsja\u0144ski \u0142azik Perseverance \u015bledzi ogromnych rozmiar\u00f3w plam\u0119 na powierzchni niewidocznej strony S\u0142o\u0144ca.<\/strong><\/strong><\/strong><\/p>\n\n\n<div class=\"wp-block-post-date\"><time datetime=\"2023-08-28T10:14:01+02:00\">28 sierpnia 2023<\/time><\/div>\n\n<p style=\"text-align: justify;\">Opracowanie: Prof. Mariusz Figurski, IMGW-PIB Centrum Modelowania Meteorologicznego<\/p>\n<p style=\"text-align: justify;\"><strong>Marsja\u0144ski \u0142azik Perseverance \u015bledzi ogromnych rozmiar\u00f3w plam\u0119 na powierzchni niewidocznej strony S\u0142o\u0144ca.<\/strong><\/p>\n<p style=\"text-align: justify;\"><img loading=\"lazy\" width=\"1200\" height=\"675\" class=\"wp-image-36469\" src=\"http:\/\/cmm.imgw.pl\/wp-content\/uploads\/2023\/08\/obraz-zawierajacy-obiekt-astronomiczny-astronomia.png\" alt=\"Obraz zawieraj\u0105cy Obiekt astronomiczny, astronomia, kr\u0105g, kula\n\nOpis wygenerowany automatycznie\" srcset=\"https:\/\/cmm.imgw.pl\/wp-content\/uploads\/2023\/08\/obraz-zawierajacy-obiekt-astronomiczny-astronomia.png 1200w, https:\/\/cmm.imgw.pl\/wp-content\/uploads\/2023\/08\/obraz-zawierajacy-obiekt-astronomiczny-astronomia-300x169.png 300w, https:\/\/cmm.imgw.pl\/wp-content\/uploads\/2023\/08\/obraz-zawierajacy-obiekt-astronomiczny-astronomia-1024x576.png 1024w, https:\/\/cmm.imgw.pl\/wp-content\/uploads\/2023\/08\/obraz-zawierajacy-obiekt-astronomiczny-astronomia-768x432.png 768w, https:\/\/cmm.imgw.pl\/wp-content\/uploads\/2023\/08\/obraz-zawierajacy-obiekt-astronomiczny-astronomia-800x450.png 800w\" sizes=\"(max-width: 1200px) 100vw, 1200px\" \/><\/p>\n<p style=\"text-align: justify;\">\u0141azik marsja\u0144ski NASA Perseverance 20 sierpnia 2023 roku wykona\u0142 zdj\u0119cie plamy s\u0142onecznej ogromnych rozmiar\u00f3w (dolny \u015brodek dysku s\u0142onecznego). \u0179r\u00f3d\u0142o: NASA\/JPL-Caltech\/ASU.<\/p>\n<p style=\"text-align: justify;\">Naukowcy z NASA kilka dni temu zaobserwowali ogromnych rozmiar\u00f3w plam\u0119 s\u0142oneczn\u0105 na powierzchni S\u0142o\u0144ca, kt\u00f3ra mo\u017ce w tym tygodniu oznacza\u0107 pewne problemy dla Ziemi, naukowcy przewiduj\u0105, \u017ce b\u0119dzie ona nadal si\u0119 powi\u0119ksza\u0107 i za kilka dni b\u0119dzie widoczna z Ziemi. Super plam\u0119 zaobserwowa\u0142 po raz pierwszy \u0141azik marsja\u0144ski NASA Perseverance, kt\u00f3rego zadaniem jest g\u0142\u00f3wnie badanie powierzchni Czerwonej Planety i zbieranie pr\u00f3bek, wykona\u0142 zdj\u0119cia giganta przelatuj\u0105cego po drugiej stronie S\u0142o\u0144ca w okresie od 17 do 20 sierpnia.<\/p>\n<p style=\"text-align: justify;\"><img loading=\"lazy\" width=\"1200\" height=\"675\" class=\"wp-image-36470\" src=\"http:\/\/cmm.imgw.pl\/wp-content\/uploads\/2023\/08\/obraz-zawierajacy-zrzut-ekranu-statyw-niebo-na.png\" alt=\"Obraz zawieraj\u0105cy zrzut ekranu, statyw, niebo, na wolnym powietrzu\n\nOpis wygenerowany automatycznie\" srcset=\"https:\/\/cmm.imgw.pl\/wp-content\/uploads\/2023\/08\/obraz-zawierajacy-zrzut-ekranu-statyw-niebo-na.png 1200w, https:\/\/cmm.imgw.pl\/wp-content\/uploads\/2023\/08\/obraz-zawierajacy-zrzut-ekranu-statyw-niebo-na-300x169.png 300w, https:\/\/cmm.imgw.pl\/wp-content\/uploads\/2023\/08\/obraz-zawierajacy-zrzut-ekranu-statyw-niebo-na-1024x576.png 1024w, https:\/\/cmm.imgw.pl\/wp-content\/uploads\/2023\/08\/obraz-zawierajacy-zrzut-ekranu-statyw-niebo-na-768x432.png 768w, https:\/\/cmm.imgw.pl\/wp-content\/uploads\/2023\/08\/obraz-zawierajacy-zrzut-ekranu-statyw-niebo-na-800x450.png 800w\" sizes=\"(max-width: 1200px) 100vw, 1200px\" \/><\/p>\n<p style=\"text-align: left;\">\u0141azik Perseverance dzia\u0142aj\u0105cy na powierzchni Marsa. \u0179r\u00f3d\u0142o: NASA\/JPL-Caltech.<\/p>\n<p style=\"text-align: justify;\">\u0141azik, kt\u00f3ry codziennie fotografuje S\u0142o\u0144ce za pomoc\u0105 systemu kamer Mastcam-Z w celu pomiaru wielko\u015bci i ilo\u015bci py\u0142u obecnego w marsja\u0144skiej atmosferze, znajdowa\u0142 si\u0119 ponad 450 milion\u00f3w kilometr\u00f3w od naszej macierzystej gwiazdy. Plamy s\u0142oneczne obserwowane przez system kamer \u0142azika s\u0105 ciemniejszymi i ch\u0142odniejszymi obszarami wielko\u015bci na powierzchni S\u0142o\u0144ca, a ich wielko\u015b\u0107 mo\u017ce by\u0107 wielokrotnie wi\u0119ksza od naszej planety. Plamom s\u0142onecznym towarzyszy silna aktywno\u015b\u0107 magnetyczna, a w ich s\u0105siedztwie z regu\u0142y pojawi\u0105 si\u0119 rozb\u0142yski s\u0142oneczne i koronalne wyrzuty masy (masywne wybuchy plazmy s\u0142onecznej), kt\u00f3re mog\u0105 powodowa\u0107 zak\u0142\u00f3cenia w nawigacji satelitarnej, a w skrajnych przypadkach doprowadzi\u0107 do zak\u0142\u00f3ce\u0144 w systemie sieci energetycznych na Ziemi.<\/p>\n<p style=\"text-align: justify;\">Plamy s\u0142oneczne powstaj\u0105, gdy koncentracje \u201eposkr\u0119canego\u201d pola magnetycznego wy\u0142aniaj\u0105 si\u0119 z warstw znajduj\u0105cych si\u0119 g\u0142\u0119boko wewn\u0105trz S\u0142o\u0144ca. Pole magnetyczne w obszarach aktywnych plam s\u0142onecznych mo\u017ce by\u0107 nawet 2500 razy silniejsze ni\u017c na Ziemi. Cz\u0119stotliwo\u015b\u0107 i intensywno\u015b\u0107 pojawiaj\u0105cych wi\u0119 ciemnych plam widocznych na powierzchni S\u0142o\u0144ca wskazuje na poziom aktywno\u015bci s\u0142onecznej podczas 11-letniego cyklu s\u0142onecznego i 22 letniego cyklu magnetycznego S\u0142o\u0144ca. Eksperci uwa\u017caj\u0105, \u017ce S\u0142o\u0144ce osi\u0105gnie maksimum swojej aktywno\u015bci do ko\u0144ca bie\u017c\u0105cego roku, pomimo \u017ce wcze\u015bniejsze przewidywania wskazywa\u0142y na lata 2024-2025.<\/p>\n<p style=\"text-align: justify;\">\u0141aziki marsja\u0144skie opr\u00f3cz rutynowych dzia\u0142a\u0144 zwi\u0105zanych z eksploracj\u0105 powierzchni i atmosfery Marsa stanowi\u0105 r\u00f3wnie\u017c wa\u017cny element systemu pogody kosmicznej, kt\u00f3ry informuje o mo\u017cliwych kosmicznych zagro\u017ceniach dla naszej planety. Dzieje si\u0119 tak poniewa\u017c Mars znajduje si\u0119 w tej chwili po drugiej stronie S\u0142o\u0144ca wzgl\u0119dem Ziemi i \u0142azik Perseverance mo\u017ce dostrzec zbli\u017caj\u0105ce si\u0119 plamy s\u0142oneczne ponad tydzie\u0144 wcze\u015bniej ni\u017c ziemskie obserwatoria. Informacje przesy\u0142ane z powierzchni Marsa mo\u017cna uzna\u0107 za jednotygodniowe ostrze\u017cenie \u201edu\u017ca plama s\u0142oneczna nadchodzi i mo\u017ce by\u0107 \u017ar\u00f3d\u0142em zagro\u017cenia na Ziemi&#8221;. Na podstawie serii zdj\u0119\u0107 przes\u0142anych przez \u0142azik zosta\u0142a przygotowana animacja, przedstawiaj\u0105 masywn\u0105 czarn\u0105 plam\u0119 poruszaj\u0105c\u0105 si\u0119 po powierzchni S\u0142o\u0144ca. Pomimo nikiej rozdzielczo\u015bci zdj\u0119\u0107 super plama jest dobrze widoczna, co podkre\u015bla gigantyczne jej rozmiary. Czy faktycznie b\u0119dzie ona widoczna z Ziemi, jako super plama, aby odpowiedzie\u0107 na to pytanie musimy poczeka\u0107 jeszcze kilka dni.<\/p>\n<p style=\"text-align: justify;\">Animacja: NASA\/JPL-Caltech\/ASU<\/p>\n<div style=\"width: 1200px;\" class=\"wp-video\"><!--[if lt IE 9]><script>document.createElement('video');<\/script><![endif]-->\n<video class=\"wp-video-shortcode\" id=\"video-36467-1\" width=\"1200\" height=\"675\" loop=\"1\" preload=\"metadata\" controls=\"controls\"><source type=\"video\/mp4\" src=\"http:\/\/cmm.imgw.pl\/wp-content\/uploads\/2023\/08\/NASAs-Perseverance-Mars-Rover-Sees-Big-Sunspot-Of-Dark-And-Cool-Areas.mp4?_=1\" \/><a href=\"http:\/\/cmm.imgw.pl\/wp-content\/uploads\/2023\/08\/NASAs-Perseverance-Mars-Rover-Sees-Big-Sunspot-Of-Dark-And-Cool-Areas.mp4\">http:\/\/cmm.imgw.pl\/wp-content\/uploads\/2023\/08\/NASAs-Perseverance-Mars-Rover-Sees-Big-Sunspot-Of-Dark-And-Cool-Areas.mp4<\/a><\/video><\/div>\n\n\n<hr class=\"wp-block-separator has-alpha-channel-opacity\"\/>\n\n\n\n<p class=\"has-text-align-center\">Udost\u0119pnij<\/p>\n","protected":false},"excerpt":{"rendered":"<p>Naukowcy z NASA kilka dni temu zaobserwowali ogromnych rozmiar\u00f3w plam\u0119 s\u0142oneczn\u0105 na powierzchni S\u0142o\u0144ca, kt\u00f3ra mo\u017ce w tym tygodniu oznacza\u0107 pewne problemy dla Ziemi, naukowcy przewiduj\u0105, \u017ce b\u0119dzie ona nadal si\u0119 powi\u0119ksza\u0107 i za kilka dni b\u0119dzie widoczna z Ziemi. Super plam\u0119 zaobserwowa\u0142 po raz pierwszy \u0141azik marsja\u0144ski NASA Perseverance, kt\u00f3rego zadaniem jest g\u0142\u00f3wnie badanie powierzchni Czerwonej Planety i zbieranie pr\u00f3bek, wykona\u0142 zdj\u0119cia giganta przelatuj\u0105cego po drugiej stronie S\u0142o\u0144ca w okresie od 17 do 20 sierpnia.<\/p>\n","protected":false},"author":3,"featured_media":36470,"parent":0,"menu_order":0,"comment_status":"open","ping_status":"closed","template":"templates\/landing.php","meta":{"ocean_post_layout":"","ocean_both_sidebars_style":"","ocean_both_sidebars_content_width":0,"ocean_both_sidebars_sidebars_width":0,"ocean_sidebar":"0","ocean_second_sidebar":"0","ocean_disable_margins":"enable","ocean_add_body_class":"","ocean_shortcode_before_top_bar":"","ocean_shortcode_after_top_bar":"","ocean_shortcode_before_header":"","ocean_shortcode_after_header":"","ocean_has_shortcode":"","ocean_shortcode_after_title":"","ocean_shortcode_before_footer_widgets":"","ocean_shortcode_after_footer_widgets":"","ocean_shortcode_before_footer_bottom":"","ocean_shortcode_after_footer_bottom":"","ocean_display_top_bar":"off","ocean_display_header":"off","ocean_header_style":"custom","ocean_center_header_left_menu":"0","ocean_custom_header_template":"2993","ocean_custom_logo":0,"ocean_custom_retina_logo":0,"ocean_custom_logo_max_width":0,"ocean_custom_logo_tablet_max_width":0,"ocean_custom_logo_mobile_max_width":0,"ocean_custom_logo_max_height":0,"ocean_custom_logo_tablet_max_height":0,"ocean_custom_logo_mobile_max_height":0,"ocean_header_custom_menu":"0","ocean_menu_typo_font_family":"0","ocean_menu_typo_font_subset":"","ocean_menu_typo_font_size":0,"ocean_menu_typo_font_size_tablet":0,"ocean_menu_typo_font_size_mobile":0,"ocean_menu_typo_font_size_unit":"px","ocean_menu_typo_font_weight":"","ocean_menu_typo_font_weight_tablet":"","ocean_menu_typo_font_weight_mobile":"","ocean_menu_typo_transform":"","ocean_menu_typo_transform_tablet":"","ocean_menu_typo_transform_mobile":"","ocean_menu_typo_line_height":0,"ocean_menu_typo_line_height_tablet":0,"ocean_menu_typo_line_height_mobile":0,"ocean_menu_typo_line_height_unit":"","ocean_menu_typo_spacing":0,"ocean_menu_typo_spacing_tablet":0,"ocean_menu_typo_spacing_mobile":0,"ocean_menu_typo_spacing_unit":"","ocean_menu_link_color":"","ocean_menu_link_color_hover":"","ocean_menu_link_color_active":"","ocean_menu_link_background":"","ocean_menu_link_hover_background":"","ocean_menu_link_active_background":"","ocean_menu_social_links_bg":"","ocean_menu_social_hover_links_bg":"","ocean_menu_social_links_color":"","ocean_menu_social_hover_links_color":"","ocean_disable_title":"default","ocean_disable_heading":"default","ocean_post_title":"","ocean_post_subheading":"","ocean_post_title_style":"","ocean_post_title_background_color":"","ocean_post_title_background":0,"ocean_post_title_bg_image_position":"","ocean_post_title_bg_image_attachment":"","ocean_post_title_bg_image_repeat":"","ocean_post_title_bg_image_size":"","ocean_post_title_height":0,"ocean_post_title_bg_overlay":0.5,"ocean_post_title_bg_overlay_color":"","ocean_disable_breadcrumbs":"default","ocean_breadcrumbs_color":"","ocean_breadcrumbs_separator_color":"","ocean_breadcrumbs_links_color":"","ocean_breadcrumbs_links_hover_color":"","ocean_display_footer_widgets":"default","ocean_display_footer_bottom":"default","ocean_custom_footer_template":"0"},"yoast_head":"<!-- This site is optimized with the Yoast SEO plugin v19.5.1 - https:\/\/yoast.com\/wordpress\/plugins\/seo\/ -->\n<title>#AkademiaCMM - Marsja\u0144ski \u0142azik Perseverance \u015bledzi ogromnych rozmiar\u00f3w plam\u0119 na powierzchni niewidocznej strony S\u0142o\u0144ca. - Laboratorium Modelowania Meteorologicznego CMOK IMGW-PIB<\/title>\n<meta name=\"description\" content=\"Marsja\u0144ski \u0142azik Perseverance \u015bledzi ogromnych rozmiar\u00f3w plam\u0119 na powierzchni niewidocznej strony S\u0142o\u0144ca.\u0141azik marsja\u0144ski NASA Perseverance 20 sierpnia 2023 roku wykona\u0142 zdj\u0119cie plamy s\u0142onecznej ogromnych rozmiar\u00f3w (dolny \u015brodek dysku s\u0142onecznego).\" \/>\n<meta name=\"robots\" content=\"index, follow, max-snippet:-1, max-image-preview:large, max-video-preview:-1\" \/>\n<link rel=\"canonical\" href=\"https:\/\/cmm.imgw.pl\/?page_id=36467\" \/>\n<meta property=\"og:locale\" content=\"pl_PL\" \/>\n<meta property=\"og:type\" content=\"article\" \/>\n<meta property=\"og:title\" content=\"#AkademiaCMM - Marsja\u0144ski \u0142azik Perseverance \u015bledzi ogromnych rozmiar\u00f3w plam\u0119 na powierzchni niewidocznej strony S\u0142o\u0144ca.\" \/>\n<meta property=\"og:description\" content=\"Naukowcy z NASA kilka dni temu zaobserwowali ogromnych rozmiar\u00f3w plam\u0119 s\u0142oneczn\u0105 na powierzchni S\u0142o\u0144ca, kt\u00f3ra mo\u017ce w tym tygodniu oznacza\u0107 pewne problemy dla Ziemi, naukowcy przewiduj\u0105, \u017ce b\u0119dzie ona nadal si\u0119 powi\u0119ksza\u0107 i za kilka dni b\u0119dzie widoczna z Ziemi. Super plam\u0119 zaobserwowa\u0142 po raz pierwszy \u0141azik marsja\u0144ski NASA Perseverance, kt\u00f3rego zadaniem jest g\u0142\u00f3wnie badanie powierzchni Czerwonej Planety i zbieranie pr\u00f3bek, wykona\u0142 zdj\u0119cia giganta przelatuj\u0105cego po drugiej stronie S\u0142o\u0144ca w okresie od 17 do 20 sierpnia.\" \/>\n<meta property=\"og:url\" content=\"https:\/\/cmm.imgw.pl\/?page_id=36467\" \/>\n<meta property=\"og:site_name\" content=\"Laboratorium Modelowania Meteorologicznego CMOK IMGW-PIB\" \/>\n<meta property=\"article:publisher\" content=\"https:\/\/www.facebook.com\/Meteoimgw\/\" \/>\n<meta property=\"article:modified_time\" content=\"2023-08-28T08:14:35+00:00\" \/>\n<meta property=\"og:image\" content=\"http:\/\/cmm.imgw.pl\/wp-content\/uploads\/2023\/08\/obraz-zawierajacy-zrzut-ekranu-statyw-niebo-na.png\" \/>\n\t<meta property=\"og:image:width\" content=\"1200\" \/>\n\t<meta property=\"og:image:height\" content=\"675\" \/>\n\t<meta property=\"og:image:type\" content=\"image\/png\" \/>\n<meta name=\"twitter:card\" content=\"summary_large_image\" \/>\n<meta name=\"twitter:title\" content=\"#AkademiaCMM - Marsja\u0144ski \u0142azik Perseverance \u015bledzi ogromnych rozmiar\u00f3w plam\u0119 na powierzchni niewidocznej strony S\u0142o\u0144ca.\" \/>\n<meta name=\"twitter:description\" content=\"Naukowcy z NASA kilka dni temu zaobserwowali ogromnych rozmiar\u00f3w plam\u0119 s\u0142oneczn\u0105 na powierzchni S\u0142o\u0144ca, kt\u00f3ra mo\u017ce w tym tygodniu oznacza\u0107 pewne problemy dla Ziemi, naukowcy przewiduj\u0105, \u017ce b\u0119dzie ona nadal si\u0119 powi\u0119ksza\u0107 i za kilka dni b\u0119dzie widoczna z Ziemi. Super plam\u0119 zaobserwowa\u0142 po raz pierwszy \u0141azik marsja\u0144ski NASA Perseverance, kt\u00f3rego zadaniem jest g\u0142\u00f3wnie badanie powierzchni Czerwonej Planety i zbieranie pr\u00f3bek, wykona\u0142 zdj\u0119cia giganta przelatuj\u0105cego po drugiej stronie S\u0142o\u0144ca w okresie od 17 do 20 sierpnia.\" \/>\n<meta name=\"twitter:image\" content=\"https:\/\/cmm.imgw.pl\/wp-content\/uploads\/2023\/08\/obraz-zawierajacy-zrzut-ekranu-statyw-niebo-na.png\" \/>\n<meta name=\"twitter:site\" content=\"@IMGW_CMM\" \/>\n<meta name=\"twitter:label1\" content=\"Szacowany czas czytania\" \/>\n\t<meta name=\"twitter:data1\" content=\"14 minut\" \/>\n<script type=\"application\/ld+json\" class=\"yoast-schema-graph\">{\"@context\":\"https:\/\/schema.org\",\"@graph\":[{\"@type\":\"WebPage\",\"@id\":\"https:\/\/cmm.imgw.pl\/?page_id=36467\",\"url\":\"https:\/\/cmm.imgw.pl\/?page_id=36467\",\"name\":\"#AkademiaCMM - Marsja\u0144ski \u0142azik Perseverance \u015bledzi ogromnych rozmiar\u00f3w plam\u0119 na powierzchni niewidocznej strony S\u0142o\u0144ca. - Laboratorium Modelowania Meteorologicznego CMOK IMGW-PIB\",\"isPartOf\":{\"@id\":\"https:\/\/cmm.imgw.pl\/#website\"},\"datePublished\":\"2023-08-28T08:14:01+00:00\",\"dateModified\":\"2023-08-28T08:14:35+00:00\",\"description\":\"Marsja\u0144ski \u0142azik Perseverance \u015bledzi ogromnych rozmiar\u00f3w plam\u0119 na powierzchni niewidocznej strony S\u0142o\u0144ca.\u0141azik marsja\u0144ski NASA Perseverance 20 sierpnia 2023 roku wykona\u0142 zdj\u0119cie plamy s\u0142onecznej ogromnych rozmiar\u00f3w (dolny \u015brodek dysku s\u0142onecznego).\",\"breadcrumb\":{\"@id\":\"https:\/\/cmm.imgw.pl\/?page_id=36467#breadcrumb\"},\"inLanguage\":\"pl-PL\",\"potentialAction\":[{\"@type\":\"ReadAction\",\"target\":[\"https:\/\/cmm.imgw.pl\/?page_id=36467\"]}]},{\"@type\":\"BreadcrumbList\",\"@id\":\"https:\/\/cmm.imgw.pl\/?page_id=36467#breadcrumb\",\"itemListElement\":[{\"@type\":\"ListItem\",\"position\":1,\"name\":\"Home\",\"item\":\"https:\/\/cmm.imgw.pl\/\"},{\"@type\":\"ListItem\",\"position\":2,\"name\":\"#AkademiaCMM &#8211; Marsja\u0144ski \u0142azik Perseverance \u015bledzi ogromnych rozmiar\u00f3w plam\u0119 na powierzchni niewidocznej strony S\u0142o\u0144ca.\"}]},{\"@type\":\"WebSite\",\"@id\":\"https:\/\/cmm.imgw.pl\/#website\",\"url\":\"https:\/\/cmm.imgw.pl\/\",\"name\":\"Laboratorium Modelowania Meteorologicznego CMOK IMGW-PIB\",\"description\":\"CMOK-LMM Laboratorium pe\u0142ni pa\u0144stwow\u0105 s\u0142u\u017cb\u0119 hydrologiczno-meteorologiczn\u0105 w zakresie numerycznych prognoz pogody, kt\u00f3rego zadaniem jest konsolidacja kompetencji w obszarze modelowania zjawisk pogodowych oraz dalszego rozwoju numerycznych modeli pogody (NMP).\",\"publisher\":{\"@id\":\"https:\/\/cmm.imgw.pl\/#organization\"},\"potentialAction\":[{\"@type\":\"SearchAction\",\"target\":{\"@type\":\"EntryPoint\",\"urlTemplate\":\"https:\/\/cmm.imgw.pl\/?s={search_term_string}\"},\"query-input\":\"required name=search_term_string\"}],\"inLanguage\":\"pl-PL\"},{\"@type\":\"Organization\",\"@id\":\"https:\/\/cmm.imgw.pl\/#organization\",\"name\":\"Laboratorium Modelowania Meteorologicznego CMOK IMGW-PIB\",\"url\":\"https:\/\/cmm.imgw.pl\/\",\"sameAs\":[\"https:\/\/www.facebook.com\/Meteoimgw\/\",\"https:\/\/twitter.com\/IMGW_CMM\"],\"logo\":{\"@type\":\"ImageObject\",\"inLanguage\":\"pl-PL\",\"@id\":\"https:\/\/cmm.imgw.pl\/#\/schema\/logo\/image\/\",\"url\":\"https:\/\/cmm.imgw.pl\/wp-content\/uploads\/2025\/10\/MODELE_LOGO_UNIFIKACJA_v2.png\",\"contentUrl\":\"https:\/\/cmm.imgw.pl\/wp-content\/uploads\/2025\/10\/MODELE_LOGO_UNIFIKACJA_v2.png\",\"width\":1356,\"height\":365,\"caption\":\"Laboratorium Modelowania Meteorologicznego CMOK IMGW-PIB\"},\"image\":{\"@id\":\"https:\/\/cmm.imgw.pl\/#\/schema\/logo\/image\/\"}}]}<\/script>\n<!-- \/ Yoast SEO plugin. -->","yoast_head_json":{"title":"#AkademiaCMM - Marsja\u0144ski \u0142azik Perseverance \u015bledzi ogromnych rozmiar\u00f3w plam\u0119 na powierzchni niewidocznej strony S\u0142o\u0144ca. - Laboratorium Modelowania Meteorologicznego CMOK IMGW-PIB","description":"Marsja\u0144ski \u0142azik Perseverance \u015bledzi ogromnych rozmiar\u00f3w plam\u0119 na powierzchni niewidocznej strony S\u0142o\u0144ca.\u0141azik marsja\u0144ski NASA Perseverance 20 sierpnia 2023 roku wykona\u0142 zdj\u0119cie plamy s\u0142onecznej ogromnych rozmiar\u00f3w (dolny \u015brodek dysku s\u0142onecznego).","robots":{"index":"index","follow":"follow","max-snippet":"max-snippet:-1","max-image-preview":"max-image-preview:large","max-video-preview":"max-video-preview:-1"},"canonical":"https:\/\/cmm.imgw.pl\/?page_id=36467","og_locale":"pl_PL","og_type":"article","og_title":"#AkademiaCMM - Marsja\u0144ski \u0142azik Perseverance \u015bledzi ogromnych rozmiar\u00f3w plam\u0119 na powierzchni niewidocznej strony S\u0142o\u0144ca.","og_description":"Naukowcy z NASA kilka dni temu zaobserwowali ogromnych rozmiar\u00f3w plam\u0119 s\u0142oneczn\u0105 na powierzchni S\u0142o\u0144ca, kt\u00f3ra mo\u017ce w tym tygodniu oznacza\u0107 pewne problemy dla Ziemi, naukowcy przewiduj\u0105, \u017ce b\u0119dzie ona nadal si\u0119 powi\u0119ksza\u0107 i za kilka dni b\u0119dzie widoczna z Ziemi. Super plam\u0119 zaobserwowa\u0142 po raz pierwszy \u0141azik marsja\u0144ski NASA Perseverance, kt\u00f3rego zadaniem jest g\u0142\u00f3wnie badanie powierzchni Czerwonej Planety i zbieranie pr\u00f3bek, wykona\u0142 zdj\u0119cia giganta przelatuj\u0105cego po drugiej stronie S\u0142o\u0144ca w okresie od 17 do 20 sierpnia.","og_url":"https:\/\/cmm.imgw.pl\/?page_id=36467","og_site_name":"Laboratorium Modelowania Meteorologicznego CMOK IMGW-PIB","article_publisher":"https:\/\/www.facebook.com\/Meteoimgw\/","article_modified_time":"2023-08-28T08:14:35+00:00","og_image":[{"width":1200,"height":675,"url":"http:\/\/cmm.imgw.pl\/wp-content\/uploads\/2023\/08\/obraz-zawierajacy-zrzut-ekranu-statyw-niebo-na.png","type":"image\/png"}],"twitter_card":"summary_large_image","twitter_title":"#AkademiaCMM - Marsja\u0144ski \u0142azik Perseverance \u015bledzi ogromnych rozmiar\u00f3w plam\u0119 na powierzchni niewidocznej strony S\u0142o\u0144ca.","twitter_description":"Naukowcy z NASA kilka dni temu zaobserwowali ogromnych rozmiar\u00f3w plam\u0119 s\u0142oneczn\u0105 na powierzchni S\u0142o\u0144ca, kt\u00f3ra mo\u017ce w tym tygodniu oznacza\u0107 pewne problemy dla Ziemi, naukowcy przewiduj\u0105, \u017ce b\u0119dzie ona nadal si\u0119 powi\u0119ksza\u0107 i za kilka dni b\u0119dzie widoczna z Ziemi. Super plam\u0119 zaobserwowa\u0142 po raz pierwszy \u0141azik marsja\u0144ski NASA Perseverance, kt\u00f3rego zadaniem jest g\u0142\u00f3wnie badanie powierzchni Czerwonej Planety i zbieranie pr\u00f3bek, wykona\u0142 zdj\u0119cia giganta przelatuj\u0105cego po drugiej stronie S\u0142o\u0144ca w okresie od 17 do 20 sierpnia.","twitter_image":"https:\/\/cmm.imgw.pl\/wp-content\/uploads\/2023\/08\/obraz-zawierajacy-zrzut-ekranu-statyw-niebo-na.png","twitter_site":"@IMGW_CMM","twitter_misc":{"Szacowany czas czytania":"14 minut"},"schema":{"@context":"https:\/\/schema.org","@graph":[{"@type":"WebPage","@id":"https:\/\/cmm.imgw.pl\/?page_id=36467","url":"https:\/\/cmm.imgw.pl\/?page_id=36467","name":"#AkademiaCMM - Marsja\u0144ski \u0142azik Perseverance \u015bledzi ogromnych rozmiar\u00f3w plam\u0119 na powierzchni niewidocznej strony S\u0142o\u0144ca. - Laboratorium Modelowania Meteorologicznego CMOK IMGW-PIB","isPartOf":{"@id":"https:\/\/cmm.imgw.pl\/#website"},"datePublished":"2023-08-28T08:14:01+00:00","dateModified":"2023-08-28T08:14:35+00:00","description":"Marsja\u0144ski \u0142azik Perseverance \u015bledzi ogromnych rozmiar\u00f3w plam\u0119 na powierzchni niewidocznej strony S\u0142o\u0144ca.\u0141azik marsja\u0144ski NASA Perseverance 20 sierpnia 2023 roku wykona\u0142 zdj\u0119cie plamy s\u0142onecznej ogromnych rozmiar\u00f3w (dolny \u015brodek dysku s\u0142onecznego).","breadcrumb":{"@id":"https:\/\/cmm.imgw.pl\/?page_id=36467#breadcrumb"},"inLanguage":"pl-PL","potentialAction":[{"@type":"ReadAction","target":["https:\/\/cmm.imgw.pl\/?page_id=36467"]}]},{"@type":"BreadcrumbList","@id":"https:\/\/cmm.imgw.pl\/?page_id=36467#breadcrumb","itemListElement":[{"@type":"ListItem","position":1,"name":"Home","item":"https:\/\/cmm.imgw.pl\/"},{"@type":"ListItem","position":2,"name":"#AkademiaCMM &#8211; Marsja\u0144ski \u0142azik Perseverance \u015bledzi ogromnych rozmiar\u00f3w plam\u0119 na powierzchni niewidocznej strony S\u0142o\u0144ca."}]},{"@type":"WebSite","@id":"https:\/\/cmm.imgw.pl\/#website","url":"https:\/\/cmm.imgw.pl\/","name":"Laboratorium Modelowania Meteorologicznego CMOK IMGW-PIB","description":"CMOK-LMM Laboratorium pe\u0142ni pa\u0144stwow\u0105 s\u0142u\u017cb\u0119 hydrologiczno-meteorologiczn\u0105 w zakresie numerycznych prognoz pogody, kt\u00f3rego zadaniem jest konsolidacja kompetencji w obszarze modelowania zjawisk pogodowych oraz dalszego rozwoju numerycznych modeli pogody (NMP).","publisher":{"@id":"https:\/\/cmm.imgw.pl\/#organization"},"potentialAction":[{"@type":"SearchAction","target":{"@type":"EntryPoint","urlTemplate":"https:\/\/cmm.imgw.pl\/?s={search_term_string}"},"query-input":"required name=search_term_string"}],"inLanguage":"pl-PL"},{"@type":"Organization","@id":"https:\/\/cmm.imgw.pl\/#organization","name":"Laboratorium Modelowania Meteorologicznego CMOK IMGW-PIB","url":"https:\/\/cmm.imgw.pl\/","sameAs":["https:\/\/www.facebook.com\/Meteoimgw\/","https:\/\/twitter.com\/IMGW_CMM"],"logo":{"@type":"ImageObject","inLanguage":"pl-PL","@id":"https:\/\/cmm.imgw.pl\/#\/schema\/logo\/image\/","url":"https:\/\/cmm.imgw.pl\/wp-content\/uploads\/2025\/10\/MODELE_LOGO_UNIFIKACJA_v2.png","contentUrl":"https:\/\/cmm.imgw.pl\/wp-content\/uploads\/2025\/10\/MODELE_LOGO_UNIFIKACJA_v2.png","width":1356,"height":365,"caption":"Laboratorium Modelowania Meteorologicznego CMOK IMGW-PIB"},"image":{"@id":"https:\/\/cmm.imgw.pl\/#\/schema\/logo\/image\/"}}]}},"_links":{"self":[{"href":"https:\/\/cmm.imgw.pl\/index.php?rest_route=\/wp\/v2\/pages\/36467"}],"collection":[{"href":"https:\/\/cmm.imgw.pl\/index.php?rest_route=\/wp\/v2\/pages"}],"about":[{"href":"https:\/\/cmm.imgw.pl\/index.php?rest_route=\/wp\/v2\/types\/page"}],"author":[{"embeddable":true,"href":"https:\/\/cmm.imgw.pl\/index.php?rest_route=\/wp\/v2\/users\/3"}],"replies":[{"embeddable":true,"href":"https:\/\/cmm.imgw.pl\/index.php?rest_route=%2Fwp%2Fv2%2Fcomments&post=36467"}],"version-history":[{"count":2,"href":"https:\/\/cmm.imgw.pl\/index.php?rest_route=\/wp\/v2\/pages\/36467\/revisions"}],"predecessor-version":[{"id":36473,"href":"https:\/\/cmm.imgw.pl\/index.php?rest_route=\/wp\/v2\/pages\/36467\/revisions\/36473"}],"wp:featuredmedia":[{"embeddable":true,"href":"https:\/\/cmm.imgw.pl\/index.php?rest_route=\/wp\/v2\/media\/36470"}],"wp:attachment":[{"href":"https:\/\/cmm.imgw.pl\/index.php?rest_route=%2Fwp%2Fv2%2Fmedia&parent=36467"}],"curies":[{"name":"wp","href":"https:\/\/api.w.org\/{rel}","templated":true}]}}