{"id":36350,"date":"2023-08-26T08:36:24","date_gmt":"2023-08-26T06:36:24","guid":{"rendered":"https:\/\/cmm.imgw.pl\/?page_id=36350"},"modified":"2023-08-26T08:37:01","modified_gmt":"2023-08-26T06:37:01","slug":"akademiacmm-detekcja-pozarow-z-wykorzystaniem-danych-satelitarnych","status":"publish","type":"page","link":"https:\/\/cmm.imgw.pl\/?page_id=36350","title":{"rendered":"#AkademiaCMM &#8211; Detekcja po\u017car\u00f3w z wykorzystaniem danych satelitarnych"},"content":{"rendered":"\n<p><strong><strong>Detekcja po\u017car\u00f3w z wykorzystaniem danych satelitarnych<\/strong><\/strong><\/p>\n\n\n<div class=\"wp-block-post-date\"><time datetime=\"2023-08-26T08:36:24+02:00\">26 sierpnia 2023<\/time><\/div>\n\n\n\n<p style=\"text-align: justify;\">Opracowanie: dr Bo\u017cena \u0141apeta, IMGW-PIB CMOK<\/p>\n<p style=\"text-align: justify;\">Po\u017cary teren\u00f3w naturalnych s\u0105 cz\u0119stym, ale trudno przewidywalnym zjawiskiem, kt\u00f3re odgrywa wa\u017cn\u0105 rol\u0119 w cyklu biochemicznym Ziemi. Chocia\u017c w wielu ekosystemach naturalne po\u017cary stanowi\u0105 istotny element cyklu zmian, jednak w wi\u0119kszo\u015bci przypadk\u00f3w stanowi\u0105 one zagro\u017cenie dla \u017cycia i\u00a0infrastruktury oraz mog\u0105 prowadzi\u0107 do wzrostu st\u0119\u017cenia gaz\u00f3w cieplarnianych w atmosferze oraz do pogorszenia jako\u015bci powietrza, a co za tym idzie &#8211; zdrowia ludzi. Dok\u0142adne i cz\u0119sto aktualizowane informacje na temat aktywno\u015bci po\u017carowej s\u0105 niezb\u0119dne do lepszego zrozumienia czynnik\u00f3w i skutk\u00f3w spalania biomasy, a tak\u017ce do pomocy w zarz\u0105dzaniu po\u017carami. Informacje te mog\u0105 by\u0107 dostarczane wy\u0142\u0105cznie przy u\u017cyciu satelitarnych metod obserwacji Ziemi. Wszelkie metody detekcji po\u017car\u00f3w z\u00a0wykorzystaniem danych satelitarnych opieraj\u0105 si\u0119 na wykrywaniu sygnatur promieniowania elektromagnetycznego (g\u0142\u00f3wnie podczerwonego) emitowanego podczas spalania biomasy. Promieniowanie to jest znacznie wy\u017csze ni\u017c promieniowanie emitowane z obszaru otaczaj\u0105cego po\u017car a ich rozk\u0142ad widmowy mo\u017cna opisa\u0107 krzyw\u0105 Plancka oraz jego pochodn\u0105, prawem przesuni\u0119\u0107 Wiena, (Ryc.1).<\/p>\n<p style=\"text-align: justify;\">Ryc.1 Rozk\u0142ad promieniowania wyemitowanego przez obiekty o r\u00f3\u017cnej temperaturze: 300 K \u2013 l\u0105d nieobj\u0119ty po\u017carem, 600 K \u2013 po\u017car tl\u0105cy si\u0119, 1000 K \u2013 p\u0142on\u0105cy ogie\u0144 (za: <em>Wooster M., et al., Satellite remote sensing of active fires: History and current status, applications and future requirements, 2021, Rem.Sen. of Env., 267(1): :112694 , DOI: 10.1016\/j.rse.2021.112694<\/em>)<\/p>\n<p style=\"text-align: justify;\">Promieniowanie emitowane przez p\u0142on\u0105cy ogie\u0144 o temperaturze 1000 K w podczerwieni d\u0142ugofalowej (LWIR) (8 &#8211; 14\u00a0\u03bcm) jest o ponad rz\u0105d wielko\u015bci wy\u017csze od promieniowania wyemitowanego z otaczaj\u0105cego po\u017car l\u0105du ale w pa\u015bmie podczerwieni \u015bredniej MIR (3 \u2013 5\u00a0\u03bcm) jest ono prawie trzy rz\u0119dy wielko\u015bci wy\u017csze &#8211; co pokazuje, dlaczego obserwacje MIR s\u0105 tak wra\u017cliwe na obecno\u015b\u0107 aktywnie p\u0142on\u0105cych po\u017car\u00f3w. Ch\u0142odniejsze tl\u0105ce si\u0119 po\u017cary emituj\u0105 ni\u017csze, ale nadal znacz\u0105ce warto\u015bci promieniowania w pasmach MIR i LWIR. Bardzo silny sygna\u0142 radiacyjny obszar\u00f3w spalania w obszarze spektralnym MIR oraz kontrast mi\u0119dzy nim a sygna\u0142em LWIR z tej samej lokalizacji oraz w MIR z pobliskich obszar\u00f3w nieobj\u0119tych po\u017carem oznaczaj\u0105, \u017ce aktywne po\u017cary mo\u017cna wykry\u0107 nawet je\u015bli obejmuj\u0105 one bardzo ma\u0142y u\u0142amek piksela. W przypadku danych satelitarnych o umiarkowanej rozdzielczo\u015bci przestrzennej, takich jak dane AVHRR, MODIS, VIIRS i SLSTR, mo\u017cliwe jest wykrycie aktywnych po\u017car\u00f3w obejmuj\u0105cych oko\u0142o 100 m\u00b2, a w niekt\u00f3rych przypadkach nawet mniejszych (Schroeder et al., 2014; Zhang et al., 2017). Istotne jest te\u017c to, \u017ce dane te s\u0105 dost\u0119pne od kilu do kilkunastu razy na dob\u0119, co zwi\u0119ksza prawdopodobie\u0144stwo wykrycia po\u017car\u00f3w kr\u00f3tkotrwa\u0142ych.<\/p>\n<p style=\"text-align: justify;\">Produktem wykorzystywanym do monitorowania po\u017car\u00f3w jest tzw. \u2018Active Fires\u2019 AF (Aktywne Po\u017cary). Dostarcza on zazwyczaj informacji o aktywno\u015bci po\u017carowej trwaj\u0105cej w momencie przelotu satelity obejmuj\u0105cej identyfikacj\u0119, lokalizacj\u0119, czas oraz moc promieniowania po\u017car\u00f3w (Fire Radiative Power; FRP). FRP jest ilo\u015bci\u0105 energii wyemitowanej przez po\u017car na wszystkich d\u0142ugo\u015bciach fali oraz we wszystkich kierunkach podawan\u0105 w megawatach (MW). Z kolei ilo\u015b\u0107 energii promieniowania emitowanej przez po\u017car w jednostce czasu jest uwa\u017cana za liniowo powi\u0105zan\u0105 ze wska\u017anikami zu\u017cycia paliwa (ro\u015blinno\u015bci i\/lub gleby organicznej) oraz emisji dymu (Wooster et al., 2021) i tym samym mo\u017ce by\u0107 wykorzystywana do prognozowania jako\u015bci powietrza w obszarze obj\u0119tym po\u017carem.<\/p>\n<p style=\"text-align: justify;\">W IMGW-PIB produkt AF jest generowany na podstawie danych satelitarnych VIIRS (Visible Infrared Imaging Radiometer Suite) odbieranych operacyjnie w Zak\u0142adzie Teledetekcji Satelitarnej z ameryka\u0144skich satelit\u00f3w S-NPP, NOAA-20 i NOAA-21. Wykorzystywane jest do tego celu oprogramowanie VIIRS Active Fires opracowane przez Cooperative Institute for Meteorological Satellite Studies, University of Wisconsin-Madison, w ramach Community Satellite Processing Package (CSPP). Oprogramowanie to wykorzystuje algorytm oparty na szeregu test\u00f3w progowych stosowanych dla danych z kana\u0142\u00f3w spektralnych VIIRS zlokalizowanych w pasmach MIR i LWIR oraz w pa\u015bmie bliskiej poczerwieni 0.7 \u2013 3\u00a0\u00b5m (tylko w ci\u0105gu dnia) (Ryc.2).<\/p>\n<p style=\"text-align: justify;\">Dane wyj\u015bciowe VIIRS AF obejmuj\u0105:<\/p>\n<ul style=\"text-align: justify;\">\n<li>mask\u0119 po\u017car\u00f3w obejmuj\u0105c\u0105 wsp\u00f3\u0142rz\u0119dne piksela oraz pewno\u015b\u0107 detekcji w trzech klasach: niska (0-29%), \u015brednia (30-79%) i wysoka (80-100%).<\/li>\n<li>temperatur\u0119 jasno\u015bciow\u0105 (K) piksela ze zidentyfikowanym po\u017carem w kanale VIIRS M13 (4.05\u00a0<a id=\"post-36350-_Hlk142033373\"><\/a>\u00b5m) lub w kanale I4 (3.74\u00a0\u00b5m).<\/li>\n<li>FRP &#8211; moc promieniowania po\u017caru (MW).<\/li>\n<\/ul>\n<p style=\"text-align: justify;\"><img loading=\"lazy\" width=\"1011\" height=\"667\" class=\"wp-image-36351 aligncenter\" src=\"http:\/\/cmm.imgw.pl\/wp-content\/uploads\/2023\/08\/obraz-zawierajacy-tekst-linia-diagram-wykres-o.png\" alt=\"Obraz zawieraj\u0105cy tekst, linia, diagram, Wykres\n\nOpis wygenerowany automatycznie\" srcset=\"https:\/\/cmm.imgw.pl\/wp-content\/uploads\/2023\/08\/obraz-zawierajacy-tekst-linia-diagram-wykres-o.png 1011w, https:\/\/cmm.imgw.pl\/wp-content\/uploads\/2023\/08\/obraz-zawierajacy-tekst-linia-diagram-wykres-o-300x198.png 300w, https:\/\/cmm.imgw.pl\/wp-content\/uploads\/2023\/08\/obraz-zawierajacy-tekst-linia-diagram-wykres-o-768x507.png 768w\" sizes=\"(max-width: 1011px) 100vw, 1011px\" \/><\/p>\n<p style=\"text-align: justify;\">Ryc.2 Rozk\u0142ad promieniowania wyemitowanego przez l\u0105d (300K), p\u0142omie\u0144 (1000K) i tl\u0105cy si\u0119 po\u017caru (650K) na tle spektralnych funkcji czu\u0142o\u015bci kana\u0142\u00f3w VIIRS wykorzystywanych przez pakiet CSPP VIIRS AF (<em>za:<\/em> <em>Algorithm Theoretical Basis Document For NOAA NDE VIIRS Active Fire, <\/em><a href=\"https:\/\/www.star.nesdis.noaa.gov\/jpss\/documents\/ATBD\/ATBD_NDE_AF_v2.6.pdf\"><em>https:\/\/www.star.nesdis.noaa.gov\/jpss\/documents\/ATBD\/ATBD_NDE_AF_v2.6.pdf<\/em><\/a>).<\/p>\n<p style=\"text-align: justify;\">Literatura:<\/p>\n<p style=\"text-align: justify;\">Giglio L., W. Schroeder, I. Csiszar, and M. Tsidulko 2016 Algorithm Theoretical Basis Document For NOAA NDE VIIRS Active Fire, <a href=\"https:\/\/www.star.nesdis.noaa.gov\/jpss\/documents\/ATBD\/ATBD_NDE_AF_v2.6.pdf\">https:\/\/www.star.nesdis.noaa.gov\/jpss\/documents\/ATBD\/ATBD_NDE_AF_v2.6.pdf<\/a>.<\/p>\n<p style=\"text-align: justify;\">Schroeder W., P. Oliva, L. Giglio, and I. Csiszar 2014 The new VIIRS 375 m active fire detection data product: Algorithm description and initial assessment. <em>Rem.Sen. of Env<\/em>., <strong>143<\/strong>, 85-96.<\/p>\n<p style=\"text-align: justify;\">Wooster M., et al. 2021 Satellite remote sensing of active fires: History and current status, applications and future requirements. <em>Rem.Sen. of Env<\/em>., <strong>267<\/strong>(1): :112694 , DOI: 10.1016\/j.rse.2021.112694.<\/p>\n<p style=\"text-align: justify;\">Zhang, T., M.J. Wooster, and W. Xu 2017 Approaches for synergistically exploiting VIIRS I-and M-Band data in regional active fire detection and FRP assessment: A demonstration with respect to agricultural residue burning in Eastern China. <em>Rem.Sen. of Env<\/em>., <strong>198<\/strong>. 407-424.<\/p>\n\n\n<hr class=\"wp-block-separator has-alpha-channel-opacity\"\/>\n\n\n\n<p class=\"has-text-align-center\">Udost\u0119pnij<\/p>\n","protected":false},"excerpt":{"rendered":"<p>Po\u017cary teren\u00f3w naturalnych s\u0105 cz\u0119stym, ale trudno przewidywalnym zjawiskiem, kt\u00f3re odgrywa wa\u017cn\u0105 rol\u0119 w cyklu biochemicznym Ziemi. Chocia\u017c w wielu ekosystemach naturalne po\u017cary stanowi\u0105 istotny element cyklu zmian, jednak w wi\u0119kszo\u015bci przypadk\u00f3w stanowi\u0105 one zagro\u017cenie dla \u017cycia i\u00a0infrastruktury oraz mog\u0105 prowadzi\u0107 do wzrostu st\u0119\u017cenia gaz\u00f3w cieplarnianych w atmosferze oraz do pogorszenia jako\u015bci powietrza, a co za tym idzie &#8211; zdrowia ludzi.<\/p>\n","protected":false},"author":3,"featured_media":36351,"parent":0,"menu_order":0,"comment_status":"open","ping_status":"closed","template":"templates\/landing.php","meta":{"ocean_post_layout":"","ocean_both_sidebars_style":"","ocean_both_sidebars_content_width":0,"ocean_both_sidebars_sidebars_width":0,"ocean_sidebar":"0","ocean_second_sidebar":"0","ocean_disable_margins":"enable","ocean_add_body_class":"","ocean_shortcode_before_top_bar":"","ocean_shortcode_after_top_bar":"","ocean_shortcode_before_header":"","ocean_shortcode_after_header":"","ocean_has_shortcode":"","ocean_shortcode_after_title":"","ocean_shortcode_before_footer_widgets":"","ocean_shortcode_after_footer_widgets":"","ocean_shortcode_before_footer_bottom":"","ocean_shortcode_after_footer_bottom":"","ocean_display_top_bar":"off","ocean_display_header":"off","ocean_header_style":"custom","ocean_center_header_left_menu":"0","ocean_custom_header_template":"2993","ocean_custom_logo":0,"ocean_custom_retina_logo":0,"ocean_custom_logo_max_width":0,"ocean_custom_logo_tablet_max_width":0,"ocean_custom_logo_mobile_max_width":0,"ocean_custom_logo_max_height":0,"ocean_custom_logo_tablet_max_height":0,"ocean_custom_logo_mobile_max_height":0,"ocean_header_custom_menu":"0","ocean_menu_typo_font_family":"0","ocean_menu_typo_font_subset":"","ocean_menu_typo_font_size":0,"ocean_menu_typo_font_size_tablet":0,"ocean_menu_typo_font_size_mobile":0,"ocean_menu_typo_font_size_unit":"px","ocean_menu_typo_font_weight":"","ocean_menu_typo_font_weight_tablet":"","ocean_menu_typo_font_weight_mobile":"","ocean_menu_typo_transform":"","ocean_menu_typo_transform_tablet":"","ocean_menu_typo_transform_mobile":"","ocean_menu_typo_line_height":0,"ocean_menu_typo_line_height_tablet":0,"ocean_menu_typo_line_height_mobile":0,"ocean_menu_typo_line_height_unit":"","ocean_menu_typo_spacing":0,"ocean_menu_typo_spacing_tablet":0,"ocean_menu_typo_spacing_mobile":0,"ocean_menu_typo_spacing_unit":"","ocean_menu_link_color":"","ocean_menu_link_color_hover":"","ocean_menu_link_color_active":"","ocean_menu_link_background":"","ocean_menu_link_hover_background":"","ocean_menu_link_active_background":"","ocean_menu_social_links_bg":"","ocean_menu_social_hover_links_bg":"","ocean_menu_social_links_color":"","ocean_menu_social_hover_links_color":"","ocean_disable_title":"default","ocean_disable_heading":"default","ocean_post_title":"","ocean_post_subheading":"","ocean_post_title_style":"","ocean_post_title_background_color":"","ocean_post_title_background":0,"ocean_post_title_bg_image_position":"","ocean_post_title_bg_image_attachment":"","ocean_post_title_bg_image_repeat":"","ocean_post_title_bg_image_size":"","ocean_post_title_height":0,"ocean_post_title_bg_overlay":0.5,"ocean_post_title_bg_overlay_color":"","ocean_disable_breadcrumbs":"default","ocean_breadcrumbs_color":"","ocean_breadcrumbs_separator_color":"","ocean_breadcrumbs_links_color":"","ocean_breadcrumbs_links_hover_color":"","ocean_display_footer_widgets":"default","ocean_display_footer_bottom":"default","ocean_custom_footer_template":"0"},"yoast_head":"<!-- This site is optimized with the Yoast SEO plugin v19.5.1 - https:\/\/yoast.com\/wordpress\/plugins\/seo\/ -->\n<title>#AkademiaCMM - Detekcja po\u017car\u00f3w z wykorzystaniem danych satelitarnych - Laboratorium Modelowania Meteorologicznego CMOK IMGW-PIB<\/title>\n<meta name=\"description\" content=\"Po\u017cary teren\u00f3w naturalnych s\u0105 cz\u0119stym, ale trudno przewidywalnym zjawiskiem, kt\u00f3re odgrywa wa\u017cn\u0105 rol\u0119 w cyklu biochemicznym Ziemi. Chocia\u017c w wielu ekosystemach naturalne po\u017cary stanowi\u0105 istotny element cyklu zmian, jednak w wi\u0119kszo\u015bci przypadk\u00f3w stanowi\u0105 one zagro\u017cenie dla \u017cycia i\u00a0infrastruktury oraz mog\u0105 prowadzi\u0107 do wzrostu st\u0119\u017cenia gaz\u00f3w cieplarnianych w atmosferze oraz do pogorszenia jako\u015bci powietrza, a co za tym idzie - zdrowia ludzi.\" \/>\n<meta name=\"robots\" content=\"index, follow, max-snippet:-1, max-image-preview:large, max-video-preview:-1\" \/>\n<link rel=\"canonical\" href=\"https:\/\/cmm.imgw.pl\/?page_id=36350\" \/>\n<meta property=\"og:locale\" content=\"pl_PL\" \/>\n<meta property=\"og:type\" content=\"article\" \/>\n<meta property=\"og:title\" content=\"#AkademiaCMM - Detekcja po\u017car\u00f3w z wykorzystaniem danych satelitarnych\" \/>\n<meta property=\"og:description\" content=\"Po\u017cary teren\u00f3w naturalnych s\u0105 cz\u0119stym, ale trudno przewidywalnym zjawiskiem, kt\u00f3re odgrywa wa\u017cn\u0105 rol\u0119 w cyklu biochemicznym Ziemi. Chocia\u017c w wielu ekosystemach naturalne po\u017cary stanowi\u0105 istotny element cyklu zmian, jednak w wi\u0119kszo\u015bci przypadk\u00f3w stanowi\u0105 one zagro\u017cenie dla \u017cycia i\u00a0infrastruktury oraz mog\u0105 prowadzi\u0107 do wzrostu st\u0119\u017cenia gaz\u00f3w cieplarnianych w atmosferze oraz do pogorszenia jako\u015bci powietrza, a co za tym idzie - zdrowia ludzi.\" \/>\n<meta property=\"og:url\" content=\"https:\/\/cmm.imgw.pl\/?page_id=36350\" \/>\n<meta property=\"og:site_name\" content=\"Laboratorium Modelowania Meteorologicznego CMOK IMGW-PIB\" \/>\n<meta property=\"article:publisher\" content=\"https:\/\/www.facebook.com\/Meteoimgw\/\" \/>\n<meta property=\"article:modified_time\" content=\"2023-08-26T06:37:01+00:00\" \/>\n<meta property=\"og:image\" content=\"http:\/\/cmm.imgw.pl\/wp-content\/uploads\/2023\/08\/obraz-zawierajacy-tekst-linia-diagram-wykres-o.png\" \/>\n\t<meta property=\"og:image:width\" content=\"1011\" \/>\n\t<meta property=\"og:image:height\" content=\"667\" \/>\n\t<meta property=\"og:image:type\" content=\"image\/png\" \/>\n<meta name=\"twitter:card\" content=\"summary_large_image\" \/>\n<meta name=\"twitter:title\" content=\"#AkademiaCMM - Detekcja po\u017car\u00f3w z wykorzystaniem danych satelitarnych\" \/>\n<meta name=\"twitter:description\" content=\"Po\u017cary teren\u00f3w naturalnych s\u0105 cz\u0119stym, ale trudno przewidywalnym zjawiskiem, kt\u00f3re odgrywa wa\u017cn\u0105 rol\u0119 w cyklu biochemicznym Ziemi. Chocia\u017c w wielu ekosystemach naturalne po\u017cary stanowi\u0105 istotny element cyklu zmian, jednak w wi\u0119kszo\u015bci przypadk\u00f3w stanowi\u0105 one zagro\u017cenie dla \u017cycia i\u00a0infrastruktury oraz mog\u0105 prowadzi\u0107 do wzrostu st\u0119\u017cenia gaz\u00f3w cieplarnianych w atmosferze oraz do pogorszenia jako\u015bci powietrza, a co za tym idzie - zdrowia ludzi.\" \/>\n<meta name=\"twitter:image\" content=\"https:\/\/cmm.imgw.pl\/wp-content\/uploads\/2023\/08\/obraz-zawierajacy-tekst-linia-diagram-wykres-o.png\" \/>\n<meta name=\"twitter:site\" content=\"@IMGW_CMM\" \/>\n<meta name=\"twitter:label1\" content=\"Szacowany czas czytania\" \/>\n\t<meta name=\"twitter:data1\" content=\"14 minut\" \/>\n<script type=\"application\/ld+json\" class=\"yoast-schema-graph\">{\"@context\":\"https:\/\/schema.org\",\"@graph\":[{\"@type\":\"WebPage\",\"@id\":\"https:\/\/cmm.imgw.pl\/?page_id=36350\",\"url\":\"https:\/\/cmm.imgw.pl\/?page_id=36350\",\"name\":\"#AkademiaCMM - Detekcja po\u017car\u00f3w z wykorzystaniem danych satelitarnych - Laboratorium Modelowania Meteorologicznego CMOK IMGW-PIB\",\"isPartOf\":{\"@id\":\"https:\/\/cmm.imgw.pl\/#website\"},\"datePublished\":\"2023-08-26T06:36:24+00:00\",\"dateModified\":\"2023-08-26T06:37:01+00:00\",\"description\":\"Po\u017cary teren\u00f3w naturalnych s\u0105 cz\u0119stym, ale trudno przewidywalnym zjawiskiem, kt\u00f3re odgrywa wa\u017cn\u0105 rol\u0119 w cyklu biochemicznym Ziemi. Chocia\u017c w wielu ekosystemach naturalne po\u017cary stanowi\u0105 istotny element cyklu zmian, jednak w wi\u0119kszo\u015bci przypadk\u00f3w stanowi\u0105 one zagro\u017cenie dla \u017cycia i\u00a0infrastruktury oraz mog\u0105 prowadzi\u0107 do wzrostu st\u0119\u017cenia gaz\u00f3w cieplarnianych w atmosferze oraz do pogorszenia jako\u015bci powietrza, a co za tym idzie - zdrowia ludzi.\",\"breadcrumb\":{\"@id\":\"https:\/\/cmm.imgw.pl\/?page_id=36350#breadcrumb\"},\"inLanguage\":\"pl-PL\",\"potentialAction\":[{\"@type\":\"ReadAction\",\"target\":[\"https:\/\/cmm.imgw.pl\/?page_id=36350\"]}]},{\"@type\":\"BreadcrumbList\",\"@id\":\"https:\/\/cmm.imgw.pl\/?page_id=36350#breadcrumb\",\"itemListElement\":[{\"@type\":\"ListItem\",\"position\":1,\"name\":\"Home\",\"item\":\"https:\/\/cmm.imgw.pl\/\"},{\"@type\":\"ListItem\",\"position\":2,\"name\":\"#AkademiaCMM &#8211; Detekcja po\u017car\u00f3w z wykorzystaniem danych satelitarnych\"}]},{\"@type\":\"WebSite\",\"@id\":\"https:\/\/cmm.imgw.pl\/#website\",\"url\":\"https:\/\/cmm.imgw.pl\/\",\"name\":\"Laboratorium Modelowania Meteorologicznego CMOK IMGW-PIB\",\"description\":\"CMOK-LMM Laboratorium pe\u0142ni pa\u0144stwow\u0105 s\u0142u\u017cb\u0119 hydrologiczno-meteorologiczn\u0105 w zakresie numerycznych prognoz pogody, kt\u00f3rego zadaniem jest konsolidacja kompetencji w obszarze modelowania zjawisk pogodowych oraz dalszego rozwoju numerycznych modeli pogody (NMP).\",\"publisher\":{\"@id\":\"https:\/\/cmm.imgw.pl\/#organization\"},\"potentialAction\":[{\"@type\":\"SearchAction\",\"target\":{\"@type\":\"EntryPoint\",\"urlTemplate\":\"https:\/\/cmm.imgw.pl\/?s={search_term_string}\"},\"query-input\":\"required name=search_term_string\"}],\"inLanguage\":\"pl-PL\"},{\"@type\":\"Organization\",\"@id\":\"https:\/\/cmm.imgw.pl\/#organization\",\"name\":\"Laboratorium Modelowania Meteorologicznego CMOK IMGW-PIB\",\"url\":\"https:\/\/cmm.imgw.pl\/\",\"sameAs\":[\"https:\/\/www.facebook.com\/Meteoimgw\/\",\"https:\/\/twitter.com\/IMGW_CMM\"],\"logo\":{\"@type\":\"ImageObject\",\"inLanguage\":\"pl-PL\",\"@id\":\"https:\/\/cmm.imgw.pl\/#\/schema\/logo\/image\/\",\"url\":\"https:\/\/cmm.imgw.pl\/wp-content\/uploads\/2025\/10\/MODELE_LOGO_UNIFIKACJA_v2.png\",\"contentUrl\":\"https:\/\/cmm.imgw.pl\/wp-content\/uploads\/2025\/10\/MODELE_LOGO_UNIFIKACJA_v2.png\",\"width\":1356,\"height\":365,\"caption\":\"Laboratorium Modelowania Meteorologicznego CMOK IMGW-PIB\"},\"image\":{\"@id\":\"https:\/\/cmm.imgw.pl\/#\/schema\/logo\/image\/\"}}]}<\/script>\n<!-- \/ Yoast SEO plugin. -->","yoast_head_json":{"title":"#AkademiaCMM - Detekcja po\u017car\u00f3w z wykorzystaniem danych satelitarnych - Laboratorium Modelowania Meteorologicznego CMOK IMGW-PIB","description":"Po\u017cary teren\u00f3w naturalnych s\u0105 cz\u0119stym, ale trudno przewidywalnym zjawiskiem, kt\u00f3re odgrywa wa\u017cn\u0105 rol\u0119 w cyklu biochemicznym Ziemi. Chocia\u017c w wielu ekosystemach naturalne po\u017cary stanowi\u0105 istotny element cyklu zmian, jednak w wi\u0119kszo\u015bci przypadk\u00f3w stanowi\u0105 one zagro\u017cenie dla \u017cycia i\u00a0infrastruktury oraz mog\u0105 prowadzi\u0107 do wzrostu st\u0119\u017cenia gaz\u00f3w cieplarnianych w atmosferze oraz do pogorszenia jako\u015bci powietrza, a co za tym idzie - zdrowia ludzi.","robots":{"index":"index","follow":"follow","max-snippet":"max-snippet:-1","max-image-preview":"max-image-preview:large","max-video-preview":"max-video-preview:-1"},"canonical":"https:\/\/cmm.imgw.pl\/?page_id=36350","og_locale":"pl_PL","og_type":"article","og_title":"#AkademiaCMM - Detekcja po\u017car\u00f3w z wykorzystaniem danych satelitarnych","og_description":"Po\u017cary teren\u00f3w naturalnych s\u0105 cz\u0119stym, ale trudno przewidywalnym zjawiskiem, kt\u00f3re odgrywa wa\u017cn\u0105 rol\u0119 w cyklu biochemicznym Ziemi. Chocia\u017c w wielu ekosystemach naturalne po\u017cary stanowi\u0105 istotny element cyklu zmian, jednak w wi\u0119kszo\u015bci przypadk\u00f3w stanowi\u0105 one zagro\u017cenie dla \u017cycia i\u00a0infrastruktury oraz mog\u0105 prowadzi\u0107 do wzrostu st\u0119\u017cenia gaz\u00f3w cieplarnianych w atmosferze oraz do pogorszenia jako\u015bci powietrza, a co za tym idzie - zdrowia ludzi.","og_url":"https:\/\/cmm.imgw.pl\/?page_id=36350","og_site_name":"Laboratorium Modelowania Meteorologicznego CMOK IMGW-PIB","article_publisher":"https:\/\/www.facebook.com\/Meteoimgw\/","article_modified_time":"2023-08-26T06:37:01+00:00","og_image":[{"width":1011,"height":667,"url":"http:\/\/cmm.imgw.pl\/wp-content\/uploads\/2023\/08\/obraz-zawierajacy-tekst-linia-diagram-wykres-o.png","type":"image\/png"}],"twitter_card":"summary_large_image","twitter_title":"#AkademiaCMM - Detekcja po\u017car\u00f3w z wykorzystaniem danych satelitarnych","twitter_description":"Po\u017cary teren\u00f3w naturalnych s\u0105 cz\u0119stym, ale trudno przewidywalnym zjawiskiem, kt\u00f3re odgrywa wa\u017cn\u0105 rol\u0119 w cyklu biochemicznym Ziemi. Chocia\u017c w wielu ekosystemach naturalne po\u017cary stanowi\u0105 istotny element cyklu zmian, jednak w wi\u0119kszo\u015bci przypadk\u00f3w stanowi\u0105 one zagro\u017cenie dla \u017cycia i\u00a0infrastruktury oraz mog\u0105 prowadzi\u0107 do wzrostu st\u0119\u017cenia gaz\u00f3w cieplarnianych w atmosferze oraz do pogorszenia jako\u015bci powietrza, a co za tym idzie - zdrowia ludzi.","twitter_image":"https:\/\/cmm.imgw.pl\/wp-content\/uploads\/2023\/08\/obraz-zawierajacy-tekst-linia-diagram-wykres-o.png","twitter_site":"@IMGW_CMM","twitter_misc":{"Szacowany czas czytania":"14 minut"},"schema":{"@context":"https:\/\/schema.org","@graph":[{"@type":"WebPage","@id":"https:\/\/cmm.imgw.pl\/?page_id=36350","url":"https:\/\/cmm.imgw.pl\/?page_id=36350","name":"#AkademiaCMM - Detekcja po\u017car\u00f3w z wykorzystaniem danych satelitarnych - Laboratorium Modelowania Meteorologicznego CMOK IMGW-PIB","isPartOf":{"@id":"https:\/\/cmm.imgw.pl\/#website"},"datePublished":"2023-08-26T06:36:24+00:00","dateModified":"2023-08-26T06:37:01+00:00","description":"Po\u017cary teren\u00f3w naturalnych s\u0105 cz\u0119stym, ale trudno przewidywalnym zjawiskiem, kt\u00f3re odgrywa wa\u017cn\u0105 rol\u0119 w cyklu biochemicznym Ziemi. Chocia\u017c w wielu ekosystemach naturalne po\u017cary stanowi\u0105 istotny element cyklu zmian, jednak w wi\u0119kszo\u015bci przypadk\u00f3w stanowi\u0105 one zagro\u017cenie dla \u017cycia i\u00a0infrastruktury oraz mog\u0105 prowadzi\u0107 do wzrostu st\u0119\u017cenia gaz\u00f3w cieplarnianych w atmosferze oraz do pogorszenia jako\u015bci powietrza, a co za tym idzie - zdrowia ludzi.","breadcrumb":{"@id":"https:\/\/cmm.imgw.pl\/?page_id=36350#breadcrumb"},"inLanguage":"pl-PL","potentialAction":[{"@type":"ReadAction","target":["https:\/\/cmm.imgw.pl\/?page_id=36350"]}]},{"@type":"BreadcrumbList","@id":"https:\/\/cmm.imgw.pl\/?page_id=36350#breadcrumb","itemListElement":[{"@type":"ListItem","position":1,"name":"Home","item":"https:\/\/cmm.imgw.pl\/"},{"@type":"ListItem","position":2,"name":"#AkademiaCMM &#8211; Detekcja po\u017car\u00f3w z wykorzystaniem danych satelitarnych"}]},{"@type":"WebSite","@id":"https:\/\/cmm.imgw.pl\/#website","url":"https:\/\/cmm.imgw.pl\/","name":"Laboratorium Modelowania Meteorologicznego CMOK IMGW-PIB","description":"CMOK-LMM Laboratorium pe\u0142ni pa\u0144stwow\u0105 s\u0142u\u017cb\u0119 hydrologiczno-meteorologiczn\u0105 w zakresie numerycznych prognoz pogody, kt\u00f3rego zadaniem jest konsolidacja kompetencji w obszarze modelowania zjawisk pogodowych oraz dalszego rozwoju numerycznych modeli pogody (NMP).","publisher":{"@id":"https:\/\/cmm.imgw.pl\/#organization"},"potentialAction":[{"@type":"SearchAction","target":{"@type":"EntryPoint","urlTemplate":"https:\/\/cmm.imgw.pl\/?s={search_term_string}"},"query-input":"required name=search_term_string"}],"inLanguage":"pl-PL"},{"@type":"Organization","@id":"https:\/\/cmm.imgw.pl\/#organization","name":"Laboratorium Modelowania Meteorologicznego CMOK IMGW-PIB","url":"https:\/\/cmm.imgw.pl\/","sameAs":["https:\/\/www.facebook.com\/Meteoimgw\/","https:\/\/twitter.com\/IMGW_CMM"],"logo":{"@type":"ImageObject","inLanguage":"pl-PL","@id":"https:\/\/cmm.imgw.pl\/#\/schema\/logo\/image\/","url":"https:\/\/cmm.imgw.pl\/wp-content\/uploads\/2025\/10\/MODELE_LOGO_UNIFIKACJA_v2.png","contentUrl":"https:\/\/cmm.imgw.pl\/wp-content\/uploads\/2025\/10\/MODELE_LOGO_UNIFIKACJA_v2.png","width":1356,"height":365,"caption":"Laboratorium Modelowania Meteorologicznego CMOK IMGW-PIB"},"image":{"@id":"https:\/\/cmm.imgw.pl\/#\/schema\/logo\/image\/"}}]}},"_links":{"self":[{"href":"https:\/\/cmm.imgw.pl\/index.php?rest_route=\/wp\/v2\/pages\/36350"}],"collection":[{"href":"https:\/\/cmm.imgw.pl\/index.php?rest_route=\/wp\/v2\/pages"}],"about":[{"href":"https:\/\/cmm.imgw.pl\/index.php?rest_route=\/wp\/v2\/types\/page"}],"author":[{"embeddable":true,"href":"https:\/\/cmm.imgw.pl\/index.php?rest_route=\/wp\/v2\/users\/3"}],"replies":[{"embeddable":true,"href":"https:\/\/cmm.imgw.pl\/index.php?rest_route=%2Fwp%2Fv2%2Fcomments&post=36350"}],"version-history":[{"count":3,"href":"https:\/\/cmm.imgw.pl\/index.php?rest_route=\/wp\/v2\/pages\/36350\/revisions"}],"predecessor-version":[{"id":36354,"href":"https:\/\/cmm.imgw.pl\/index.php?rest_route=\/wp\/v2\/pages\/36350\/revisions\/36354"}],"wp:featuredmedia":[{"embeddable":true,"href":"https:\/\/cmm.imgw.pl\/index.php?rest_route=\/wp\/v2\/media\/36351"}],"wp:attachment":[{"href":"https:\/\/cmm.imgw.pl\/index.php?rest_route=%2Fwp%2Fv2%2Fmedia&parent=36350"}],"curies":[{"name":"wp","href":"https:\/\/api.w.org\/{rel}","templated":true}]}}