{"id":35389,"date":"2023-08-08T15:10:06","date_gmt":"2023-08-08T13:10:06","guid":{"rendered":"https:\/\/cmm.imgw.pl\/?page_id=35389"},"modified":"2023-08-08T15:10:06","modified_gmt":"2023-08-08T13:10:06","slug":"akademiacmm-zastosowanie-bezzalogowych-statkow-powietrznych","status":"publish","type":"page","link":"https:\/\/cmm.imgw.pl\/?page_id=35389","title":{"rendered":"#AkademiaCMM &#8211; Zastosowanie bezza\u0142ogowych statk\u00f3w powietrznych w naukach o \u015brodowisku"},"content":{"rendered":"\n<p><strong>Zastosowanie bezza\u0142ogowych statk\u00f3w powietrznych w naukach o \u015brodowisku<\/strong><\/p>\n\n\n<div class=\"wp-block-post-date\"><time datetime=\"2023-08-08T15:10:06+02:00\">8 sierpnia 2023<\/time><\/div>\n\n\n\n<p style=\"text-align: justify;\"><span style=\"font-size: 12pt;\">Opracowanie: Piotr Seku\u0142a, IMGW-PIB CMM<br \/><br \/><\/span><\/p>\n<p style=\"text-align: justify;\"><span style=\"font-size: 12pt;\">W ostatnich latach ogromn\u0105 popularno\u015b\u0107 w r\u00f3\u017cnych dziedzinach gospodarki, w tym r\u00f3wnie\u017c w naukach o \u015brodowisku zyska\u0142y bezza\u0142ogowe statki powietrzne (ang. Unmanned Aerial Vehicles &#8211; UAV). Ich wszechstronne mo\u017cliwo\u015bci i technologiczne zaawansowanie, otwieraj\u0105 nowe perspektywy w monitoringu, badaniach oraz ochronie \u015brodowiska naturalnego.<\/span><\/p>\n<p style=\"text-align: justify;\"><span style=\"font-size: 12pt;\">Bezza\u0142ogowe statki powietrzne (drony), w tym szczeg\u00f3lnie statki wielowirnikowe, charakteryzuj\u0105 si\u0119 du\u017c\u0105 mobilno\u015bci\u0105 oraz stosunkowo niskim kosztem zakupu i eksploatacji. Drony s\u0105 w stanie wykonywa\u0107 prace lotnicze w miejscach niedost\u0119pnych lub zbyt niebezpiecznych dla tradycyjnych, za\u0142ogowych statk\u00f3w powietrznych. Dzi\u0119ki mo\u017cliwo\u015bci przesy\u0142ania obrazu wideo w czasie rzeczywistym statki bezza\u0142ogowe s\u0105 odpowiednim narz\u0119dziem do monitorowania stanu rzek, jezior, las\u00f3w, dokumentowania strat po kl\u0119skach \u017cywio\u0142owych, a tak\u017ce koordynacji i wsparcia akcji ratunkowych. Uzupe\u0142nienie statku powietrznego o dodatkowe narz\u0119dzia takie jak LIDAR (ang. Light Detection and Ranging), kamera multispektralna, czy te\u017c kamera termowizyjna umo\u017cliwia uzyskanie bardziej zaawansowanych produkt\u00f3w, takich jak ortofotomapa, mapa wska\u017anika wegetacji ro\u015blin, czy te\u017c zdj\u0119\u0107 cieplnych w podczerwieni. Wprowadzenie nowych technologii sprawia, \u017ce obserwacje i analizy ekosystem\u00f3w, w tym r\u00f3wnie\u017c obszar\u00f3w miejskich, staj\u0105 si\u0119 bardziej dost\u0119pne i precyzyjne.<\/span><\/p>\n<p style=\"text-align: justify;\"><span style=\"font-size: 12pt;\">Konieczno\u015b\u0107 ci\u0105g\u0142ej obserwacji stanu atmosfery, w szczeg\u00f3lno\u015bci przestrzennej zmienno\u015bci element\u00f3w meteorologicznych przyczynia si\u0119 do rozwoju meteorologicznych system\u00f3w pomiarowych dedykowanych dla bezza\u0142ogowych statk\u00f3w powietrznych. Liczne grupy naukowc\u00f3w, w tym r\u00f3wnie\u017c s\u0142u\u017cby meteorologiczne, zajmuj\u0105 si\u0119 konstruowaniem i testowaniem takich system\u00f3w do pomiar\u00f3w temperatury, wilgotno\u015bci powietrza, sk\u0142adowych wiatru, turbulencji i wska\u017anik\u00f3w konwekcyjnych (Jacob i in., 2018; Kezoudi i in. 2021). \u015awiatowa Organizacja Meteorologiczna wskazuje, \u017ce drony maj\u0105 realny potencja\u0142 do wykorzystania w operacyjnej s\u0142u\u017cbie meteorologicznej, a w perspektywie 5-10 lat mog\u0105 sta\u0107 si\u0119 jednym z komponent\u00f3w meteorologicznych system\u00f3w operacyjnych (WMO, 2019). Potwierdzeniem tego b\u0119dzie kampania demonstracyjna o zasi\u0119gu \u015bwiatowym zaplanowana na okres marzec-sierpie\u0144 2024 r. G\u0142\u00f3wnym celem kampanii b\u0119dzie zademonstrowanie mo\u017cliwo\u015bci UAV (ang. Unmanned Aerial Vehicle) do dostarczania danych o wysokiej jako\u015bci do realizacji dzia\u0142a\u0144 operacyjnych, a tak\u017ce identyfikacja s\u0142abych stron takich pomiar\u00f3w.<\/span><\/p>\n<p style=\"text-align: justify;\"><span style=\"font-size: 12pt;\"><img loading=\"lazy\" width=\"800\" height=\"600\" class=\"wp-image-35390\" src=\"http:\/\/cmm.imgw.pl\/wp-content\/uploads\/2023\/08\/drone-flying-with-mountains-in-the-background.png\" alt=\"Drone flying with mountains in the background \" srcset=\"https:\/\/cmm.imgw.pl\/wp-content\/uploads\/2023\/08\/drone-flying-with-mountains-in-the-background.png 800w, https:\/\/cmm.imgw.pl\/wp-content\/uploads\/2023\/08\/drone-flying-with-mountains-in-the-background-300x225.png 300w, https:\/\/cmm.imgw.pl\/wp-content\/uploads\/2023\/08\/drone-flying-with-mountains-in-the-background-768x576.png 768w\" sizes=\"(max-width: 800px) 100vw, 800px\" \/><\/span><\/p>\n<p style=\"text-align: justify;\"><span style=\"font-size: 12pt;\">Przyk\u0142ad drona z zamontowanym wiatromierzem sonicznym 3D. \u0179r\u00f3d\u0142o: <a href=\"https:\/\/ceat.okstate.edu\/mae\/research\/usri\/workshop.html\">https:\/\/ceat.okstate.edu\/mae\/research\/usri\/workshop.html<\/a><\/span><\/p>\n<p style=\"text-align: justify;\"><span style=\"font-size: 12pt;\">Statki powietrze wyposa\u017cone w sensory jako\u015bci powietrza b\u0105d\u017a system poboru pr\u00f3bek mog\u0105 tak\u017ce skutecznie monitorowa\u0107 warunki aerosanitarne w obszarach uprzemys\u0142owionych, terenach zabudowanych, czy te\u017c w miejscach wyst\u0105pienia kl\u0119sk \u017cywio\u0142owych. Dzi\u0119ki nim mo\u017cliwa jest szybka ocena stanu \u015brodowiska, a tak\u017ce identyfikacja pojedynczych \u017ar\u00f3de\u0142 zanieczyszcze\u0144. Pomiary jako\u015bci powietrza w profilu pionowym stanowi\u0105 unikalne \u017ar\u00f3d\u0142o danych niezb\u0119dne do analizy transportu zanieczyszcze\u0144 zar\u00f3wno w skali lokalnej jak i regionalnej, ale r\u00f3wnie\u017c w procesie asymilacji danych do numerycznych modeli dyspersji zanieczyszcze\u0144.<\/span><\/p>\n<p style=\"text-align: justify;\"><span style=\"font-size: 12pt;\"><img loading=\"lazy\" width=\"768\" height=\"382\" class=\"wp-image-35391\" src=\"http:\/\/cmm.imgw.pl\/wp-content\/uploads\/2023\/08\/dr2000-drone-based-environmental-monitoring-scen.png\" alt=\"DR2000 Drone Based Environmental Monitoring - Scentroid Solutions\" srcset=\"https:\/\/cmm.imgw.pl\/wp-content\/uploads\/2023\/08\/dr2000-drone-based-environmental-monitoring-scen.png 768w, https:\/\/cmm.imgw.pl\/wp-content\/uploads\/2023\/08\/dr2000-drone-based-environmental-monitoring-scen-300x149.png 300w\" sizes=\"(max-width: 768px) 100vw, 768px\" \/><\/span><\/p>\n<p style=\"text-align: justify;\"><span style=\"font-size: 12pt;\">Przyk\u0142ad drona z systemem poboru pr\u00f3bek umieszczonym poni\u017cej wysoko\u015bci \u015bmigie\u0142. \u0179r\u00f3d\u0142o: https:\/\/scentroid.com\/products\/analyzers\/dr2000-flying-lab\/<\/span><\/p>\n<p style=\"text-align: justify;\"><span style=\"font-size: 12pt;\">Zastosowanie dron\u00f3w w naukach o \u015brodowisku przynosi wiele korzy\u015bci, takich jak precyzja pomiar\u00f3w, dost\u0119p do trudno dost\u0119pnych obszar\u00f3w oraz zminimalizowanie wp\u0142ywu na \u015brodowisko, poniewa\u017c ich dzia\u0142anie nie wymaga wkroczenia na teren badanego ekosystemu. Wci\u0105\u017c jednak istniej\u0105 wyzwania techniczne, kt\u00f3re wymagaj\u0105 dalszych prac. Istotnym zagadnieniem jest miejsce wykonywania lot\u00f3w, bezpiecze\u0144stwo publiczne, dost\u0119pno\u015b\u0107 przestrzeni powietrznej oraz maksymalna wysoko\u015b\u0107 lotu. Kluczowe znaczenie na wykonanie lotu maj\u0105 warunki meteorologiczne, w\u015br\u00f3d kt\u00f3rych nale\u017cy wyr\u00f3\u017cni\u0107 silny wiatr, wyst\u0105pienie poryw\u00f3w, opady atmosferyczne, silna turbulencja, ekstremalne temperatury, czy te\u017c oblodzenie statku. Opracowania klimatologiczne wskazuj\u0105, \u017ce warunki sprzyjaj\u0105ce do lot\u00f3w w Europie w ci\u0105gu doby stanowi\u0105 oko\u0142o 50%, a w ci\u0105gu dnia zaledwie 20% (Gao i in., 2021). Pewnym rozwi\u0105zaniem tego problemu jest zastosowanie dron\u00f3w bardziej odpornych na zjawiska meteorologiczne, wi\u0105\u017ce si\u0119 to jednak z wi\u0119kszymi kosztami finansowymi, a tak\u017ce ograniczon\u0105 liczb\u0105 dost\u0119pnych modeli.<\/span><\/p>\n<p style=\"text-align: justify;\"><span style=\"font-size: 12pt;\">Referencje:<\/span><\/p>\n<p style=\"text-align: justify;\"><span style=\"font-size: 12pt;\">WMO (2022). https:\/\/public.wmo.int\/en\/resources\/meteoworld\/call-participants-wmo-uncrewed-aircraft-systems-demonstration-campaign [dost\u0119p online 4.08.2023]<\/span><\/p>\n<p style=\"text-align: justify;\"><span style=\"font-size: 12pt;\">Gao, M. Z., Hugenholtz, C. H., Fox, T. A., Kucharczyk, M., Barchyn, T. E. and Nesbit, P. R. 2021. Weather constraints on global drone flyability. Scientific Reports 11.<\/span><\/p>\n<p style=\"text-align: justify;\"><span style=\"font-size: 12pt;\">Jacob, J. D., Chilson, P. B., Houston, A. L. and Smith, S. W. 2018. Considerations for Atmospheric Measurements with Small Unmanned Aircraft Systems. Atmosphere 9, 16.<\/span><\/p>\n<p style=\"text-align: justify;\"><span style=\"font-size: 12pt;\">Kezoudi, M., Keleshis, C., Antoniou, P., Biskos, G., Bronz, M., Constantinides, C. et al. 2021. The Unmanned Systems Research Laboratory (USRL): A New Facility for UAV-Based Atmospheric Observations. Atmosphere 12.<\/span><\/p>\n\n\n<hr class=\"wp-block-separator has-alpha-channel-opacity\"\/>\n\n\n\n<p class=\"has-text-align-center\">Udost\u0119pnij<\/p>\n","protected":false},"excerpt":{"rendered":"<p>W ostatnich latach ogromn\u0105 popularno\u015b\u0107 w r\u00f3\u017cnych dziedzinach gospodarki, w tym r\u00f3wnie\u017c w naukach o \u015brodowisku zyska\u0142y bezza\u0142ogowe statki powietrzne (ang. Unmanned Aerial Vehicles &#8211; UAV). Ich wszechstronne mo\u017cliwo\u015bci i technologiczne zaawansowanie, otwieraj\u0105 nowe perspektywy w monitoringu, badaniach oraz ochronie \u015brodowiska naturalnego.<\/p>\n","protected":false},"author":1,"featured_media":35390,"parent":0,"menu_order":0,"comment_status":"open","ping_status":"closed","template":"templates\/landing.php","meta":{"ocean_post_layout":"","ocean_both_sidebars_style":"","ocean_both_sidebars_content_width":0,"ocean_both_sidebars_sidebars_width":0,"ocean_sidebar":"0","ocean_second_sidebar":"0","ocean_disable_margins":"enable","ocean_add_body_class":"","ocean_shortcode_before_top_bar":"","ocean_shortcode_after_top_bar":"","ocean_shortcode_before_header":"","ocean_shortcode_after_header":"","ocean_has_shortcode":"","ocean_shortcode_after_title":"","ocean_shortcode_before_footer_widgets":"","ocean_shortcode_after_footer_widgets":"","ocean_shortcode_before_footer_bottom":"","ocean_shortcode_after_footer_bottom":"","ocean_display_top_bar":"off","ocean_display_header":"off","ocean_header_style":"custom","ocean_center_header_left_menu":"0","ocean_custom_header_template":"2993","ocean_custom_logo":0,"ocean_custom_retina_logo":0,"ocean_custom_logo_max_width":0,"ocean_custom_logo_tablet_max_width":0,"ocean_custom_logo_mobile_max_width":0,"ocean_custom_logo_max_height":0,"ocean_custom_logo_tablet_max_height":0,"ocean_custom_logo_mobile_max_height":0,"ocean_header_custom_menu":"0","ocean_menu_typo_font_family":"0","ocean_menu_typo_font_subset":"","ocean_menu_typo_font_size":0,"ocean_menu_typo_font_size_tablet":0,"ocean_menu_typo_font_size_mobile":0,"ocean_menu_typo_font_size_unit":"px","ocean_menu_typo_font_weight":"","ocean_menu_typo_font_weight_tablet":"","ocean_menu_typo_font_weight_mobile":"","ocean_menu_typo_transform":"","ocean_menu_typo_transform_tablet":"","ocean_menu_typo_transform_mobile":"","ocean_menu_typo_line_height":0,"ocean_menu_typo_line_height_tablet":0,"ocean_menu_typo_line_height_mobile":0,"ocean_menu_typo_line_height_unit":"","ocean_menu_typo_spacing":0,"ocean_menu_typo_spacing_tablet":0,"ocean_menu_typo_spacing_mobile":0,"ocean_menu_typo_spacing_unit":"","ocean_menu_link_color":"","ocean_menu_link_color_hover":"","ocean_menu_link_color_active":"","ocean_menu_link_background":"","ocean_menu_link_hover_background":"","ocean_menu_link_active_background":"","ocean_menu_social_links_bg":"","ocean_menu_social_hover_links_bg":"","ocean_menu_social_links_color":"","ocean_menu_social_hover_links_color":"","ocean_disable_title":"default","ocean_disable_heading":"default","ocean_post_title":"","ocean_post_subheading":"","ocean_post_title_style":"","ocean_post_title_background_color":"","ocean_post_title_background":0,"ocean_post_title_bg_image_position":"","ocean_post_title_bg_image_attachment":"","ocean_post_title_bg_image_repeat":"","ocean_post_title_bg_image_size":"","ocean_post_title_height":0,"ocean_post_title_bg_overlay":0.5,"ocean_post_title_bg_overlay_color":"","ocean_disable_breadcrumbs":"default","ocean_breadcrumbs_color":"","ocean_breadcrumbs_separator_color":"","ocean_breadcrumbs_links_color":"","ocean_breadcrumbs_links_hover_color":"","ocean_display_footer_widgets":"default","ocean_display_footer_bottom":"default","ocean_custom_footer_template":"0"},"yoast_head":"<!-- This site is optimized with the Yoast SEO plugin v19.5.1 - https:\/\/yoast.com\/wordpress\/plugins\/seo\/ -->\n<title>#AkademiaCMM - Zastosowanie bezza\u0142ogowych statk\u00f3w powietrznych w naukach o \u015brodowisku - Laboratorium Modelowania Meteorologicznego CMOK IMGW-PIB<\/title>\n<meta name=\"description\" content=\"W ostatnich latach ogromn\u0105 popularno\u015b\u0107 w r\u00f3\u017cnych dziedzinach gospodarki, w tym r\u00f3wnie\u017c w naukach o \u015brodowisku zyska\u0142y bezza\u0142ogowe statki powietrzne (ang. Unmanned Aerial Vehicles - UAV). Ich wszechstronne mo\u017cliwo\u015bci i technologiczne zaawansowanie, otwieraj\u0105 nowe perspektywy w monitoringu, badaniach oraz ochronie \u015brodowiska naturalnego.\" \/>\n<meta name=\"robots\" content=\"index, follow, max-snippet:-1, max-image-preview:large, max-video-preview:-1\" \/>\n<link rel=\"canonical\" href=\"https:\/\/cmm.imgw.pl\/?page_id=35389\" \/>\n<meta property=\"og:locale\" content=\"pl_PL\" \/>\n<meta property=\"og:type\" content=\"article\" \/>\n<meta property=\"og:title\" content=\"#AkademiaCMM - Zastosowanie bezza\u0142ogowych statk\u00f3w powietrznych w naukach o \u015brodowisku\" \/>\n<meta property=\"og:description\" content=\"W ostatnich latach ogromn\u0105 popularno\u015b\u0107 w r\u00f3\u017cnych dziedzinach gospodarki, w tym r\u00f3wnie\u017c w naukach o \u015brodowisku zyska\u0142y bezza\u0142ogowe statki powietrzne (ang. Unmanned Aerial Vehicles - UAV). Ich wszechstronne mo\u017cliwo\u015bci i technologiczne zaawansowanie, otwieraj\u0105 nowe perspektywy w monitoringu, badaniach oraz ochronie \u015brodowiska naturalnego.\" \/>\n<meta property=\"og:url\" content=\"https:\/\/cmm.imgw.pl\/?page_id=35389\" \/>\n<meta property=\"og:site_name\" content=\"Laboratorium Modelowania Meteorologicznego CMOK IMGW-PIB\" \/>\n<meta property=\"article:publisher\" content=\"https:\/\/www.facebook.com\/Meteoimgw\/\" \/>\n<meta property=\"og:image\" content=\"http:\/\/cmm.imgw.pl\/wp-content\/uploads\/2023\/08\/drone-flying-with-mountains-in-the-background.png\" \/>\n\t<meta property=\"og:image:width\" content=\"800\" \/>\n\t<meta property=\"og:image:height\" content=\"600\" \/>\n\t<meta property=\"og:image:type\" content=\"image\/png\" \/>\n<meta name=\"twitter:card\" content=\"summary_large_image\" \/>\n<meta name=\"twitter:title\" content=\"#AkademiaCMM - Zastosowanie bezza\u0142ogowych statk\u00f3w powietrznych w naukach o \u015brodowisku\" \/>\n<meta name=\"twitter:description\" content=\"W ostatnich latach ogromn\u0105 popularno\u015b\u0107 w r\u00f3\u017cnych dziedzinach gospodarki, w tym r\u00f3wnie\u017c w naukach o \u015brodowisku zyska\u0142y bezza\u0142ogowe statki powietrzne (ang. Unmanned Aerial Vehicles - UAV). Ich wszechstronne mo\u017cliwo\u015bci i technologiczne zaawansowanie, otwieraj\u0105 nowe perspektywy w monitoringu, badaniach oraz ochronie \u015brodowiska naturalnego.\" \/>\n<meta name=\"twitter:image\" content=\"https:\/\/cmm.imgw.pl\/wp-content\/uploads\/2023\/08\/dr2000-drone-based-environmental-monitoring-scen.png\" \/>\n<meta name=\"twitter:site\" content=\"@IMGW_CMM\" \/>\n<meta name=\"twitter:label1\" content=\"Szacowany czas czytania\" \/>\n\t<meta name=\"twitter:data1\" content=\"14 minut\" \/>\n<script type=\"application\/ld+json\" class=\"yoast-schema-graph\">{\"@context\":\"https:\/\/schema.org\",\"@graph\":[{\"@type\":\"WebPage\",\"@id\":\"https:\/\/cmm.imgw.pl\/?page_id=35389\",\"url\":\"https:\/\/cmm.imgw.pl\/?page_id=35389\",\"name\":\"#AkademiaCMM - Zastosowanie bezza\u0142ogowych statk\u00f3w powietrznych w naukach o \u015brodowisku - Laboratorium Modelowania Meteorologicznego CMOK IMGW-PIB\",\"isPartOf\":{\"@id\":\"https:\/\/cmm.imgw.pl\/#website\"},\"datePublished\":\"2023-08-08T13:10:06+00:00\",\"dateModified\":\"2023-08-08T13:10:06+00:00\",\"description\":\"W ostatnich latach ogromn\u0105 popularno\u015b\u0107 w r\u00f3\u017cnych dziedzinach gospodarki, w tym r\u00f3wnie\u017c w naukach o \u015brodowisku zyska\u0142y bezza\u0142ogowe statki powietrzne (ang. Unmanned Aerial Vehicles - UAV). Ich wszechstronne mo\u017cliwo\u015bci i technologiczne zaawansowanie, otwieraj\u0105 nowe perspektywy w monitoringu, badaniach oraz ochronie \u015brodowiska naturalnego.\",\"breadcrumb\":{\"@id\":\"https:\/\/cmm.imgw.pl\/?page_id=35389#breadcrumb\"},\"inLanguage\":\"pl-PL\",\"potentialAction\":[{\"@type\":\"ReadAction\",\"target\":[\"https:\/\/cmm.imgw.pl\/?page_id=35389\"]}]},{\"@type\":\"BreadcrumbList\",\"@id\":\"https:\/\/cmm.imgw.pl\/?page_id=35389#breadcrumb\",\"itemListElement\":[{\"@type\":\"ListItem\",\"position\":1,\"name\":\"Home\",\"item\":\"https:\/\/cmm.imgw.pl\/\"},{\"@type\":\"ListItem\",\"position\":2,\"name\":\"#AkademiaCMM &#8211; Zastosowanie bezza\u0142ogowych statk\u00f3w powietrznych w naukach o \u015brodowisku\"}]},{\"@type\":\"WebSite\",\"@id\":\"https:\/\/cmm.imgw.pl\/#website\",\"url\":\"https:\/\/cmm.imgw.pl\/\",\"name\":\"Laboratorium Modelowania Meteorologicznego CMOK IMGW-PIB\",\"description\":\"CMOK-LMM Laboratorium pe\u0142ni pa\u0144stwow\u0105 s\u0142u\u017cb\u0119 hydrologiczno-meteorologiczn\u0105 w zakresie numerycznych prognoz pogody, kt\u00f3rego zadaniem jest konsolidacja kompetencji w obszarze modelowania zjawisk pogodowych oraz dalszego rozwoju numerycznych modeli pogody (NMP).\",\"publisher\":{\"@id\":\"https:\/\/cmm.imgw.pl\/#organization\"},\"potentialAction\":[{\"@type\":\"SearchAction\",\"target\":{\"@type\":\"EntryPoint\",\"urlTemplate\":\"https:\/\/cmm.imgw.pl\/?s={search_term_string}\"},\"query-input\":\"required name=search_term_string\"}],\"inLanguage\":\"pl-PL\"},{\"@type\":\"Organization\",\"@id\":\"https:\/\/cmm.imgw.pl\/#organization\",\"name\":\"Laboratorium Modelowania Meteorologicznego CMOK IMGW-PIB\",\"url\":\"https:\/\/cmm.imgw.pl\/\",\"sameAs\":[\"https:\/\/www.facebook.com\/Meteoimgw\/\",\"https:\/\/twitter.com\/IMGW_CMM\"],\"logo\":{\"@type\":\"ImageObject\",\"inLanguage\":\"pl-PL\",\"@id\":\"https:\/\/cmm.imgw.pl\/#\/schema\/logo\/image\/\",\"url\":\"https:\/\/cmm.imgw.pl\/wp-content\/uploads\/2025\/10\/MODELE_LOGO_UNIFIKACJA_v2.png\",\"contentUrl\":\"https:\/\/cmm.imgw.pl\/wp-content\/uploads\/2025\/10\/MODELE_LOGO_UNIFIKACJA_v2.png\",\"width\":1356,\"height\":365,\"caption\":\"Laboratorium Modelowania Meteorologicznego CMOK IMGW-PIB\"},\"image\":{\"@id\":\"https:\/\/cmm.imgw.pl\/#\/schema\/logo\/image\/\"}}]}<\/script>\n<!-- \/ Yoast SEO plugin. -->","yoast_head_json":{"title":"#AkademiaCMM - Zastosowanie bezza\u0142ogowych statk\u00f3w powietrznych w naukach o \u015brodowisku - Laboratorium Modelowania Meteorologicznego CMOK IMGW-PIB","description":"W ostatnich latach ogromn\u0105 popularno\u015b\u0107 w r\u00f3\u017cnych dziedzinach gospodarki, w tym r\u00f3wnie\u017c w naukach o \u015brodowisku zyska\u0142y bezza\u0142ogowe statki powietrzne (ang. Unmanned Aerial Vehicles - UAV). Ich wszechstronne mo\u017cliwo\u015bci i technologiczne zaawansowanie, otwieraj\u0105 nowe perspektywy w monitoringu, badaniach oraz ochronie \u015brodowiska naturalnego.","robots":{"index":"index","follow":"follow","max-snippet":"max-snippet:-1","max-image-preview":"max-image-preview:large","max-video-preview":"max-video-preview:-1"},"canonical":"https:\/\/cmm.imgw.pl\/?page_id=35389","og_locale":"pl_PL","og_type":"article","og_title":"#AkademiaCMM - Zastosowanie bezza\u0142ogowych statk\u00f3w powietrznych w naukach o \u015brodowisku","og_description":"W ostatnich latach ogromn\u0105 popularno\u015b\u0107 w r\u00f3\u017cnych dziedzinach gospodarki, w tym r\u00f3wnie\u017c w naukach o \u015brodowisku zyska\u0142y bezza\u0142ogowe statki powietrzne (ang. Unmanned Aerial Vehicles - UAV). Ich wszechstronne mo\u017cliwo\u015bci i technologiczne zaawansowanie, otwieraj\u0105 nowe perspektywy w monitoringu, badaniach oraz ochronie \u015brodowiska naturalnego.","og_url":"https:\/\/cmm.imgw.pl\/?page_id=35389","og_site_name":"Laboratorium Modelowania Meteorologicznego CMOK IMGW-PIB","article_publisher":"https:\/\/www.facebook.com\/Meteoimgw\/","og_image":[{"width":800,"height":600,"url":"http:\/\/cmm.imgw.pl\/wp-content\/uploads\/2023\/08\/drone-flying-with-mountains-in-the-background.png","type":"image\/png"}],"twitter_card":"summary_large_image","twitter_title":"#AkademiaCMM - Zastosowanie bezza\u0142ogowych statk\u00f3w powietrznych w naukach o \u015brodowisku","twitter_description":"W ostatnich latach ogromn\u0105 popularno\u015b\u0107 w r\u00f3\u017cnych dziedzinach gospodarki, w tym r\u00f3wnie\u017c w naukach o \u015brodowisku zyska\u0142y bezza\u0142ogowe statki powietrzne (ang. Unmanned Aerial Vehicles - UAV). Ich wszechstronne mo\u017cliwo\u015bci i technologiczne zaawansowanie, otwieraj\u0105 nowe perspektywy w monitoringu, badaniach oraz ochronie \u015brodowiska naturalnego.","twitter_image":"https:\/\/cmm.imgw.pl\/wp-content\/uploads\/2023\/08\/dr2000-drone-based-environmental-monitoring-scen.png","twitter_site":"@IMGW_CMM","twitter_misc":{"Szacowany czas czytania":"14 minut"},"schema":{"@context":"https:\/\/schema.org","@graph":[{"@type":"WebPage","@id":"https:\/\/cmm.imgw.pl\/?page_id=35389","url":"https:\/\/cmm.imgw.pl\/?page_id=35389","name":"#AkademiaCMM - Zastosowanie bezza\u0142ogowych statk\u00f3w powietrznych w naukach o \u015brodowisku - Laboratorium Modelowania Meteorologicznego CMOK IMGW-PIB","isPartOf":{"@id":"https:\/\/cmm.imgw.pl\/#website"},"datePublished":"2023-08-08T13:10:06+00:00","dateModified":"2023-08-08T13:10:06+00:00","description":"W ostatnich latach ogromn\u0105 popularno\u015b\u0107 w r\u00f3\u017cnych dziedzinach gospodarki, w tym r\u00f3wnie\u017c w naukach o \u015brodowisku zyska\u0142y bezza\u0142ogowe statki powietrzne (ang. Unmanned Aerial Vehicles - UAV). Ich wszechstronne mo\u017cliwo\u015bci i technologiczne zaawansowanie, otwieraj\u0105 nowe perspektywy w monitoringu, badaniach oraz ochronie \u015brodowiska naturalnego.","breadcrumb":{"@id":"https:\/\/cmm.imgw.pl\/?page_id=35389#breadcrumb"},"inLanguage":"pl-PL","potentialAction":[{"@type":"ReadAction","target":["https:\/\/cmm.imgw.pl\/?page_id=35389"]}]},{"@type":"BreadcrumbList","@id":"https:\/\/cmm.imgw.pl\/?page_id=35389#breadcrumb","itemListElement":[{"@type":"ListItem","position":1,"name":"Home","item":"https:\/\/cmm.imgw.pl\/"},{"@type":"ListItem","position":2,"name":"#AkademiaCMM &#8211; Zastosowanie bezza\u0142ogowych statk\u00f3w powietrznych w naukach o \u015brodowisku"}]},{"@type":"WebSite","@id":"https:\/\/cmm.imgw.pl\/#website","url":"https:\/\/cmm.imgw.pl\/","name":"Laboratorium Modelowania Meteorologicznego CMOK IMGW-PIB","description":"CMOK-LMM Laboratorium pe\u0142ni pa\u0144stwow\u0105 s\u0142u\u017cb\u0119 hydrologiczno-meteorologiczn\u0105 w zakresie numerycznych prognoz pogody, kt\u00f3rego zadaniem jest konsolidacja kompetencji w obszarze modelowania zjawisk pogodowych oraz dalszego rozwoju numerycznych modeli pogody (NMP).","publisher":{"@id":"https:\/\/cmm.imgw.pl\/#organization"},"potentialAction":[{"@type":"SearchAction","target":{"@type":"EntryPoint","urlTemplate":"https:\/\/cmm.imgw.pl\/?s={search_term_string}"},"query-input":"required name=search_term_string"}],"inLanguage":"pl-PL"},{"@type":"Organization","@id":"https:\/\/cmm.imgw.pl\/#organization","name":"Laboratorium Modelowania Meteorologicznego CMOK IMGW-PIB","url":"https:\/\/cmm.imgw.pl\/","sameAs":["https:\/\/www.facebook.com\/Meteoimgw\/","https:\/\/twitter.com\/IMGW_CMM"],"logo":{"@type":"ImageObject","inLanguage":"pl-PL","@id":"https:\/\/cmm.imgw.pl\/#\/schema\/logo\/image\/","url":"https:\/\/cmm.imgw.pl\/wp-content\/uploads\/2025\/10\/MODELE_LOGO_UNIFIKACJA_v2.png","contentUrl":"https:\/\/cmm.imgw.pl\/wp-content\/uploads\/2025\/10\/MODELE_LOGO_UNIFIKACJA_v2.png","width":1356,"height":365,"caption":"Laboratorium Modelowania Meteorologicznego CMOK IMGW-PIB"},"image":{"@id":"https:\/\/cmm.imgw.pl\/#\/schema\/logo\/image\/"}}]}},"_links":{"self":[{"href":"https:\/\/cmm.imgw.pl\/index.php?rest_route=\/wp\/v2\/pages\/35389"}],"collection":[{"href":"https:\/\/cmm.imgw.pl\/index.php?rest_route=\/wp\/v2\/pages"}],"about":[{"href":"https:\/\/cmm.imgw.pl\/index.php?rest_route=\/wp\/v2\/types\/page"}],"author":[{"embeddable":true,"href":"https:\/\/cmm.imgw.pl\/index.php?rest_route=\/wp\/v2\/users\/1"}],"replies":[{"embeddable":true,"href":"https:\/\/cmm.imgw.pl\/index.php?rest_route=%2Fwp%2Fv2%2Fcomments&post=35389"}],"version-history":[{"count":1,"href":"https:\/\/cmm.imgw.pl\/index.php?rest_route=\/wp\/v2\/pages\/35389\/revisions"}],"predecessor-version":[{"id":35393,"href":"https:\/\/cmm.imgw.pl\/index.php?rest_route=\/wp\/v2\/pages\/35389\/revisions\/35393"}],"wp:featuredmedia":[{"embeddable":true,"href":"https:\/\/cmm.imgw.pl\/index.php?rest_route=\/wp\/v2\/media\/35390"}],"wp:attachment":[{"href":"https:\/\/cmm.imgw.pl\/index.php?rest_route=%2Fwp%2Fv2%2Fmedia&parent=35389"}],"curies":[{"name":"wp","href":"https:\/\/api.w.org\/{rel}","templated":true}]}}