{"id":31826,"date":"2023-06-06T20:57:31","date_gmt":"2023-06-06T18:57:31","guid":{"rendered":"https:\/\/cmm.imgw.pl\/?page_id=31826"},"modified":"2023-06-06T20:57:32","modified_gmt":"2023-06-06T18:57:32","slug":"akademiacmm-zachmurzenie","status":"publish","type":"page","link":"https:\/\/cmm.imgw.pl\/?page_id=31826","title":{"rendered":"#AkademiaCMM &#8211; Zachmurzenie"},"content":{"rendered":"\n<p><\/p>\n\n\n\n<p><\/p>\n\n\n\n<p><\/p>\n\n\n\n<h2 class=\"wp-block-heading has-medium-font-size\"><strong>Zachmurzenie<\/strong><\/h2>\n\n\n<div class=\"wp-block-post-date\"><time datetime=\"2023-06-06T20:57:31+02:00\">6 czerwca 2023<\/time><\/div>\n\n\n<p>Opracowanie: dr Grzegorz Duniec, IMGW-PIB CMM<\/p>\n\n\n<p>W troposferze wyst\u0119puj\u0105 chmury, kt\u00f3re ze wzgl\u0119du na budow\u0119 oraz na wysoko\u015b\u0107 na jakiej s\u0105 obserwowane dzielimy na pi\u0119tra i rodziny. Mi\u0119dzynarodowa Komisja Chmur WMO podzieli\u0142a chmury na dziesi\u0119\u0107 podstawowych rodzaj\u00f3w, kt\u00f3re mog\u0105 wyst\u0119powa\u0107 w trzech pi\u0119trach (pi\u0119tro g\u00f3rne \u2013 chmury wysokie, pi\u0119tro \u015brednie \u2013 chmury \u015brednie, pi\u0119tro dolne \u2013 chmury niskie, chmury o budowie pionowej (Cumulus, Cumulonimbus) kt\u00f3re mog\u0105 rozci\u0105ga\u0107 si\u0119 od pi\u0119tra dolnego do g\u00f3rnego) [1].<\/p>\n<p><img loading=\"lazy\" width=\"1208\" height=\"671\" class=\"wp-image-31827 aligncenter\" src=\"http:\/\/cmm.imgw.pl\/wp-content\/uploads\/2023\/06\/word-image-31826-1.png\" srcset=\"https:\/\/cmm.imgw.pl\/wp-content\/uploads\/2023\/06\/word-image-31826-1.png 1208w, https:\/\/cmm.imgw.pl\/wp-content\/uploads\/2023\/06\/word-image-31826-1-300x167.png 300w, https:\/\/cmm.imgw.pl\/wp-content\/uploads\/2023\/06\/word-image-31826-1-1024x569.png 1024w, https:\/\/cmm.imgw.pl\/wp-content\/uploads\/2023\/06\/word-image-31826-1-768x427.png 768w\" sizes=\"(max-width: 1208px) 100vw, 1208px\" \/><\/p>\n<p>\u0179r\u00f3d\u0142o: Dorota Matuszko, <em>Chmura i pogoda, Nowa mi\u0119dzynarodowa klasyfikacja chmur<\/em>, Wydawnictwo Uniwersytetu Jagiello\u0144skiego, 2018<\/p>\n<p><img loading=\"lazy\" width=\"1133\" height=\"562\" class=\"wp-image-31828 aligncenter\" src=\"http:\/\/cmm.imgw.pl\/wp-content\/uploads\/2023\/06\/word-image-31826-2.png\" srcset=\"https:\/\/cmm.imgw.pl\/wp-content\/uploads\/2023\/06\/word-image-31826-2.png 1133w, https:\/\/cmm.imgw.pl\/wp-content\/uploads\/2023\/06\/word-image-31826-2-300x149.png 300w, https:\/\/cmm.imgw.pl\/wp-content\/uploads\/2023\/06\/word-image-31826-2-1024x508.png 1024w, https:\/\/cmm.imgw.pl\/wp-content\/uploads\/2023\/06\/word-image-31826-2-768x381.png 768w\" sizes=\"(max-width: 1133px) 100vw, 1133px\" \/><\/p>\n<p>\u0179r\u00f3d\u0142o: Dorota Matuszko, <em>Chmura i pogoda, Nowa mi\u0119dzynarodowa klasyfikacja chmur<\/em>, Wydawnictwo Uniwersytetu Jagiello\u0144skiego, 2018<\/p>\n<p>W ka\u017cdym pi\u0119trze mog\u0105 tworzy\u0107 si\u0119 chmury, kt\u00f3re b\u0119d\u0105 pokrywa\u0107 jaki\u015b fragment sklepienia niebieskiego. Zachmurzenie og\u00f3lne stanowi zachmurzenie \u0142\u0105czne wszystkich chmur wyst\u0119puj\u0105cych na niebie. Nale\u017cy podkre\u015bli\u0107, \u017ce suma zachmurzenie chmur poszczeg\u00f3lnych pi\u0119ter nie b\u0119dzie r\u00f3wna\u0142a si\u0119 wielko\u015bci zachmurzenia og\u00f3lnego. Nie obowi\u0105zuje tutaj r\u00f3wno\u015b\u0107:<\/p>\n<p>C<sub>L<\/sub>+C<sub>M<\/sub>+C<sub>H<\/sub> \u2260 zachmurzenie og\u00f3lne<\/p>\n<p><img loading=\"lazy\" width=\"894\" height=\"537\" class=\"wp-image-31829 aligncenter\" src=\"http:\/\/cmm.imgw.pl\/wp-content\/uploads\/2023\/06\/word-image-31826-3.png\" srcset=\"https:\/\/cmm.imgw.pl\/wp-content\/uploads\/2023\/06\/word-image-31826-3.png 894w, https:\/\/cmm.imgw.pl\/wp-content\/uploads\/2023\/06\/word-image-31826-3-300x180.png 300w, https:\/\/cmm.imgw.pl\/wp-content\/uploads\/2023\/06\/word-image-31826-3-768x461.png 768w\" sizes=\"(max-width: 894px) 100vw, 894px\" \/><\/p>\n<p>Przyk\u0142ad symulacji zachmurzenia modelem ALARO, na godzin\u0119 12 UTC (14 czasu lokalnego), 6 VI 2023.<\/p>\n<p><img loading=\"lazy\" width=\"600\" height=\"640\" class=\"wp-image-31830 aligncenter\" src=\"http:\/\/cmm.imgw.pl\/wp-content\/uploads\/2023\/06\/word-image-31826-4.png\" srcset=\"https:\/\/cmm.imgw.pl\/wp-content\/uploads\/2023\/06\/word-image-31826-4.png 600w, https:\/\/cmm.imgw.pl\/wp-content\/uploads\/2023\/06\/word-image-31826-4-281x300.png 281w\" sizes=\"(max-width: 600px) 100vw, 600px\" \/> <img loading=\"lazy\" width=\"600\" height=\"640\" class=\"wp-image-31831 aligncenter\" src=\"http:\/\/cmm.imgw.pl\/wp-content\/uploads\/2023\/06\/word-image-31826-5.png\" srcset=\"https:\/\/cmm.imgw.pl\/wp-content\/uploads\/2023\/06\/word-image-31826-5.png 600w, https:\/\/cmm.imgw.pl\/wp-content\/uploads\/2023\/06\/word-image-31826-5-281x300.png 281w\" sizes=\"(max-width: 600px) 100vw, 600px\" \/> <img loading=\"lazy\" width=\"600\" height=\"640\" class=\"wp-image-31832 aligncenter\" src=\"http:\/\/cmm.imgw.pl\/wp-content\/uploads\/2023\/06\/word-image-31826-6.png\" srcset=\"https:\/\/cmm.imgw.pl\/wp-content\/uploads\/2023\/06\/word-image-31826-6.png 600w, https:\/\/cmm.imgw.pl\/wp-content\/uploads\/2023\/06\/word-image-31826-6-281x300.png 281w\" sizes=\"(max-width: 600px) 100vw, 600px\" \/> <img loading=\"lazy\" width=\"600\" height=\"640\" class=\"wp-image-31833 aligncenter\" src=\"http:\/\/cmm.imgw.pl\/wp-content\/uploads\/2023\/06\/word-image-31826-7.png\" srcset=\"https:\/\/cmm.imgw.pl\/wp-content\/uploads\/2023\/06\/word-image-31826-7.png 600w, https:\/\/cmm.imgw.pl\/wp-content\/uploads\/2023\/06\/word-image-31826-7-281x300.png 281w\" sizes=\"(max-width: 600px) 100vw, 600px\" \/> <img loading=\"lazy\" width=\"600\" height=\"640\" class=\"wp-image-31834 aligncenter\" src=\"http:\/\/cmm.imgw.pl\/wp-content\/uploads\/2023\/06\/word-image-31826-8.png\" srcset=\"https:\/\/cmm.imgw.pl\/wp-content\/uploads\/2023\/06\/word-image-31826-8.png 600w, https:\/\/cmm.imgw.pl\/wp-content\/uploads\/2023\/06\/word-image-31826-8-281x300.png 281w\" sizes=\"(max-width: 600px) 100vw, 600px\" \/><\/p>\n<p><strong>Mapa synoptyczna<\/strong><\/p>\n<p><img loading=\"lazy\" width=\"900\" height=\"800\" class=\"wp-image-31835 aligncenter\" src=\"http:\/\/cmm.imgw.pl\/wp-content\/uploads\/2023\/06\/word-image-31826-9.png\" srcset=\"https:\/\/cmm.imgw.pl\/wp-content\/uploads\/2023\/06\/word-image-31826-9.png 900w, https:\/\/cmm.imgw.pl\/wp-content\/uploads\/2023\/06\/word-image-31826-9-300x267.png 300w, https:\/\/cmm.imgw.pl\/wp-content\/uploads\/2023\/06\/word-image-31826-9-768x683.png 768w\" sizes=\"(max-width: 900px) 100vw, 900px\" \/><\/p>\n<p><strong>Literatura<\/strong><\/p>\n<ol>\n<li>Zofia Kaczorowska, <em>Pogoda i klimat<\/em>, wydanie II, WSiP, Warszawa 1986.<\/li>\n<li>Dorota Matuszko, <em>Chmura i pogoda, Nowa mi\u0119dzynarodowa klasyfikacja chmur<\/em>, Wydawnictwo Uniwersytetu Jagiello\u0144skiego, 2018<\/li>\n<\/ol>\n\n\n<hr class=\"wp-block-separator has-alpha-channel-opacity\"\/>\n\n\n\n<p class=\"has-text-align-center\">Udost\u0119pnij<\/p>\n","protected":false},"excerpt":{"rendered":"<p>Przy okazji za\u0107mienia S\u0142o\u0144ca poznali\u015bmy mechanizm za\u0107mie\u0144, polegaj\u0105cy na tym, \u017ce jedno cia\u0142o niebieskie chowa si\u0119 (ca\u0142kowicie lub cz\u0119\u015bciowo) w cieniu lub p\u00f3\u0142cieniu sto\u017cka drugiego cia\u0142a niebieskiego. Podczas zbli\u017caj\u0105cego si\u0119 za\u0107mienia Ksi\u0119\u017cyc zanurzy si\u0119 cz\u0119\u015bciowo w sto\u017cek p\u00f3\u0142cienia. Podczas maksymalnej fazy 96,36% jego powierzchni b\u0119dzie zanurzone w p\u00f3\u0142cieniu. <\/p>\n","protected":false},"author":3,"featured_media":31827,"parent":0,"menu_order":0,"comment_status":"closed","ping_status":"closed","template":"templates\/landing.php","meta":{"ocean_post_layout":"","ocean_both_sidebars_style":"","ocean_both_sidebars_content_width":0,"ocean_both_sidebars_sidebars_width":0,"ocean_sidebar":"0","ocean_second_sidebar":"0","ocean_disable_margins":"enable","ocean_add_body_class":"","ocean_shortcode_before_top_bar":"","ocean_shortcode_after_top_bar":"","ocean_shortcode_before_header":"","ocean_shortcode_after_header":"","ocean_has_shortcode":"","ocean_shortcode_after_title":"","ocean_shortcode_before_footer_widgets":"","ocean_shortcode_after_footer_widgets":"","ocean_shortcode_before_footer_bottom":"","ocean_shortcode_after_footer_bottom":"","ocean_display_top_bar":"off","ocean_display_header":"off","ocean_header_style":"custom","ocean_center_header_left_menu":"0","ocean_custom_header_template":"2993","ocean_custom_logo":0,"ocean_custom_retina_logo":0,"ocean_custom_logo_max_width":0,"ocean_custom_logo_tablet_max_width":0,"ocean_custom_logo_mobile_max_width":0,"ocean_custom_logo_max_height":0,"ocean_custom_logo_tablet_max_height":0,"ocean_custom_logo_mobile_max_height":0,"ocean_header_custom_menu":"0","ocean_menu_typo_font_family":"0","ocean_menu_typo_font_subset":"","ocean_menu_typo_font_size":0,"ocean_menu_typo_font_size_tablet":0,"ocean_menu_typo_font_size_mobile":0,"ocean_menu_typo_font_size_unit":"px","ocean_menu_typo_font_weight":"","ocean_menu_typo_font_weight_tablet":"","ocean_menu_typo_font_weight_mobile":"","ocean_menu_typo_transform":"","ocean_menu_typo_transform_tablet":"","ocean_menu_typo_transform_mobile":"","ocean_menu_typo_line_height":0,"ocean_menu_typo_line_height_tablet":0,"ocean_menu_typo_line_height_mobile":0,"ocean_menu_typo_line_height_unit":"","ocean_menu_typo_spacing":0,"ocean_menu_typo_spacing_tablet":0,"ocean_menu_typo_spacing_mobile":0,"ocean_menu_typo_spacing_unit":"","ocean_menu_link_color":"","ocean_menu_link_color_hover":"","ocean_menu_link_color_active":"","ocean_menu_link_background":"","ocean_menu_link_hover_background":"","ocean_menu_link_active_background":"","ocean_menu_social_links_bg":"","ocean_menu_social_hover_links_bg":"","ocean_menu_social_links_color":"","ocean_menu_social_hover_links_color":"","ocean_disable_title":"default","ocean_disable_heading":"default","ocean_post_title":"","ocean_post_subheading":"","ocean_post_title_style":"","ocean_post_title_background_color":"","ocean_post_title_background":0,"ocean_post_title_bg_image_position":"","ocean_post_title_bg_image_attachment":"","ocean_post_title_bg_image_repeat":"","ocean_post_title_bg_image_size":"","ocean_post_title_height":0,"ocean_post_title_bg_overlay":0.5,"ocean_post_title_bg_overlay_color":"","ocean_disable_breadcrumbs":"default","ocean_breadcrumbs_color":"","ocean_breadcrumbs_separator_color":"","ocean_breadcrumbs_links_color":"","ocean_breadcrumbs_links_hover_color":"","ocean_display_footer_widgets":"default","ocean_display_footer_bottom":"default","ocean_custom_footer_template":"0"},"yoast_head":"<!-- This site is optimized with the Yoast SEO plugin v19.5.1 - https:\/\/yoast.com\/wordpress\/plugins\/seo\/ -->\n<title>#AkademiaCMM - Zachmurzenie - Laboratorium Modelowania Meteorologicznego CMOK IMGW-PIB<\/title>\n<meta name=\"description\" content=\"W ka\u017cdym pi\u0119trze mog\u0105 tworzy\u0107 si\u0119 chmury, kt\u00f3re b\u0119d\u0105 pokrywa\u0107 jaki\u015b fragment sklepienia niebieskiego. Zachmurzenie og\u00f3lne stanowi zachmurzenie \u0142\u0105czne wszystkich chmur wyst\u0119puj\u0105cych na niebie. Nale\u017cy podkre\u015bli\u0107, \u017ce suma zachmurzenie chmur poszczeg\u00f3lnych pi\u0119ter nie b\u0119dzie r\u00f3wna\u0142a si\u0119 wielko\u015bci zachmurzenia og\u00f3lnego. Nie obowi\u0105zuje tutaj r\u00f3wno\u015b\u0107.\" \/>\n<meta name=\"robots\" content=\"index, follow, max-snippet:-1, max-image-preview:large, max-video-preview:-1\" \/>\n<link rel=\"canonical\" href=\"https:\/\/cmm.imgw.pl\/?page_id=31826\" \/>\n<meta property=\"og:locale\" content=\"pl_PL\" \/>\n<meta property=\"og:type\" content=\"article\" \/>\n<meta property=\"og:title\" content=\"#AkademiaCMM - Zachmurzenie\" \/>\n<meta property=\"og:description\" content=\"W ka\u017cdym pi\u0119trze mog\u0105 tworzy\u0107 si\u0119 chmury, kt\u00f3re b\u0119d\u0105 pokrywa\u0107 jaki\u015b fragment sklepienia niebieskiego. Zachmurzenie og\u00f3lne stanowi zachmurzenie \u0142\u0105czne wszystkich chmur wyst\u0119puj\u0105cych na niebie. Nale\u017cy podkre\u015bli\u0107, \u017ce suma zachmurzenie chmur poszczeg\u00f3lnych pi\u0119ter nie b\u0119dzie r\u00f3wna\u0142a si\u0119 wielko\u015bci zachmurzenia og\u00f3lnego. Nie obowi\u0105zuje tutaj r\u00f3wno\u015b\u0107\" \/>\n<meta property=\"og:url\" content=\"https:\/\/cmm.imgw.pl\/?page_id=31826\" \/>\n<meta property=\"og:site_name\" content=\"Laboratorium Modelowania Meteorologicznego CMOK IMGW-PIB\" \/>\n<meta property=\"article:publisher\" content=\"https:\/\/www.facebook.com\/Meteoimgw\/\" \/>\n<meta property=\"article:modified_time\" content=\"2023-06-06T18:57:32+00:00\" \/>\n<meta property=\"og:image\" content=\"http:\/\/cmm.imgw.pl\/wp-content\/uploads\/2023\/06\/word-image-31826-1.png\" \/>\n\t<meta property=\"og:image:width\" content=\"1208\" \/>\n\t<meta property=\"og:image:height\" content=\"671\" \/>\n\t<meta property=\"og:image:type\" content=\"image\/png\" \/>\n<meta name=\"twitter:card\" content=\"summary_large_image\" \/>\n<meta name=\"twitter:title\" content=\"#AkademiaCMM - Zachmurzenie\" \/>\n<meta name=\"twitter:description\" content=\"W ka\u017cdym pi\u0119trze mog\u0105 tworzy\u0107 si\u0119 chmury, kt\u00f3re b\u0119d\u0105 pokrywa\u0107 jaki\u015b fragment sklepienia niebieskiego. Zachmurzenie og\u00f3lne stanowi zachmurzenie \u0142\u0105czne wszystkich chmur wyst\u0119puj\u0105cych na niebie. Nale\u017cy podkre\u015bli\u0107, \u017ce suma zachmurzenie chmur poszczeg\u00f3lnych pi\u0119ter nie b\u0119dzie r\u00f3wna\u0142a si\u0119 wielko\u015bci zachmurzenia og\u00f3lnego. Nie obowi\u0105zuje tutaj r\u00f3wno\u015b\u0107\" \/>\n<meta name=\"twitter:image\" content=\"https:\/\/cmm.imgw.pl\/wp-content\/uploads\/2023\/06\/word-image-31826-1.png\" \/>\n<meta name=\"twitter:site\" content=\"@IMGW_CMM\" \/>\n<meta name=\"twitter:label1\" content=\"Szacowany czas czytania\" \/>\n\t<meta name=\"twitter:data1\" content=\"14 minut\" \/>\n<script type=\"application\/ld+json\" class=\"yoast-schema-graph\">{\"@context\":\"https:\/\/schema.org\",\"@graph\":[{\"@type\":\"WebPage\",\"@id\":\"https:\/\/cmm.imgw.pl\/?page_id=31826\",\"url\":\"https:\/\/cmm.imgw.pl\/?page_id=31826\",\"name\":\"#AkademiaCMM - Zachmurzenie - Laboratorium Modelowania Meteorologicznego CMOK IMGW-PIB\",\"isPartOf\":{\"@id\":\"https:\/\/cmm.imgw.pl\/#website\"},\"datePublished\":\"2023-06-06T18:57:31+00:00\",\"dateModified\":\"2023-06-06T18:57:32+00:00\",\"description\":\"W ka\u017cdym pi\u0119trze mog\u0105 tworzy\u0107 si\u0119 chmury, kt\u00f3re b\u0119d\u0105 pokrywa\u0107 jaki\u015b fragment sklepienia niebieskiego. Zachmurzenie og\u00f3lne stanowi zachmurzenie \u0142\u0105czne wszystkich chmur wyst\u0119puj\u0105cych na niebie. Nale\u017cy podkre\u015bli\u0107, \u017ce suma zachmurzenie chmur poszczeg\u00f3lnych pi\u0119ter nie b\u0119dzie r\u00f3wna\u0142a si\u0119 wielko\u015bci zachmurzenia og\u00f3lnego. Nie obowi\u0105zuje tutaj r\u00f3wno\u015b\u0107.\",\"breadcrumb\":{\"@id\":\"https:\/\/cmm.imgw.pl\/?page_id=31826#breadcrumb\"},\"inLanguage\":\"pl-PL\",\"potentialAction\":[{\"@type\":\"ReadAction\",\"target\":[\"https:\/\/cmm.imgw.pl\/?page_id=31826\"]}]},{\"@type\":\"BreadcrumbList\",\"@id\":\"https:\/\/cmm.imgw.pl\/?page_id=31826#breadcrumb\",\"itemListElement\":[{\"@type\":\"ListItem\",\"position\":1,\"name\":\"Home\",\"item\":\"https:\/\/cmm.imgw.pl\/\"},{\"@type\":\"ListItem\",\"position\":2,\"name\":\"#AkademiaCMM &#8211; Zachmurzenie\"}]},{\"@type\":\"WebSite\",\"@id\":\"https:\/\/cmm.imgw.pl\/#website\",\"url\":\"https:\/\/cmm.imgw.pl\/\",\"name\":\"Laboratorium Modelowania Meteorologicznego CMOK IMGW-PIB\",\"description\":\"CMOK-LMM Laboratorium pe\u0142ni pa\u0144stwow\u0105 s\u0142u\u017cb\u0119 hydrologiczno-meteorologiczn\u0105 w zakresie numerycznych prognoz pogody, kt\u00f3rego zadaniem jest konsolidacja kompetencji w obszarze modelowania zjawisk pogodowych oraz dalszego rozwoju numerycznych modeli pogody (NMP).\",\"publisher\":{\"@id\":\"https:\/\/cmm.imgw.pl\/#organization\"},\"potentialAction\":[{\"@type\":\"SearchAction\",\"target\":{\"@type\":\"EntryPoint\",\"urlTemplate\":\"https:\/\/cmm.imgw.pl\/?s={search_term_string}\"},\"query-input\":\"required name=search_term_string\"}],\"inLanguage\":\"pl-PL\"},{\"@type\":\"Organization\",\"@id\":\"https:\/\/cmm.imgw.pl\/#organization\",\"name\":\"Laboratorium Modelowania Meteorologicznego CMOK IMGW-PIB\",\"url\":\"https:\/\/cmm.imgw.pl\/\",\"sameAs\":[\"https:\/\/www.facebook.com\/Meteoimgw\/\",\"https:\/\/twitter.com\/IMGW_CMM\"],\"logo\":{\"@type\":\"ImageObject\",\"inLanguage\":\"pl-PL\",\"@id\":\"https:\/\/cmm.imgw.pl\/#\/schema\/logo\/image\/\",\"url\":\"https:\/\/cmm.imgw.pl\/wp-content\/uploads\/2025\/10\/MODELE_LOGO_UNIFIKACJA_v2.png\",\"contentUrl\":\"https:\/\/cmm.imgw.pl\/wp-content\/uploads\/2025\/10\/MODELE_LOGO_UNIFIKACJA_v2.png\",\"width\":1356,\"height\":365,\"caption\":\"Laboratorium Modelowania Meteorologicznego CMOK IMGW-PIB\"},\"image\":{\"@id\":\"https:\/\/cmm.imgw.pl\/#\/schema\/logo\/image\/\"}}]}<\/script>\n<!-- \/ Yoast SEO plugin. -->","yoast_head_json":{"title":"#AkademiaCMM - Zachmurzenie - Laboratorium Modelowania Meteorologicznego CMOK IMGW-PIB","description":"W ka\u017cdym pi\u0119trze mog\u0105 tworzy\u0107 si\u0119 chmury, kt\u00f3re b\u0119d\u0105 pokrywa\u0107 jaki\u015b fragment sklepienia niebieskiego. Zachmurzenie og\u00f3lne stanowi zachmurzenie \u0142\u0105czne wszystkich chmur wyst\u0119puj\u0105cych na niebie. Nale\u017cy podkre\u015bli\u0107, \u017ce suma zachmurzenie chmur poszczeg\u00f3lnych pi\u0119ter nie b\u0119dzie r\u00f3wna\u0142a si\u0119 wielko\u015bci zachmurzenia og\u00f3lnego. Nie obowi\u0105zuje tutaj r\u00f3wno\u015b\u0107.","robots":{"index":"index","follow":"follow","max-snippet":"max-snippet:-1","max-image-preview":"max-image-preview:large","max-video-preview":"max-video-preview:-1"},"canonical":"https:\/\/cmm.imgw.pl\/?page_id=31826","og_locale":"pl_PL","og_type":"article","og_title":"#AkademiaCMM - Zachmurzenie","og_description":"W ka\u017cdym pi\u0119trze mog\u0105 tworzy\u0107 si\u0119 chmury, kt\u00f3re b\u0119d\u0105 pokrywa\u0107 jaki\u015b fragment sklepienia niebieskiego. Zachmurzenie og\u00f3lne stanowi zachmurzenie \u0142\u0105czne wszystkich chmur wyst\u0119puj\u0105cych na niebie. Nale\u017cy podkre\u015bli\u0107, \u017ce suma zachmurzenie chmur poszczeg\u00f3lnych pi\u0119ter nie b\u0119dzie r\u00f3wna\u0142a si\u0119 wielko\u015bci zachmurzenia og\u00f3lnego. Nie obowi\u0105zuje tutaj r\u00f3wno\u015b\u0107","og_url":"https:\/\/cmm.imgw.pl\/?page_id=31826","og_site_name":"Laboratorium Modelowania Meteorologicznego CMOK IMGW-PIB","article_publisher":"https:\/\/www.facebook.com\/Meteoimgw\/","article_modified_time":"2023-06-06T18:57:32+00:00","og_image":[{"width":1208,"height":671,"url":"http:\/\/cmm.imgw.pl\/wp-content\/uploads\/2023\/06\/word-image-31826-1.png","type":"image\/png"}],"twitter_card":"summary_large_image","twitter_title":"#AkademiaCMM - Zachmurzenie","twitter_description":"W ka\u017cdym pi\u0119trze mog\u0105 tworzy\u0107 si\u0119 chmury, kt\u00f3re b\u0119d\u0105 pokrywa\u0107 jaki\u015b fragment sklepienia niebieskiego. Zachmurzenie og\u00f3lne stanowi zachmurzenie \u0142\u0105czne wszystkich chmur wyst\u0119puj\u0105cych na niebie. Nale\u017cy podkre\u015bli\u0107, \u017ce suma zachmurzenie chmur poszczeg\u00f3lnych pi\u0119ter nie b\u0119dzie r\u00f3wna\u0142a si\u0119 wielko\u015bci zachmurzenia og\u00f3lnego. Nie obowi\u0105zuje tutaj r\u00f3wno\u015b\u0107","twitter_image":"https:\/\/cmm.imgw.pl\/wp-content\/uploads\/2023\/06\/word-image-31826-1.png","twitter_site":"@IMGW_CMM","twitter_misc":{"Szacowany czas czytania":"14 minut"},"schema":{"@context":"https:\/\/schema.org","@graph":[{"@type":"WebPage","@id":"https:\/\/cmm.imgw.pl\/?page_id=31826","url":"https:\/\/cmm.imgw.pl\/?page_id=31826","name":"#AkademiaCMM - Zachmurzenie - Laboratorium Modelowania Meteorologicznego CMOK IMGW-PIB","isPartOf":{"@id":"https:\/\/cmm.imgw.pl\/#website"},"datePublished":"2023-06-06T18:57:31+00:00","dateModified":"2023-06-06T18:57:32+00:00","description":"W ka\u017cdym pi\u0119trze mog\u0105 tworzy\u0107 si\u0119 chmury, kt\u00f3re b\u0119d\u0105 pokrywa\u0107 jaki\u015b fragment sklepienia niebieskiego. Zachmurzenie og\u00f3lne stanowi zachmurzenie \u0142\u0105czne wszystkich chmur wyst\u0119puj\u0105cych na niebie. Nale\u017cy podkre\u015bli\u0107, \u017ce suma zachmurzenie chmur poszczeg\u00f3lnych pi\u0119ter nie b\u0119dzie r\u00f3wna\u0142a si\u0119 wielko\u015bci zachmurzenia og\u00f3lnego. Nie obowi\u0105zuje tutaj r\u00f3wno\u015b\u0107.","breadcrumb":{"@id":"https:\/\/cmm.imgw.pl\/?page_id=31826#breadcrumb"},"inLanguage":"pl-PL","potentialAction":[{"@type":"ReadAction","target":["https:\/\/cmm.imgw.pl\/?page_id=31826"]}]},{"@type":"BreadcrumbList","@id":"https:\/\/cmm.imgw.pl\/?page_id=31826#breadcrumb","itemListElement":[{"@type":"ListItem","position":1,"name":"Home","item":"https:\/\/cmm.imgw.pl\/"},{"@type":"ListItem","position":2,"name":"#AkademiaCMM &#8211; Zachmurzenie"}]},{"@type":"WebSite","@id":"https:\/\/cmm.imgw.pl\/#website","url":"https:\/\/cmm.imgw.pl\/","name":"Laboratorium Modelowania Meteorologicznego CMOK IMGW-PIB","description":"CMOK-LMM Laboratorium pe\u0142ni pa\u0144stwow\u0105 s\u0142u\u017cb\u0119 hydrologiczno-meteorologiczn\u0105 w zakresie numerycznych prognoz pogody, kt\u00f3rego zadaniem jest konsolidacja kompetencji w obszarze modelowania zjawisk pogodowych oraz dalszego rozwoju numerycznych modeli pogody (NMP).","publisher":{"@id":"https:\/\/cmm.imgw.pl\/#organization"},"potentialAction":[{"@type":"SearchAction","target":{"@type":"EntryPoint","urlTemplate":"https:\/\/cmm.imgw.pl\/?s={search_term_string}"},"query-input":"required name=search_term_string"}],"inLanguage":"pl-PL"},{"@type":"Organization","@id":"https:\/\/cmm.imgw.pl\/#organization","name":"Laboratorium Modelowania Meteorologicznego CMOK IMGW-PIB","url":"https:\/\/cmm.imgw.pl\/","sameAs":["https:\/\/www.facebook.com\/Meteoimgw\/","https:\/\/twitter.com\/IMGW_CMM"],"logo":{"@type":"ImageObject","inLanguage":"pl-PL","@id":"https:\/\/cmm.imgw.pl\/#\/schema\/logo\/image\/","url":"https:\/\/cmm.imgw.pl\/wp-content\/uploads\/2025\/10\/MODELE_LOGO_UNIFIKACJA_v2.png","contentUrl":"https:\/\/cmm.imgw.pl\/wp-content\/uploads\/2025\/10\/MODELE_LOGO_UNIFIKACJA_v2.png","width":1356,"height":365,"caption":"Laboratorium Modelowania Meteorologicznego CMOK IMGW-PIB"},"image":{"@id":"https:\/\/cmm.imgw.pl\/#\/schema\/logo\/image\/"}}]}},"_links":{"self":[{"href":"https:\/\/cmm.imgw.pl\/index.php?rest_route=\/wp\/v2\/pages\/31826"}],"collection":[{"href":"https:\/\/cmm.imgw.pl\/index.php?rest_route=\/wp\/v2\/pages"}],"about":[{"href":"https:\/\/cmm.imgw.pl\/index.php?rest_route=\/wp\/v2\/types\/page"}],"author":[{"embeddable":true,"href":"https:\/\/cmm.imgw.pl\/index.php?rest_route=\/wp\/v2\/users\/3"}],"replies":[{"embeddable":true,"href":"https:\/\/cmm.imgw.pl\/index.php?rest_route=%2Fwp%2Fv2%2Fcomments&post=31826"}],"version-history":[{"count":1,"href":"https:\/\/cmm.imgw.pl\/index.php?rest_route=\/wp\/v2\/pages\/31826\/revisions"}],"predecessor-version":[{"id":31837,"href":"https:\/\/cmm.imgw.pl\/index.php?rest_route=\/wp\/v2\/pages\/31826\/revisions\/31837"}],"wp:featuredmedia":[{"embeddable":true,"href":"https:\/\/cmm.imgw.pl\/index.php?rest_route=\/wp\/v2\/media\/31827"}],"wp:attachment":[{"href":"https:\/\/cmm.imgw.pl\/index.php?rest_route=%2Fwp%2Fv2%2Fmedia&parent=31826"}],"curies":[{"name":"wp","href":"https:\/\/api.w.org\/{rel}","templated":true}]}}