{"id":19631,"date":"2022-12-04T10:38:15","date_gmt":"2022-12-04T09:38:15","guid":{"rendered":"https:\/\/cmm.imgw.pl\/?page_id=19631"},"modified":"2022-12-04T18:52:13","modified_gmt":"2022-12-04T17:52:13","slug":"serwis-wideo-wrf-gfs-medium-europa","status":"publish","type":"page","link":"https:\/\/cmm.imgw.pl\/?page_id=19631","title":{"rendered":"SERWIS WIDEO &#8211; WRF GFS MEDIUM EUROPA"},"content":{"rendered":"\t\t<div data-elementor-type=\"wp-page\" data-elementor-id=\"19631\" class=\"elementor elementor-19631\">\n\t\t\t\t\t\t\t\t\t<section class=\"elementor-section elementor-top-section elementor-element elementor-element-31e5f77 elementor-section-boxed elementor-section-height-default elementor-section-height-default\" data-id=\"31e5f77\" data-element_type=\"section\">\n\t\t\t\t\t\t<div class=\"elementor-container elementor-column-gap-default\">\n\t\t\t\t\t<div class=\"elementor-column elementor-col-100 elementor-top-column elementor-element elementor-element-708b05a\" data-id=\"708b05a\" data-element_type=\"column\">\n\t\t\t<div class=\"elementor-widget-wrap elementor-element-populated\">\n\t\t\t\t\t\t\t\t<div class=\"elementor-element elementor-element-6c2cba3 elementor-widget__width-initial elementor-widget elementor-widget-html\" data-id=\"6c2cba3\" data-element_type=\"widget\" data-widget_type=\"html.default\">\n\t\t\t\t<div class=\"elementor-widget-container\">\n\t\t\t<html>\n<head>\n    <meta name=\"viewport\" content=\"width=device-width, initial-scale=1\">\n<\/head>\n\n<body>\n<style>\n    .topnavDay {\n  text-align: center;\n  overflow: hidden;\n  font-size: calc(0.8rem + 1vw);\n  text-decoration: none;\n}\n\n}\n<\/style>\n<div class=\"topnavDay\">\n<a href=\"#temperatura\"> TEMP2M | <\/a> \n<a href=\"#TEMPD\"> TEMPD | <\/a> \n<a href=\"#TSURF\"> TSURF | <\/a>\n<a href=\"#TEMPCH\"> TEMPCH | <\/a> \n<a href=\"#PRECIP\"> PRECIP | <\/a> \n<a href=\"#RAIN\"> RAIN <\/a>\n<a href=\"#SNOW\"> SNOW | <\/a> \n<a href=\"#CLOUD\"> CLOUD | <\/a> \n<a href=\"#RHUM2M\"> RHUM2M |<\/a>\n<a href=\"#PRES\"> PRES |<\/a>\n<a href=\"#MSOIL10\"> MSOIL10 |<\/a>\n<a href=\"#CLOUDH\"> CLOUD H |<\/a>\n<a href=\"#CLOUDM\"> CLOUD M |<\/a>\n<a href=\"#CLOUDL\"> CLOUD L |<\/a>\n<a href=\"#WIND10M\"> WIND10M |<\/a>\n<a href=\"#WGUST\"> WGUST |<\/a>\n<a href=\"#SWDOWN\"> SWDOWN |<\/a>\n\n<br>\n<p><\/p>\n<p><\/p>\n<\/div>\n\n\n<div id=\"temperatura\"><\/div> \n\n<h2 style=\"text-align: center;\">TEMP2M<\/h2>\n\n<video width=\"640\" height=\"640\" controls=\"controls\" muted >\n  <source src=\"\/cmm\/wp-content\/uploads\/production\/wrf\/WRF_GFS_MEDIUM\/EUROPA\/WRF_EUROPA_MEDIUM_TEMP2M_GFS_00z_2022-12-03_00.mp4\" type=\"video\/mp4\">\n<\/video>\n<p><\/p>\n\n\n\n<div id=\"TEMPD\"><\/div>\n<h2 style=\"text-align: center;\">TEMPD<\/h2>\n<video width=\"640\" height=\"640\" controls=\"controls\" muted>\n  <source src=\"\/cmm\/wp-content\/uploads\/production\/wrf\/WRF_GFS_MEDIUM\/EUROPA\/WRF_EUROPA_MEDIUM_TEMPD_GFS_00z_2022-12-03_00.mp4\" type=\"video\/mp4\">\n<\/video>\n<p><\/p>\n\n\n\n\n<div id=\"TSURF\"><\/div>\n<h2 style=\"text-align: center;\">TSURF<\/h2>\n<video width=\"640\" height=\"640\" controls=\"controls\" muted>\n  <source src=\"\/cmm\/wp-content\/uploads\/production\/wrf\/WRF_GFS_MEDIUM\/EUROPA\/WRF_EUROPA_MEDIUM_TSURF_GFS_00z_2022-12-03_00.mp4\" type=\"video\/mp4\">\n<\/video>\n<p><\/p>\n\n\n\n<div id=\"TSURF\"><\/div>\n<h2 style=\"text-align: center;\">TEMPCH<\/h2>\n<video width=\"640\" height=\"640\" controls=\"controls\" muted>\n  <source src=\"\/cmm\/wp-content\/uploads\/production\/wrf\/WRF_GFS_MEDIUM\/EUROPA\/WRF_EUROPA_MEDIUM_TEMPCH_GFS_00z_2022-12-03_00.mp4\" type=\"video\/mp4\">\n<\/video>\n<p><\/p>\n\n\n\n\n<div id=\"PRECIP\"><\/div>\n<h2 style=\"text-align: center;\">PRECIP<\/h2>\n<video width=\"640\" height=\"640\" controls=\"controls\" muted>\n  <source src=\"\/cmm\/wp-content\/uploads\/production\/wrf\/WRF_GFS_MEDIUM\/EUROPA\/WRF_EUROPA_MEDIUM_PRECIP_GFS_00z_2022-12-03_00.mp4\" type=\"video\/mp4\">\n<\/video>\n<p><\/p>\n\n\n\n\n<div id=\"RAIN\"><\/div>\n<h2 style=\"text-align: center;\">RAIN<\/h2>\n<video width=\"640\" height=\"640\" controls=\"controls\" muted>\n  <source src=\"\/cmm\/wp-content\/uploads\/production\/wrf\/WRF_GFS_MEDIUM\/EUROPA\/WRF_EUROPA_MEDIUM_RAIN_GFS_00z_2022-12-03_00.mp4\" type=\"video\/mp4\">\n<\/video>\n<p><\/p>\n\n\n\n\n\n<div id=\"SNOW\"><\/div>\n<h2 style=\"text-align: center;\">SNOW<\/h2>\n<video width=\"640\" height=\"640\" controls=\"controls\" muted>\n  <source src=\"\/cmm\/wp-content\/uploads\/production\/wrf\/WRF_GFS_MEDIUM\/EUROPA\/WRF_EUROPA_MEDIUM_SNOW_GFS_00z_2022-12-03_00.mp4\" type=\"video\/mp4\">\n<\/video>\n<p><\/p>\n\n\n\n\n\n<div id=\"CLOUD\"><\/div>\n<h2 style=\"text-align: center;\">CLOUD<\/h2>\n<video width=\"640\" height=\"640\" controls=\"controls\" muted>\n  <source src=\"\/cmm\/wp-content\/uploads\/production\/wrf\/WRF_GFS_MEDIUM\/EUROPA\/WRF_EUROPA_MEDIUM_CLOUD_GFS_00z_2022-12-03_00.mp4\" type=\"video\/mp4\">\n<\/video>\n<p><\/p>\n\n\n<div id=\"RHUM2M\"><\/div>\n<h2 style=\"text-align: center;\">RHUM2M<\/h2>\n<video width=\"640\" height=\"640\" controls=\"controls\">\n  <source src=\"\/cmm\/wp-content\/uploads\/production\/wrf\/WRF_GFS_MEDIUM\/EUROPA\/WRF_EUROPA_MEDIUM_RHUM2M_GFS_00z_2022-12-03_00.mp4\" type=\"video\/mp4\">\n<\/video>\n<p><\/p>\n\n\n<div id=\"PRES\"><\/div>\n<h2 style=\"text-align: center;\">PRES<\/h2>\n<video width=\"640\" height=\"640\" controls=\"controls\" muted>\n  <source src=\"\/cmm\/wp-content\/uploads\/production\/wrf\/WRF_GFS_MEDIUM\/EUROPA\/WRF_EUROPA_MEDIUM_PRES_GFS_00z_2022-12-03_00.mp4\" type=\"video\/mp4\">\n<\/video>\n<p><\/p>\n\n\n<div id=\"MSOIL10\"><\/div>\n<h2 style=\"text-align: center;\">MSOIL10<\/h2>\n<video width=\"640\" height=\"640\" controls=\"controls\" muted>\n      <source src=\"\/cmm\/wp-content\/uploads\/production\/wrf\/WRF_GFS_MEDIUM\/EUROPA\/WRF_EUROPA_MEDIUM_MSOIL10_GFS_00z_2022-12-03_00.mp4\" type=\"video\/mp4\">\n<\/video>\n<p><\/p>\n\n\n<div id=\"CLOUDH\"><\/div>\n<h2 style=\"text-align: center;\">CLOUD H<\/h2>\n<video width=\"640\" height=\"640\" controls=\"controls\" muted>\n  <source src=\"\/cmm\/wp-content\/uploads\/production\/wrf\/WRF_GFS_MEDIUM\/EUROPA\/WRF_EUROPA_MEDIUM_CLOUD_H_GFS_00z_2022-12-03_00.mp4\" type=\"video\/mp4\">\n<\/video>\n<p><\/p>\n\n<div id=\"CLOUDM\"><\/div>\n<h2 style=\"text-align: center;\">CLOUD M<\/h2>\n<video width=\"640\" height=\"640\" controls=\"controls\" muted>\n  <source src=\"\/cmm\/wp-content\/uploads\/production\/wrf\/WRF_GFS_MEDIUM\/EUROPA\/WRF_EUROPA_MEDIUM_CLOUD_M_GFS_00z_2022-12-03_00.mp4\" type=\"video\/mp4\">\n<\/video>\n<p><\/p>\n\n<div id=\"CLOUDL\"><\/div>\n<h2 style=\"text-align: center;\">CLOUD L<\/h2>\n<video width=\"640\" height=\"640\" controls=\"controls\" muted>\n  <source src=\"\/cmm\/wp-content\/uploads\/production\/wrf\/WRF_GFS_MEDIUM\/EUROPA\/WRF_EUROPA_MEDIUM_CLOUD_L_GFS_00z_2022-12-03_00.mp4\" type=\"video\/mp4\">\n<\/video>\n<p><\/p>\n\n\n<div id=\"WIND10M\"><\/div>\n<h2 style=\"text-align: center;\">WIND 10M<\/h2>\n<video width=\"640\" height=\"640\" controls=\"controls\" muted>\n  <source src=\"\/cmm\/wp-content\/uploads\/production\/wrf\/WRF_GFS_MEDIUM\/EUROPA\/WRF_EUROPA_MEDIUM_WIND10M_GFS_00z_2022-12-03_00.mp4\" type=\"video\/mp4\">\n<\/video>\n<p><\/p>\n\n\n<div id=\"WGUST\"><\/div>\n<h2 style=\"text-align: center;\">WGUST<\/h2>\n<video width=\"640\" height=\"640\" controls=\"controls\" muted>\n  <source src=\"\/cmm\/wp-content\/uploads\/production\/wrf\/WRF_GFS_MEDIUM\/EUROPA\/WRF_EUROPA_MEDIUM_WGUST_GFS_00z_2022-12-03_00.mp4\" type=\"video\/mp4\">\n<\/video>\n<p><\/p>\n\n<div id=\"SWDOWN\"><\/div>\n<h2 style=\"text-align: center;\">SWDOWN<\/h2>\n<video width=\"640\" height=\"640\" controls=\"controls\" muted>\n  <source src=\"\/cmm\/wp-content\/uploads\/production\/wrf\/WRF_GFS_MEDIUM\/EUROPA\/WRF_EUROPA_MEDIUM_SWDOWN_GFS_00z_2022-12-03_00.mp4\" type=\"video\/mp4\">\n<\/video>\n<p><\/p>\n\t\t<\/div>\n\t\t\t\t<\/div>\n\t\t\t\t\t<\/div>\n\t\t<\/div>\n\t\t\t\t\t\t\t<\/div>\n\t\t<\/section>\n\t\t\t\t<section class=\"elementor-section elementor-top-section elementor-element elementor-element-fe927f6 elementor-section-boxed elementor-section-height-default elementor-section-height-default\" data-id=\"fe927f6\" data-element_type=\"section\">\n\t\t\t\t\t\t<div class=\"elementor-container elementor-column-gap-default\">\n\t\t\t\t\t<div class=\"elementor-column elementor-col-100 elementor-top-column elementor-element elementor-element-21ef46e\" data-id=\"21ef46e\" data-element_type=\"column\">\n\t\t\t<div class=\"elementor-widget-wrap elementor-element-populated\">\n\t\t\t\t\t\t\t\t<div class=\"elementor-element elementor-element-633fc85 elementor-widget-divider--view-line_text elementor-widget-divider--element-align-center elementor-widget elementor-widget-divider\" data-id=\"633fc85\" data-element_type=\"widget\" data-widget_type=\"divider.default\">\n\t\t\t\t<div class=\"elementor-widget-container\">\n\t\t\t<style>\/*! elementor - v3.12.1 - 02-04-2023 *\/\n.elementor-widget-divider{--divider-border-style:none;--divider-border-width:1px;--divider-color:#0c0d0e;--divider-icon-size:20px;--divider-element-spacing:10px;--divider-pattern-height:24px;--divider-pattern-size:20px;--divider-pattern-url:none;--divider-pattern-repeat:repeat-x}.elementor-widget-divider .elementor-divider{display:flex}.elementor-widget-divider .elementor-divider__text{font-size:15px;line-height:1;max-width:95%}.elementor-widget-divider .elementor-divider__element{margin:0 var(--divider-element-spacing);flex-shrink:0}.elementor-widget-divider .elementor-icon{font-size:var(--divider-icon-size)}.elementor-widget-divider .elementor-divider-separator{display:flex;margin:0;direction:ltr}.elementor-widget-divider--view-line_icon .elementor-divider-separator,.elementor-widget-divider--view-line_text .elementor-divider-separator{align-items:center}.elementor-widget-divider--view-line_icon .elementor-divider-separator:after,.elementor-widget-divider--view-line_icon .elementor-divider-separator:before,.elementor-widget-divider--view-line_text .elementor-divider-separator:after,.elementor-widget-divider--view-line_text .elementor-divider-separator:before{display:block;content:\"\";border-bottom:0;flex-grow:1;border-top:var(--divider-border-width) var(--divider-border-style) var(--divider-color)}.elementor-widget-divider--element-align-left .elementor-divider .elementor-divider-separator>.elementor-divider__svg:first-of-type{flex-grow:0;flex-shrink:100}.elementor-widget-divider--element-align-left .elementor-divider-separator:before{content:none}.elementor-widget-divider--element-align-left .elementor-divider__element{margin-left:0}.elementor-widget-divider--element-align-right .elementor-divider .elementor-divider-separator>.elementor-divider__svg:last-of-type{flex-grow:0;flex-shrink:100}.elementor-widget-divider--element-align-right .elementor-divider-separator:after{content:none}.elementor-widget-divider--element-align-right .elementor-divider__element{margin-right:0}.elementor-widget-divider:not(.elementor-widget-divider--view-line_text):not(.elementor-widget-divider--view-line_icon) .elementor-divider-separator{border-top:var(--divider-border-width) var(--divider-border-style) var(--divider-color)}.elementor-widget-divider--separator-type-pattern{--divider-border-style:none}.elementor-widget-divider--separator-type-pattern.elementor-widget-divider--view-line .elementor-divider-separator,.elementor-widget-divider--separator-type-pattern:not(.elementor-widget-divider--view-line) .elementor-divider-separator:after,.elementor-widget-divider--separator-type-pattern:not(.elementor-widget-divider--view-line) .elementor-divider-separator:before,.elementor-widget-divider--separator-type-pattern:not([class*=elementor-widget-divider--view]) .elementor-divider-separator{width:100%;min-height:var(--divider-pattern-height);-webkit-mask-size:var(--divider-pattern-size) 100%;mask-size:var(--divider-pattern-size) 100%;-webkit-mask-repeat:var(--divider-pattern-repeat);mask-repeat:var(--divider-pattern-repeat);background-color:var(--divider-color);-webkit-mask-image:var(--divider-pattern-url);mask-image:var(--divider-pattern-url)}.elementor-widget-divider--no-spacing{--divider-pattern-size:auto}.elementor-widget-divider--bg-round{--divider-pattern-repeat:round}.rtl .elementor-widget-divider .elementor-divider__text{direction:rtl}.e-con-inner>.elementor-widget-divider,.e-con>.elementor-widget-divider{width:var(--container-widget-width,100%);--flex-grow:var(--container-widget-flex-grow)}<\/style>\t\t<div class=\"elementor-divider\">\n\t\t\t<span class=\"elementor-divider-separator\">\n\t\t\t\t\t\t\t<h2 class=\"elementor-divider__text elementor-divider__element\">\n\t\t\t\tUDOST\u0118PNIJ STRON\u0118\t\t\t\t<\/h2>\n\t\t\t\t\t\t<\/span>\n\t\t<\/div>\n\t\t\t\t<\/div>\n\t\t\t\t<\/div>\n\t\t\t\t<section class=\"elementor-section elementor-inner-section elementor-element elementor-element-04074da elementor-section-boxed elementor-section-height-default elementor-section-height-default\" data-id=\"04074da\" data-element_type=\"section\">\n\t\t\t\t\t\t<div class=\"elementor-container elementor-column-gap-default\">\n\t\t\t\t\t<div class=\"elementor-column elementor-col-100 elementor-inner-column elementor-element elementor-element-85df212\" data-id=\"85df212\" data-element_type=\"column\">\n\t\t\t<div class=\"elementor-widget-wrap\">\n\t\t\t\t\t\t\t\t\t<\/div>\n\t\t<\/div>\n\t\t\t\t\t\t\t<\/div>\n\t\t<\/section>\n\t\t\t\t\t<\/div>\n\t\t<\/div>\n\t\t\t\t\t\t\t<\/div>\n\t\t<\/section>\n\t\t\t\t\t\t\t<\/div>\n\t\t","protected":false},"excerpt":{"rendered":"<p>TEMP2M | TEMPD | TSURF | TEMPCH | PRECIP | RAIN SNOW | CLOUD | RHUM2M | PRES | MSOIL10 | CLOUD H | CLOUD M | CLOUD L | WIND10M | WGUST | SWDOWN | TEMP2M TEMPD TSURF TEMPCH PRECIP RAIN SNOW CLOUD RHUM2M PRES MSOIL10 CLOUD H CLOUD M CLOUD L WIND 10M [&hellip;]<\/p>\n","protected":false},"author":3,"featured_media":0,"parent":0,"menu_order":0,"comment_status":"closed","ping_status":"closed","template":"elementor_theme","meta":{"ocean_post_layout":"","ocean_both_sidebars_style":"","ocean_both_sidebars_content_width":0,"ocean_both_sidebars_sidebars_width":0,"ocean_sidebar":"0","ocean_second_sidebar":"0","ocean_disable_margins":"enable","ocean_add_body_class":"","ocean_shortcode_before_top_bar":"","ocean_shortcode_after_top_bar":"","ocean_shortcode_before_header":"","ocean_shortcode_after_header":"","ocean_has_shortcode":"produkty","ocean_shortcode_after_title":"","ocean_shortcode_before_footer_widgets":"","ocean_shortcode_after_footer_widgets":"","ocean_shortcode_before_footer_bottom":"","ocean_shortcode_after_footer_bottom":"","ocean_display_top_bar":"off","ocean_display_header":"off","ocean_header_style":"custom","ocean_center_header_left_menu":"0","ocean_custom_header_template":"2993","ocean_custom_logo":0,"ocean_custom_retina_logo":0,"ocean_custom_logo_max_width":0,"ocean_custom_logo_tablet_max_width":0,"ocean_custom_logo_mobile_max_width":0,"ocean_custom_logo_max_height":0,"ocean_custom_logo_tablet_max_height":0,"ocean_custom_logo_mobile_max_height":0,"ocean_header_custom_menu":"0","ocean_menu_typo_font_family":"0","ocean_menu_typo_font_subset":"","ocean_menu_typo_font_size":0,"ocean_menu_typo_font_size_tablet":0,"ocean_menu_typo_font_size_mobile":0,"ocean_menu_typo_font_size_unit":"px","ocean_menu_typo_font_weight":"","ocean_menu_typo_font_weight_tablet":"","ocean_menu_typo_font_weight_mobile":"","ocean_menu_typo_transform":"","ocean_menu_typo_transform_tablet":"","ocean_menu_typo_transform_mobile":"","ocean_menu_typo_line_height":0,"ocean_menu_typo_line_height_tablet":0,"ocean_menu_typo_line_height_mobile":0,"ocean_menu_typo_line_height_unit":"","ocean_menu_typo_spacing":0,"ocean_menu_typo_spacing_tablet":0,"ocean_menu_typo_spacing_mobile":0,"ocean_menu_typo_spacing_unit":"","ocean_menu_link_color":"","ocean_menu_link_color_hover":"","ocean_menu_link_color_active":"","ocean_menu_link_background":"","ocean_menu_link_hover_background":"","ocean_menu_link_active_background":"","ocean_menu_social_links_bg":"","ocean_menu_social_hover_links_bg":"","ocean_menu_social_links_color":"","ocean_menu_social_hover_links_color":"","ocean_disable_title":"default","ocean_disable_heading":"default","ocean_post_title":"","ocean_post_subheading":"","ocean_post_title_style":"","ocean_post_title_background_color":"","ocean_post_title_background":0,"ocean_post_title_bg_image_position":"","ocean_post_title_bg_image_attachment":"","ocean_post_title_bg_image_repeat":"","ocean_post_title_bg_image_size":"","ocean_post_title_height":0,"ocean_post_title_bg_overlay":0.5,"ocean_post_title_bg_overlay_color":"","ocean_disable_breadcrumbs":"default","ocean_breadcrumbs_color":"","ocean_breadcrumbs_separator_color":"","ocean_breadcrumbs_links_color":"","ocean_breadcrumbs_links_hover_color":"","ocean_display_footer_widgets":"default","ocean_display_footer_bottom":"default","ocean_custom_footer_template":"0"},"yoast_head":"<!-- This site is optimized with the Yoast SEO plugin v19.5.1 - https:\/\/yoast.com\/wordpress\/plugins\/seo\/ -->\n<title>SERWIS WIDEO - WRF GFS MEDIUM EUROPA - Laboratorium Modelowania Meteorologicznego CMOK IMGW-PIB<\/title>\n<meta name=\"robots\" content=\"index, follow, max-snippet:-1, max-image-preview:large, max-video-preview:-1\" \/>\n<link rel=\"canonical\" href=\"https:\/\/cmm.imgw.pl\/?page_id=19631\" \/>\n<meta property=\"og:locale\" content=\"pl_PL\" \/>\n<meta property=\"og:type\" content=\"article\" \/>\n<meta property=\"og:title\" content=\"SERWIS WIDEO - WRF GFS MEDIUM EUROPA - Laboratorium Modelowania Meteorologicznego CMOK IMGW-PIB\" \/>\n<meta property=\"og:description\" content=\"TEMP2M | TEMPD | TSURF | TEMPCH | PRECIP | RAIN SNOW | CLOUD | RHUM2M | PRES | MSOIL10 | CLOUD H | CLOUD M | CLOUD L | WIND10M | WGUST | SWDOWN | TEMP2M TEMPD TSURF TEMPCH PRECIP RAIN SNOW CLOUD RHUM2M PRES MSOIL10 CLOUD H CLOUD M CLOUD L WIND 10M [&hellip;]\" \/>\n<meta property=\"og:url\" content=\"https:\/\/cmm.imgw.pl\/?page_id=19631\" \/>\n<meta property=\"og:site_name\" content=\"Laboratorium Modelowania Meteorologicznego CMOK IMGW-PIB\" \/>\n<meta property=\"article:publisher\" content=\"https:\/\/www.facebook.com\/Meteoimgw\/\" \/>\n<meta property=\"article:modified_time\" content=\"2022-12-04T17:52:13+00:00\" \/>\n<meta property=\"og:image\" content=\"https:\/\/cmm.imgw.pl\/wp-content\/uploads\/2025\/10\/MODELE_LOGO_UNIFIKACJA_v2.png\" \/>\n\t<meta property=\"og:image:width\" content=\"1356\" \/>\n\t<meta property=\"og:image:height\" content=\"365\" \/>\n\t<meta property=\"og:image:type\" content=\"image\/png\" \/>\n<meta name=\"twitter:card\" content=\"summary_large_image\" \/>\n<meta name=\"twitter:site\" content=\"@IMGW_CMM\" \/>\n<meta name=\"twitter:label1\" content=\"Szacowany czas czytania\" \/>\n\t<meta name=\"twitter:data1\" content=\"1 minuta\" \/>\n<script type=\"application\/ld+json\" class=\"yoast-schema-graph\">{\"@context\":\"https:\/\/schema.org\",\"@graph\":[{\"@type\":\"WebPage\",\"@id\":\"https:\/\/cmm.imgw.pl\/?page_id=19631\",\"url\":\"https:\/\/cmm.imgw.pl\/?page_id=19631\",\"name\":\"SERWIS WIDEO - WRF GFS MEDIUM EUROPA - Laboratorium Modelowania Meteorologicznego CMOK IMGW-PIB\",\"isPartOf\":{\"@id\":\"https:\/\/cmm.imgw.pl\/#website\"},\"datePublished\":\"2022-12-04T09:38:15+00:00\",\"dateModified\":\"2022-12-04T17:52:13+00:00\",\"breadcrumb\":{\"@id\":\"https:\/\/cmm.imgw.pl\/?page_id=19631#breadcrumb\"},\"inLanguage\":\"pl-PL\",\"potentialAction\":[{\"@type\":\"ReadAction\",\"target\":[\"https:\/\/cmm.imgw.pl\/?page_id=19631\"]}]},{\"@type\":\"BreadcrumbList\",\"@id\":\"https:\/\/cmm.imgw.pl\/?page_id=19631#breadcrumb\",\"itemListElement\":[{\"@type\":\"ListItem\",\"position\":1,\"name\":\"Home\",\"item\":\"https:\/\/cmm.imgw.pl\/\"},{\"@type\":\"ListItem\",\"position\":2,\"name\":\"SERWIS WIDEO &#8211; WRF GFS MEDIUM EUROPA\"}]},{\"@type\":\"WebSite\",\"@id\":\"https:\/\/cmm.imgw.pl\/#website\",\"url\":\"https:\/\/cmm.imgw.pl\/\",\"name\":\"Laboratorium Modelowania Meteorologicznego CMOK IMGW-PIB\",\"description\":\"CMOK-LMM Laboratorium pe\u0142ni pa\u0144stwow\u0105 s\u0142u\u017cb\u0119 hydrologiczno-meteorologiczn\u0105 w zakresie numerycznych prognoz pogody, kt\u00f3rego zadaniem jest konsolidacja kompetencji w obszarze modelowania zjawisk pogodowych oraz dalszego rozwoju numerycznych modeli pogody (NMP).\",\"publisher\":{\"@id\":\"https:\/\/cmm.imgw.pl\/#organization\"},\"potentialAction\":[{\"@type\":\"SearchAction\",\"target\":{\"@type\":\"EntryPoint\",\"urlTemplate\":\"https:\/\/cmm.imgw.pl\/?s={search_term_string}\"},\"query-input\":\"required name=search_term_string\"}],\"inLanguage\":\"pl-PL\"},{\"@type\":\"Organization\",\"@id\":\"https:\/\/cmm.imgw.pl\/#organization\",\"name\":\"Laboratorium Modelowania Meteorologicznego CMOK IMGW-PIB\",\"url\":\"https:\/\/cmm.imgw.pl\/\",\"sameAs\":[\"https:\/\/www.facebook.com\/Meteoimgw\/\",\"https:\/\/twitter.com\/IMGW_CMM\"],\"logo\":{\"@type\":\"ImageObject\",\"inLanguage\":\"pl-PL\",\"@id\":\"https:\/\/cmm.imgw.pl\/#\/schema\/logo\/image\/\",\"url\":\"https:\/\/cmm.imgw.pl\/wp-content\/uploads\/2025\/10\/MODELE_LOGO_UNIFIKACJA_v2.png\",\"contentUrl\":\"https:\/\/cmm.imgw.pl\/wp-content\/uploads\/2025\/10\/MODELE_LOGO_UNIFIKACJA_v2.png\",\"width\":1356,\"height\":365,\"caption\":\"Laboratorium Modelowania Meteorologicznego CMOK IMGW-PIB\"},\"image\":{\"@id\":\"https:\/\/cmm.imgw.pl\/#\/schema\/logo\/image\/\"}}]}<\/script>\n<!-- \/ Yoast SEO plugin. -->","yoast_head_json":{"title":"SERWIS WIDEO - WRF GFS MEDIUM EUROPA - Laboratorium Modelowania Meteorologicznego CMOK IMGW-PIB","robots":{"index":"index","follow":"follow","max-snippet":"max-snippet:-1","max-image-preview":"max-image-preview:large","max-video-preview":"max-video-preview:-1"},"canonical":"https:\/\/cmm.imgw.pl\/?page_id=19631","og_locale":"pl_PL","og_type":"article","og_title":"SERWIS WIDEO - WRF GFS MEDIUM EUROPA - Laboratorium Modelowania Meteorologicznego CMOK IMGW-PIB","og_description":"TEMP2M | TEMPD | TSURF | TEMPCH | PRECIP | RAIN SNOW | CLOUD | RHUM2M | PRES | MSOIL10 | CLOUD H | CLOUD M | CLOUD L | WIND10M | WGUST | SWDOWN | TEMP2M TEMPD TSURF TEMPCH PRECIP RAIN SNOW CLOUD RHUM2M PRES MSOIL10 CLOUD H CLOUD M CLOUD L WIND 10M [&hellip;]","og_url":"https:\/\/cmm.imgw.pl\/?page_id=19631","og_site_name":"Laboratorium Modelowania Meteorologicznego CMOK IMGW-PIB","article_publisher":"https:\/\/www.facebook.com\/Meteoimgw\/","article_modified_time":"2022-12-04T17:52:13+00:00","og_image":[{"width":1356,"height":365,"url":"https:\/\/cmm.imgw.pl\/wp-content\/uploads\/2025\/10\/MODELE_LOGO_UNIFIKACJA_v2.png","type":"image\/png"}],"twitter_card":"summary_large_image","twitter_site":"@IMGW_CMM","twitter_misc":{"Szacowany czas czytania":"1 minuta"},"schema":{"@context":"https:\/\/schema.org","@graph":[{"@type":"WebPage","@id":"https:\/\/cmm.imgw.pl\/?page_id=19631","url":"https:\/\/cmm.imgw.pl\/?page_id=19631","name":"SERWIS WIDEO - WRF GFS MEDIUM EUROPA - Laboratorium Modelowania Meteorologicznego CMOK IMGW-PIB","isPartOf":{"@id":"https:\/\/cmm.imgw.pl\/#website"},"datePublished":"2022-12-04T09:38:15+00:00","dateModified":"2022-12-04T17:52:13+00:00","breadcrumb":{"@id":"https:\/\/cmm.imgw.pl\/?page_id=19631#breadcrumb"},"inLanguage":"pl-PL","potentialAction":[{"@type":"ReadAction","target":["https:\/\/cmm.imgw.pl\/?page_id=19631"]}]},{"@type":"BreadcrumbList","@id":"https:\/\/cmm.imgw.pl\/?page_id=19631#breadcrumb","itemListElement":[{"@type":"ListItem","position":1,"name":"Home","item":"https:\/\/cmm.imgw.pl\/"},{"@type":"ListItem","position":2,"name":"SERWIS WIDEO &#8211; WRF GFS MEDIUM EUROPA"}]},{"@type":"WebSite","@id":"https:\/\/cmm.imgw.pl\/#website","url":"https:\/\/cmm.imgw.pl\/","name":"Laboratorium Modelowania Meteorologicznego CMOK IMGW-PIB","description":"CMOK-LMM Laboratorium pe\u0142ni pa\u0144stwow\u0105 s\u0142u\u017cb\u0119 hydrologiczno-meteorologiczn\u0105 w zakresie numerycznych prognoz pogody, kt\u00f3rego zadaniem jest konsolidacja kompetencji w obszarze modelowania zjawisk pogodowych oraz dalszego rozwoju numerycznych modeli pogody (NMP).","publisher":{"@id":"https:\/\/cmm.imgw.pl\/#organization"},"potentialAction":[{"@type":"SearchAction","target":{"@type":"EntryPoint","urlTemplate":"https:\/\/cmm.imgw.pl\/?s={search_term_string}"},"query-input":"required name=search_term_string"}],"inLanguage":"pl-PL"},{"@type":"Organization","@id":"https:\/\/cmm.imgw.pl\/#organization","name":"Laboratorium Modelowania Meteorologicznego CMOK IMGW-PIB","url":"https:\/\/cmm.imgw.pl\/","sameAs":["https:\/\/www.facebook.com\/Meteoimgw\/","https:\/\/twitter.com\/IMGW_CMM"],"logo":{"@type":"ImageObject","inLanguage":"pl-PL","@id":"https:\/\/cmm.imgw.pl\/#\/schema\/logo\/image\/","url":"https:\/\/cmm.imgw.pl\/wp-content\/uploads\/2025\/10\/MODELE_LOGO_UNIFIKACJA_v2.png","contentUrl":"https:\/\/cmm.imgw.pl\/wp-content\/uploads\/2025\/10\/MODELE_LOGO_UNIFIKACJA_v2.png","width":1356,"height":365,"caption":"Laboratorium Modelowania Meteorologicznego CMOK IMGW-PIB"},"image":{"@id":"https:\/\/cmm.imgw.pl\/#\/schema\/logo\/image\/"}}]}},"_links":{"self":[{"href":"https:\/\/cmm.imgw.pl\/index.php?rest_route=\/wp\/v2\/pages\/19631"}],"collection":[{"href":"https:\/\/cmm.imgw.pl\/index.php?rest_route=\/wp\/v2\/pages"}],"about":[{"href":"https:\/\/cmm.imgw.pl\/index.php?rest_route=\/wp\/v2\/types\/page"}],"author":[{"embeddable":true,"href":"https:\/\/cmm.imgw.pl\/index.php?rest_route=\/wp\/v2\/users\/3"}],"replies":[{"embeddable":true,"href":"https:\/\/cmm.imgw.pl\/index.php?rest_route=%2Fwp%2Fv2%2Fcomments&post=19631"}],"version-history":[{"count":14,"href":"https:\/\/cmm.imgw.pl\/index.php?rest_route=\/wp\/v2\/pages\/19631\/revisions"}],"predecessor-version":[{"id":19646,"href":"https:\/\/cmm.imgw.pl\/index.php?rest_route=\/wp\/v2\/pages\/19631\/revisions\/19646"}],"wp:attachment":[{"href":"https:\/\/cmm.imgw.pl\/index.php?rest_route=%2Fwp%2Fv2%2Fmedia&parent=19631"}],"curies":[{"name":"wp","href":"https:\/\/api.w.org\/{rel}","templated":true}]}}